{"id":68,"date":"2024-07-18T09:10:27","date_gmt":"2024-07-18T09:10:27","guid":{"rendered":"https:\/\/informaticabalsi.com\/?page_id=68"},"modified":"2025-07-18T07:44:43","modified_gmt":"2025-07-18T07:44:43","slug":"inicio","status":"publish","type":"page","link":"https:\/\/informaticabalsi.com\/","title":{"rendered":"Inicio"},"content":{"rendered":"\t\t<div data-elementor-type=\"wp-page\" data-elementor-id=\"68\" class=\"elementor elementor-68\">\n\t\t\t\t<div class=\"elementor-element elementor-element-2bf4043 e-con-full elementor-hidden-tablet elementor-hidden-mobile e-flex e-con e-parent\" data-id=\"2bf4043\" data-element_type=\"container\" data-e-type=\"container\">\n\t\t<div class=\"elementor-element elementor-element-2078336 e-con-full e-flex e-con e-child\" data-id=\"2078336\" data-element_type=\"container\" data-e-type=\"container\" data-settings=\"{&quot;background_background&quot;:&quot;classic&quot;}\">\n\t\t<div class=\"elementor-element elementor-element-029c5e1 e-con-full e-flex e-con e-child\" data-id=\"029c5e1\" data-element_type=\"container\" data-e-type=\"container\">\n\t\t\t\t<div class=\"elementor-element elementor-element-bd9a6c6 elementor-invisible elementor-widget elementor-widget-image\" data-id=\"bd9a6c6\" data-element_type=\"widget\" data-e-type=\"widget\" data-settings=\"{&quot;_animation&quot;:&quot;fadeInLeft&quot;}\" data-widget_type=\"image.default\">\n\t\t\t\t<div class=\"elementor-widget-container\">\n\t\t\t\t\t\t\t\t\t\t\t\t\t\t\t<img fetchpriority=\"high\" decoding=\"async\" width=\"300\" height=\"225\" src=\"https:\/\/informaticabalsi.com\/wp-content\/uploads\/2024\/07\/mano.png\" class=\"attachment-large size-large wp-image-157\" alt=\"\" \/>\t\t\t\t\t\t\t\t\t\t\t\t\t\t\t<\/div>\n\t\t\t\t<\/div>\n\t\t\t\t<div class=\"elementor-element elementor-element-447efa6 elementor-hidden-mobile elementor-widget elementor-widget-text-editor\" data-id=\"447efa6\" data-element_type=\"widget\" data-e-type=\"widget\" data-widget_type=\"text-editor.default\">\n\t\t\t\t<div class=\"elementor-widget-container\">\n\t\t\t\t\t\t\t\t\t<p><span style=\"color: #000000;\"><b>Balsi servicios inform\u00e1ticos<\/b> inicia su actividad en el sector nuevas tecnolog\u00edas en Abril del 2.007 en Terrassa (Barcelona).<\/span><br><span style=\"color: #000000;\">Nuestro inicio fue dando servicio de programaci\u00f3n a otras empresas del sector, y poco despues dando servicios a nuestra propia cartera de clientes.<\/span><br><span style=\"color: #000000;\">Con el tiempo nos hemos especializado en programaci\u00f3n a medida para la gesti\u00f3n de empresas, facilitando sus tareas administrativas. Trabajamos con tecnologia visual para plataformas Microsoft Windows.<\/span><br><span style=\"color: #000000;\">Tambi\u00e9n hemos realizado p\u00e1ginas web, con las tecnologias HTML, ASP, PHP y como base de datos MySQL.Con el tiempo nos hemos adaptado a las nuevas t\u00e9cnologias de internet como es el HTML v5.00, CSS v3.00 y Javascript.<\/span><br><span style=\"color: #000000;\">En el sector del Hardware nuestros proveedores son los m\u00e1s inovadores del mercado. Ofreciendo hardware de alta calidad.<\/span><br><span style=\"color: #000000;\">Nos hemos especializado en sectores como las tarjetas de PVC, biometria para la seguridad e identificaci\u00f3n de las personas que acceden a los datos o lugares restringidos de las empresas, video vigilancia un sector cada d\u00eda en aumento en locales comerciales, oficinas, talleres y diferentes lugares de trabajo. Por \u00faltimo pero no menos importante tambien estamos especializados en TPV (Terminal Punto de Venta) para comercios.<\/span><\/p>\t\t\t\t\t\t\t\t<\/div>\n\t\t\t\t<\/div>\n\t\t\t\t<\/div>\n\t\t\t\t<\/div>\n\t\t<div class=\"elementor-element elementor-element-1b9f9e1 e-con-full e-flex e-con e-child\" data-id=\"1b9f9e1\" data-element_type=\"container\" data-e-type=\"container\">\n\t\t\t\t<div class=\"elementor-element elementor-element-545f1b5 elementor-hidden-mobile elementor-widget elementor-widget-text-editor\" data-id=\"545f1b5\" data-element_type=\"widget\" data-e-type=\"widget\" data-widget_type=\"text-editor.default\">\n\t\t\t\t<div class=\"elementor-widget-container\">\n\t\t\t\t\t\t\t\t\t<p><span style=\"color: #000000;\">Nos hemos especializado en sectores comolas tarjetas de PVC, biometr\u00eda para la seguridad e identificaci\u00f3n de las personas que acceden a los datos o lugares restringidos de las empresas, video vigilancia un sector cada d\u00eda en aumento en locales comerciales, oficinas, talleres y diferentes<\/span><br \/><span style=\"color: #000000;\">lugares de trabajo. Por \u00faltimo pero no menos importante tambien estamos especializados en TPV (Terminal Punto de Venta) para comercios.<\/span><\/p><p><span style=\"color: #000000;\"><strong>Servicios<\/strong><\/span><br \/><span style=\"color: #000000;\">Estudiamos sus necesidades para ofrecerle las mejores soluciones, tanto en Hardware como Software (programas a medida,<\/span><br \/><span style=\"color: #000000;\">p\u00e1ginas web): Mantenimiento de los PC&#8217;s, Impresoras y otros perifericos que tenga o adquiera para su<\/span><br \/><span style=\"color: #000000;\">empresa Venta de Hardware que requiera, nos indica que necesita y nosotros le damos la opci\u00f3n m\u00e1s idonea a su necesidad. Programaci\u00f3n de programas a medida para solucionarle sus tareas administrativas y control de producci\u00f3n de su empresa<\/span><br \/><span style=\"color: #000000;\">P\u00e1ginas web, dise\u00f1amos, programamos y publicamos su web, tambien si lo requiere le mantenemos la web<\/span><br \/><span style=\"color: #000000;\">Montamos y configuramos intranet para su empresa con acceso a internet, tambien VPN\u00b4s y dispositivos de red inhalambricos. Le asesoraremos con la mejor opci\u00f3n para su sistema de video vigilancia. Realizamos<\/span><br \/><span style=\"color: #000000;\">tambien la instalaci\u00f3n y configuraci\u00f3n de todo el sistema, usted solo tiene que solicitarlo y nosotros realizamos todo lo dem\u00e1s<\/span><br \/><span style=\"color: #000000;\">Disponemos de taller para reparaciones y servicio t\u00e9cnico tel\u00e9fonico<\/span><\/p>\t\t\t\t\t\t\t\t<\/div>\n\t\t\t\t<\/div>\n\t\t\t\t<\/div>\n\t\t\t\t<\/div>\n\t\t\t\t<\/div>\n\t\t","protected":false},"excerpt":{"rendered":"<p>Balsi servicios inform\u00e1ticos inicia su actividad en el sector nuevas tecnolog\u00edas en Abril del 2.007 en Terrassa (Barcelona).Nuestro inicio fue dando servicio de programaci\u00f3n a otras empresas del sector, y poco despues dando servicios a nuestra propia cartera de clientes.Con el tiempo nos hemos especializado en programaci\u00f3n a medida para la gesti\u00f3n de empresas, facilitando [&hellip;]<\/p>\n","protected":false},"author":1,"featured_media":0,"parent":0,"menu_order":0,"comment_status":"closed","ping_status":"closed","template":"","meta":{"footnotes":""},"class_list":["post-68","page","type-page","status-publish","hentry"],"blocksy_meta":{"has_hero_section":"default","styles_descriptor":{"styles":{"desktop":"","tablet":"","mobile":""},"google_fonts":[],"version":6}},"yoast_head":"<!-- This site is optimized with the Yoast SEO plugin v27.4 - https:\/\/yoast.com\/product\/yoast-seo-wordpress\/ -->\n<title>Inicio - Tienda<\/title>\n<meta name=\"robots\" content=\"index, follow, max-snippet:-1, max-image-preview:large, max-video-preview:-1\" \/>\n<link rel=\"canonical\" href=\"https:\/\/informaticabalsi.com\/\" \/>\n<meta property=\"og:locale\" content=\"es_ES\" \/>\n<meta property=\"og:type\" content=\"article\" \/>\n<meta property=\"og:title\" content=\"Inicio - Tienda\" \/>\n<meta property=\"og:description\" content=\"Balsi servicios inform\u00e1ticos inicia su actividad en el sector nuevas tecnolog\u00edas en Abril del 2.007 en Terrassa (Barcelona).Nuestro inicio fue dando servicio de programaci\u00f3n a otras empresas del sector, y poco despues dando servicios a nuestra propia cartera de clientes.Con el tiempo nos hemos especializado en programaci\u00f3n a medida para la gesti\u00f3n de empresas, facilitando [&hellip;]\" \/>\n<meta property=\"og:url\" content=\"https:\/\/informaticabalsi.com\/\" \/>\n<meta property=\"og:site_name\" content=\"Tienda\" \/>\n<meta property=\"article:modified_time\" content=\"2025-07-18T07:44:43+00:00\" \/>\n<meta property=\"og:image\" content=\"https:\/\/informaticabalsi.com\/wp-content\/uploads\/2024\/07\/mano.png\" \/>\n\t<meta property=\"og:image:width\" content=\"300\" \/>\n\t<meta property=\"og:image:height\" content=\"225\" \/>\n\t<meta property=\"og:image:type\" content=\"image\/png\" \/>\n<meta name=\"twitter:card\" content=\"summary_large_image\" \/>\n<meta name=\"twitter:label1\" content=\"Tiempo de lectura\" \/>\n\t<meta name=\"twitter:data1\" content=\"3 minutos\" \/>\n<script type=\"application\/ld+json\" class=\"yoast-schema-graph\">{\"@context\":\"https:\\\/\\\/schema.org\",\"@graph\":[{\"@type\":\"WebPage\",\"@id\":\"https:\\\/\\\/informaticabalsi.com\\\/\",\"url\":\"https:\\\/\\\/informaticabalsi.com\\\/\",\"name\":\"Inicio - Tienda\",\"isPartOf\":{\"@id\":\"https:\\\/\\\/informaticabalsi.com\\\/#website\"},\"primaryImageOfPage\":{\"@id\":\"https:\\\/\\\/informaticabalsi.com\\\/#primaryimage\"},\"image\":{\"@id\":\"https:\\\/\\\/informaticabalsi.com\\\/#primaryimage\"},\"thumbnailUrl\":\"https:\\\/\\\/informaticabalsi.com\\\/wp-content\\\/uploads\\\/2024\\\/07\\\/mano.png\",\"datePublished\":\"2024-07-18T09:10:27+00:00\",\"dateModified\":\"2025-07-18T07:44:43+00:00\",\"breadcrumb\":{\"@id\":\"https:\\\/\\\/informaticabalsi.com\\\/#breadcrumb\"},\"inLanguage\":\"es\",\"potentialAction\":[{\"@type\":\"ReadAction\",\"target\":[\"https:\\\/\\\/informaticabalsi.com\\\/\"]}]},{\"@type\":\"ImageObject\",\"inLanguage\":\"es\",\"@id\":\"https:\\\/\\\/informaticabalsi.com\\\/#primaryimage\",\"url\":\"https:\\\/\\\/informaticabalsi.com\\\/wp-content\\\/uploads\\\/2024\\\/07\\\/mano.png\",\"contentUrl\":\"https:\\\/\\\/informaticabalsi.com\\\/wp-content\\\/uploads\\\/2024\\\/07\\\/mano.png\",\"width\":300,\"height\":225},{\"@type\":\"BreadcrumbList\",\"@id\":\"https:\\\/\\\/informaticabalsi.com\\\/#breadcrumb\",\"itemListElement\":[{\"@type\":\"ListItem\",\"position\":1,\"name\":\"Portada\",\"item\":\"https:\\\/\\\/informaticabalsi.com\\\/\"},{\"@type\":\"ListItem\",\"position\":2,\"name\":\"Inicio\"}]},{\"@type\":\"WebSite\",\"@id\":\"https:\\\/\\\/informaticabalsi.com\\\/#website\",\"url\":\"https:\\\/\\\/informaticabalsi.com\\\/\",\"name\":\"Tienda\",\"description\":\"\",\"publisher\":{\"@id\":\"https:\\\/\\\/informaticabalsi.com\\\/#organization\"},\"potentialAction\":[{\"@type\":\"SearchAction\",\"target\":{\"@type\":\"EntryPoint\",\"urlTemplate\":\"https:\\\/\\\/informaticabalsi.com\\\/?s={search_term_string}\"},\"query-input\":{\"@type\":\"PropertyValueSpecification\",\"valueRequired\":true,\"valueName\":\"search_term_string\"}}],\"inLanguage\":\"es\"},{\"@type\":\"Organization\",\"@id\":\"https:\\\/\\\/informaticabalsi.com\\\/#organization\",\"name\":\"Tienda\",\"url\":\"https:\\\/\\\/informaticabalsi.com\\\/\",\"logo\":{\"@type\":\"ImageObject\",\"inLanguage\":\"es\",\"@id\":\"https:\\\/\\\/informaticabalsi.com\\\/#\\\/schema\\\/logo\\\/image\\\/\",\"url\":\"https:\\\/\\\/informaticabalsi.com\\\/wp-content\\\/uploads\\\/2025\\\/06\\\/Logo-nuevo-PNG.png\",\"contentUrl\":\"https:\\\/\\\/informaticabalsi.com\\\/wp-content\\\/uploads\\\/2025\\\/06\\\/Logo-nuevo-PNG.png\",\"width\":1006,\"height\":327,\"caption\":\"Tienda\"},\"image\":{\"@id\":\"https:\\\/\\\/informaticabalsi.com\\\/#\\\/schema\\\/logo\\\/image\\\/\"}}]}<\/script>\n<!-- \/ Yoast SEO plugin. -->","yoast_head_json":{"title":"Inicio - Tienda","robots":{"index":"index","follow":"follow","max-snippet":"max-snippet:-1","max-image-preview":"max-image-preview:large","max-video-preview":"max-video-preview:-1"},"canonical":"https:\/\/informaticabalsi.com\/","og_locale":"es_ES","og_type":"article","og_title":"Inicio - Tienda","og_description":"Balsi servicios inform\u00e1ticos inicia su actividad en el sector nuevas tecnolog\u00edas en Abril del 2.007 en Terrassa (Barcelona).Nuestro inicio fue dando servicio de programaci\u00f3n a otras empresas del sector, y poco despues dando servicios a nuestra propia cartera de clientes.Con el tiempo nos hemos especializado en programaci\u00f3n a medida para la gesti\u00f3n de empresas, facilitando [&hellip;]","og_url":"https:\/\/informaticabalsi.com\/","og_site_name":"Tienda","article_modified_time":"2025-07-18T07:44:43+00:00","og_image":[{"width":300,"height":225,"url":"https:\/\/informaticabalsi.com\/wp-content\/uploads\/2024\/07\/mano.png","type":"image\/png"}],"twitter_card":"summary_large_image","twitter_misc":{"Tiempo de lectura":"3 minutos"},"schema":{"@context":"https:\/\/schema.org","@graph":[{"@type":"WebPage","@id":"https:\/\/informaticabalsi.com\/","url":"https:\/\/informaticabalsi.com\/","name":"Inicio - Tienda","isPartOf":{"@id":"https:\/\/informaticabalsi.com\/#website"},"primaryImageOfPage":{"@id":"https:\/\/informaticabalsi.com\/#primaryimage"},"image":{"@id":"https:\/\/informaticabalsi.com\/#primaryimage"},"thumbnailUrl":"https:\/\/informaticabalsi.com\/wp-content\/uploads\/2024\/07\/mano.png","datePublished":"2024-07-18T09:10:27+00:00","dateModified":"2025-07-18T07:44:43+00:00","breadcrumb":{"@id":"https:\/\/informaticabalsi.com\/#breadcrumb"},"inLanguage":"es","potentialAction":[{"@type":"ReadAction","target":["https:\/\/informaticabalsi.com\/"]}]},{"@type":"ImageObject","inLanguage":"es","@id":"https:\/\/informaticabalsi.com\/#primaryimage","url":"https:\/\/informaticabalsi.com\/wp-content\/uploads\/2024\/07\/mano.png","contentUrl":"https:\/\/informaticabalsi.com\/wp-content\/uploads\/2024\/07\/mano.png","width":300,"height":225},{"@type":"BreadcrumbList","@id":"https:\/\/informaticabalsi.com\/#breadcrumb","itemListElement":[{"@type":"ListItem","position":1,"name":"Portada","item":"https:\/\/informaticabalsi.com\/"},{"@type":"ListItem","position":2,"name":"Inicio"}]},{"@type":"WebSite","@id":"https:\/\/informaticabalsi.com\/#website","url":"https:\/\/informaticabalsi.com\/","name":"Tienda","description":"","publisher":{"@id":"https:\/\/informaticabalsi.com\/#organization"},"potentialAction":[{"@type":"SearchAction","target":{"@type":"EntryPoint","urlTemplate":"https:\/\/informaticabalsi.com\/?s={search_term_string}"},"query-input":{"@type":"PropertyValueSpecification","valueRequired":true,"valueName":"search_term_string"}}],"inLanguage":"es"},{"@type":"Organization","@id":"https:\/\/informaticabalsi.com\/#organization","name":"Tienda","url":"https:\/\/informaticabalsi.com\/","logo":{"@type":"ImageObject","inLanguage":"es","@id":"https:\/\/informaticabalsi.com\/#\/schema\/logo\/image\/","url":"https:\/\/informaticabalsi.com\/wp-content\/uploads\/2025\/06\/Logo-nuevo-PNG.png","contentUrl":"https:\/\/informaticabalsi.com\/wp-content\/uploads\/2025\/06\/Logo-nuevo-PNG.png","width":1006,"height":327,"caption":"Tienda"},"image":{"@id":"https:\/\/informaticabalsi.com\/#\/schema\/logo\/image\/"}}]}},"jetpack_sharing_enabled":true,"_links":{"self":[{"href":"https:\/\/informaticabalsi.com\/index.php?rest_route=\/wp\/v2\/pages\/68","targetHints":{"allow":["GET"]}}],"collection":[{"href":"https:\/\/informaticabalsi.com\/index.php?rest_route=\/wp\/v2\/pages"}],"about":[{"href":"https:\/\/informaticabalsi.com\/index.php?rest_route=\/wp\/v2\/types\/page"}],"author":[{"embeddable":true,"href":"https:\/\/informaticabalsi.com\/index.php?rest_route=\/wp\/v2\/users\/1"}],"replies":[{"embeddable":true,"href":"https:\/\/informaticabalsi.com\/index.php?rest_route=%2Fwp%2Fv2%2Fcomments&post=68"}],"version-history":[{"count":191,"href":"https:\/\/informaticabalsi.com\/index.php?rest_route=\/wp\/v2\/pages\/68\/revisions"}],"predecessor-version":[{"id":1780,"href":"https:\/\/informaticabalsi.com\/index.php?rest_route=\/wp\/v2\/pages\/68\/revisions\/1780"}],"wp:attachment":[{"href":"https:\/\/informaticabalsi.com\/index.php?rest_route=%2Fwp%2Fv2%2Fmedia&parent=68"}],"curies":[{"name":"wp","href":"https:\/\/api.w.org\/{rel}","templated":true}]}}