{"id":76,"date":"2024-07-18T09:14:11","date_gmt":"2024-07-18T09:14:11","guid":{"rendered":"https:\/\/informaticabalsi.com\/?page_id=76"},"modified":"2024-07-23T11:12:44","modified_gmt":"2024-07-23T11:12:44","slug":"paginas-web-2","status":"publish","type":"page","link":"https:\/\/informaticabalsi.com\/?page_id=76","title":{"rendered":"P\u00e1ginas Web"},"content":{"rendered":"\t\t<div data-elementor-type=\"wp-page\" data-elementor-id=\"76\" class=\"elementor elementor-76\">\n\t\t\t\t<div class=\"elementor-element elementor-element-51d56ec e-flex e-con-boxed e-con e-parent\" data-id=\"51d56ec\" data-element_type=\"container\" data-e-type=\"container\" data-settings=\"{&quot;background_background&quot;:&quot;classic&quot;}\">\n\t\t\t\t\t<div class=\"e-con-inner\">\n\t\t\t\t<div class=\"elementor-element elementor-element-cc91150 elementor-widget elementor-widget-image\" data-id=\"cc91150\" data-element_type=\"widget\" data-e-type=\"widget\" data-widget_type=\"image.default\">\n\t\t\t\t<div class=\"elementor-widget-container\">\n\t\t\t\t\t\t\t\t\t\t\t\t\t\t\t<img fetchpriority=\"high\" decoding=\"async\" width=\"600\" height=\"356\" src=\"https:\/\/informaticabalsi.com\/wp-content\/uploads\/2024\/07\/paginasweb1.jpg\" class=\"attachment-2048x2048 size-2048x2048 wp-image-815\" alt=\"\" srcset=\"https:\/\/informaticabalsi.com\/wp-content\/uploads\/2024\/07\/paginasweb1.jpg 600w, https:\/\/informaticabalsi.com\/wp-content\/uploads\/2024\/07\/paginasweb1-300x178.jpg 300w\" sizes=\"(max-width: 600px) 100vw, 600px\" \/>\t\t\t\t\t\t\t\t\t\t\t\t\t\t\t<\/div>\n\t\t\t\t<\/div>\n\t\t\t\t<div class=\"elementor-element elementor-element-da79131 elementor-widget elementor-widget-text-editor\" data-id=\"da79131\" data-element_type=\"widget\" data-e-type=\"widget\" data-widget_type=\"text-editor.default\">\n\t\t\t\t<div class=\"elementor-widget-container\">\n\t\t\t\t\t\t\t\t\t<p><b>Tuscomercios.es esta realizada en HTML 5, CSS 3, PHP, AJAX y como base de datos mySQL.<br \/>Se realizo en el a\u00f1o 2012.<\/b><\/p>\t\t\t\t\t\t\t\t<\/div>\n\t\t\t\t<\/div>\n\t\t\t\t\t<\/div>\n\t\t\t\t<\/div>\n\t\t<div class=\"elementor-element elementor-element-d2450fa e-flex e-con-boxed e-con e-parent\" data-id=\"d2450fa\" data-element_type=\"container\" data-e-type=\"container\">\n\t\t\t\t\t<div class=\"e-con-inner\">\n\t\t\t\t<div class=\"elementor-element elementor-element-d1735bc elementor-widget elementor-widget-image\" data-id=\"d1735bc\" data-element_type=\"widget\" data-e-type=\"widget\" data-widget_type=\"image.default\">\n\t\t\t\t<div class=\"elementor-widget-container\">\n\t\t\t\t\t\t\t\t\t\t\t\t\t\t\t<img decoding=\"async\" width=\"600\" height=\"360\" src=\"https:\/\/informaticabalsi.com\/wp-content\/uploads\/2024\/07\/scrcorse.jpg\" class=\"attachment-2048x2048 size-2048x2048 wp-image-315\" alt=\"\" srcset=\"https:\/\/informaticabalsi.com\/wp-content\/uploads\/2024\/07\/scrcorse.jpg 600w, https:\/\/informaticabalsi.com\/wp-content\/uploads\/2024\/07\/scrcorse-300x180.jpg 300w\" sizes=\"(max-width: 600px) 100vw, 600px\" \/>\t\t\t\t\t\t\t\t\t\t\t\t\t\t\t<\/div>\n\t\t\t\t<\/div>\n\t\t\t\t<div class=\"elementor-element elementor-element-3c7359b elementor-widget elementor-widget-text-editor\" data-id=\"3c7359b\" data-element_type=\"widget\" data-e-type=\"widget\" data-widget_type=\"text-editor.default\">\n\t\t\t\t<div class=\"elementor-widget-container\">\n\t\t\t\t\t\t\t\t\t<p><strong>Inicio Productos p\u00e1ginas web programas presupuesto descargas P\u00e1ginas Web SCR CORSE esta realizada en HTML 4, CSS, PHP, JQUERY y como base de datos mySQL. Se realiz\u00f3 en el a\u00f1o 2010.<\/strong><\/p>\t\t\t\t\t\t\t\t<\/div>\n\t\t\t\t<\/div>\n\t\t\t\t\t<\/div>\n\t\t\t\t<\/div>\n\t\t<div class=\"elementor-element elementor-element-4dcd25f e-flex e-con-boxed e-con e-parent\" data-id=\"4dcd25f\" data-element_type=\"container\" data-e-type=\"container\" data-settings=\"{&quot;background_background&quot;:&quot;classic&quot;}\">\n\t\t\t\t\t<div class=\"e-con-inner\">\n\t\t\t\t<div class=\"elementor-element elementor-element-eeb145c elementor-widget elementor-widget-image\" data-id=\"eeb145c\" data-element_type=\"widget\" data-e-type=\"widget\" data-widget_type=\"image.default\">\n\t\t\t\t<div class=\"elementor-widget-container\">\n\t\t\t\t\t\t\t\t\t\t\t\t\t\t\t<img decoding=\"async\" width=\"600\" height=\"356\" src=\"https:\/\/informaticabalsi.com\/wp-content\/uploads\/2024\/07\/varias.jpg\" class=\"attachment-2048x2048 size-2048x2048 wp-image-317\" alt=\"\" srcset=\"https:\/\/informaticabalsi.com\/wp-content\/uploads\/2024\/07\/varias.jpg 600w, https:\/\/informaticabalsi.com\/wp-content\/uploads\/2024\/07\/varias-300x178.jpg 300w\" sizes=\"(max-width: 600px) 100vw, 600px\" \/>\t\t\t\t\t\t\t\t\t\t\t\t\t\t\t<\/div>\n\t\t\t\t<\/div>\n\t\t\t\t<div class=\"elementor-element elementor-element-62c1498 elementor-widget elementor-widget-text-editor\" data-id=\"62c1498\" data-element_type=\"widget\" data-e-type=\"widget\" data-widget_type=\"text-editor.default\">\n\t\t\t\t<div class=\"elementor-widget-container\">\n\t\t\t\t\t\t\t\t\t<p><b>Son 3 p\u00e1ginas realizadas en HTML, CSS, PHP y mySQL.<\/b><\/p>\t\t\t\t\t\t\t\t<\/div>\n\t\t\t\t<\/div>\n\t\t\t\t\t<\/div>\n\t\t\t\t<\/div>\n\t\t\t\t<\/div>\n\t\t","protected":false},"excerpt":{"rendered":"<p>Tuscomercios.es esta realizada en HTML 5, CSS 3, PHP, AJAX y como base de datos mySQL.Se realizo en el a\u00f1o 2012. Inicio Productos p\u00e1ginas web programas presupuesto descargas P\u00e1ginas Web SCR CORSE esta realizada en HTML 4, CSS, PHP, JQUERY y como base de datos mySQL. Se realiz\u00f3 en el a\u00f1o 2010. Son 3 p\u00e1ginas [&hellip;]<\/p>\n","protected":false},"author":1,"featured_media":0,"parent":0,"menu_order":0,"comment_status":"closed","ping_status":"closed","template":"","meta":{"footnotes":""},"class_list":["post-76","page","type-page","status-publish","hentry"],"blocksy_meta":[],"yoast_head":"<!-- This site is optimized with the Yoast SEO plugin v27.4 - https:\/\/yoast.com\/product\/yoast-seo-wordpress\/ -->\n<title>P\u00e1ginas Web - Tienda<\/title>\n<meta name=\"robots\" content=\"index, follow, max-snippet:-1, max-image-preview:large, max-video-preview:-1\" \/>\n<link rel=\"canonical\" href=\"https:\/\/informaticabalsi.com\/?page_id=76\" \/>\n<meta property=\"og:locale\" content=\"es_ES\" \/>\n<meta property=\"og:type\" content=\"article\" \/>\n<meta property=\"og:title\" content=\"P\u00e1ginas Web - Tienda\" \/>\n<meta property=\"og:description\" content=\"Tuscomercios.es esta realizada en HTML 5, CSS 3, PHP, AJAX y como base de datos mySQL.Se realizo en el a\u00f1o 2012. Inicio Productos p\u00e1ginas web programas presupuesto descargas P\u00e1ginas Web SCR CORSE esta realizada en HTML 4, CSS, PHP, JQUERY y como base de datos mySQL. Se realiz\u00f3 en el a\u00f1o 2010. Son 3 p\u00e1ginas [&hellip;]\" \/>\n<meta property=\"og:url\" content=\"https:\/\/informaticabalsi.com\/?page_id=76\" \/>\n<meta property=\"og:site_name\" content=\"Tienda\" \/>\n<meta property=\"article:modified_time\" content=\"2024-07-23T11:12:44+00:00\" \/>\n<meta property=\"og:image\" content=\"https:\/\/informaticabalsi.com\/wp-content\/uploads\/2024\/07\/paginasweb1.jpg\" \/>\n<meta name=\"twitter:card\" content=\"summary_large_image\" \/>\n<meta name=\"twitter:label1\" content=\"Tiempo de lectura\" \/>\n\t<meta name=\"twitter:data1\" content=\"1 minuto\" \/>\n<script type=\"application\/ld+json\" class=\"yoast-schema-graph\">{\"@context\":\"https:\\\/\\\/schema.org\",\"@graph\":[{\"@type\":\"WebPage\",\"@id\":\"https:\\\/\\\/informaticabalsi.com\\\/?page_id=76\",\"url\":\"https:\\\/\\\/informaticabalsi.com\\\/?page_id=76\",\"name\":\"P\u00e1ginas Web - Tienda\",\"isPartOf\":{\"@id\":\"https:\\\/\\\/informaticabalsi.com\\\/#website\"},\"primaryImageOfPage\":{\"@id\":\"https:\\\/\\\/informaticabalsi.com\\\/?page_id=76#primaryimage\"},\"image\":{\"@id\":\"https:\\\/\\\/informaticabalsi.com\\\/?page_id=76#primaryimage\"},\"thumbnailUrl\":\"https:\\\/\\\/informaticabalsi.com\\\/wp-content\\\/uploads\\\/2024\\\/07\\\/paginasweb1.jpg\",\"datePublished\":\"2024-07-18T09:14:11+00:00\",\"dateModified\":\"2024-07-23T11:12:44+00:00\",\"breadcrumb\":{\"@id\":\"https:\\\/\\\/informaticabalsi.com\\\/?page_id=76#breadcrumb\"},\"inLanguage\":\"es\",\"potentialAction\":[{\"@type\":\"ReadAction\",\"target\":[\"https:\\\/\\\/informaticabalsi.com\\\/?page_id=76\"]}]},{\"@type\":\"ImageObject\",\"inLanguage\":\"es\",\"@id\":\"https:\\\/\\\/informaticabalsi.com\\\/?page_id=76#primaryimage\",\"url\":\"https:\\\/\\\/informaticabalsi.com\\\/wp-content\\\/uploads\\\/2024\\\/07\\\/paginasweb1.jpg\",\"contentUrl\":\"https:\\\/\\\/informaticabalsi.com\\\/wp-content\\\/uploads\\\/2024\\\/07\\\/paginasweb1.jpg\",\"width\":600,\"height\":356},{\"@type\":\"BreadcrumbList\",\"@id\":\"https:\\\/\\\/informaticabalsi.com\\\/?page_id=76#breadcrumb\",\"itemListElement\":[{\"@type\":\"ListItem\",\"position\":1,\"name\":\"Portada\",\"item\":\"https:\\\/\\\/informaticabalsi.com\\\/\"},{\"@type\":\"ListItem\",\"position\":2,\"name\":\"P\u00e1ginas Web\"}]},{\"@type\":\"WebSite\",\"@id\":\"https:\\\/\\\/informaticabalsi.com\\\/#website\",\"url\":\"https:\\\/\\\/informaticabalsi.com\\\/\",\"name\":\"Tienda\",\"description\":\"\",\"publisher\":{\"@id\":\"https:\\\/\\\/informaticabalsi.com\\\/#organization\"},\"potentialAction\":[{\"@type\":\"SearchAction\",\"target\":{\"@type\":\"EntryPoint\",\"urlTemplate\":\"https:\\\/\\\/informaticabalsi.com\\\/?s={search_term_string}\"},\"query-input\":{\"@type\":\"PropertyValueSpecification\",\"valueRequired\":true,\"valueName\":\"search_term_string\"}}],\"inLanguage\":\"es\"},{\"@type\":\"Organization\",\"@id\":\"https:\\\/\\\/informaticabalsi.com\\\/#organization\",\"name\":\"Tienda\",\"url\":\"https:\\\/\\\/informaticabalsi.com\\\/\",\"logo\":{\"@type\":\"ImageObject\",\"inLanguage\":\"es\",\"@id\":\"https:\\\/\\\/informaticabalsi.com\\\/#\\\/schema\\\/logo\\\/image\\\/\",\"url\":\"https:\\\/\\\/informaticabalsi.com\\\/wp-content\\\/uploads\\\/2025\\\/06\\\/Logo-nuevo-PNG.png\",\"contentUrl\":\"https:\\\/\\\/informaticabalsi.com\\\/wp-content\\\/uploads\\\/2025\\\/06\\\/Logo-nuevo-PNG.png\",\"width\":1006,\"height\":327,\"caption\":\"Tienda\"},\"image\":{\"@id\":\"https:\\\/\\\/informaticabalsi.com\\\/#\\\/schema\\\/logo\\\/image\\\/\"}}]}<\/script>\n<!-- \/ Yoast SEO plugin. -->","yoast_head_json":{"title":"P\u00e1ginas Web - Tienda","robots":{"index":"index","follow":"follow","max-snippet":"max-snippet:-1","max-image-preview":"max-image-preview:large","max-video-preview":"max-video-preview:-1"},"canonical":"https:\/\/informaticabalsi.com\/?page_id=76","og_locale":"es_ES","og_type":"article","og_title":"P\u00e1ginas Web - Tienda","og_description":"Tuscomercios.es esta realizada en HTML 5, CSS 3, PHP, AJAX y como base de datos mySQL.Se realizo en el a\u00f1o 2012. Inicio Productos p\u00e1ginas web programas presupuesto descargas P\u00e1ginas Web SCR CORSE esta realizada en HTML 4, CSS, PHP, JQUERY y como base de datos mySQL. Se realiz\u00f3 en el a\u00f1o 2010. Son 3 p\u00e1ginas [&hellip;]","og_url":"https:\/\/informaticabalsi.com\/?page_id=76","og_site_name":"Tienda","article_modified_time":"2024-07-23T11:12:44+00:00","og_image":[{"url":"https:\/\/informaticabalsi.com\/wp-content\/uploads\/2024\/07\/paginasweb1.jpg","type":"","width":"","height":""}],"twitter_card":"summary_large_image","twitter_misc":{"Tiempo de lectura":"1 minuto"},"schema":{"@context":"https:\/\/schema.org","@graph":[{"@type":"WebPage","@id":"https:\/\/informaticabalsi.com\/?page_id=76","url":"https:\/\/informaticabalsi.com\/?page_id=76","name":"P\u00e1ginas Web - Tienda","isPartOf":{"@id":"https:\/\/informaticabalsi.com\/#website"},"primaryImageOfPage":{"@id":"https:\/\/informaticabalsi.com\/?page_id=76#primaryimage"},"image":{"@id":"https:\/\/informaticabalsi.com\/?page_id=76#primaryimage"},"thumbnailUrl":"https:\/\/informaticabalsi.com\/wp-content\/uploads\/2024\/07\/paginasweb1.jpg","datePublished":"2024-07-18T09:14:11+00:00","dateModified":"2024-07-23T11:12:44+00:00","breadcrumb":{"@id":"https:\/\/informaticabalsi.com\/?page_id=76#breadcrumb"},"inLanguage":"es","potentialAction":[{"@type":"ReadAction","target":["https:\/\/informaticabalsi.com\/?page_id=76"]}]},{"@type":"ImageObject","inLanguage":"es","@id":"https:\/\/informaticabalsi.com\/?page_id=76#primaryimage","url":"https:\/\/informaticabalsi.com\/wp-content\/uploads\/2024\/07\/paginasweb1.jpg","contentUrl":"https:\/\/informaticabalsi.com\/wp-content\/uploads\/2024\/07\/paginasweb1.jpg","width":600,"height":356},{"@type":"BreadcrumbList","@id":"https:\/\/informaticabalsi.com\/?page_id=76#breadcrumb","itemListElement":[{"@type":"ListItem","position":1,"name":"Portada","item":"https:\/\/informaticabalsi.com\/"},{"@type":"ListItem","position":2,"name":"P\u00e1ginas Web"}]},{"@type":"WebSite","@id":"https:\/\/informaticabalsi.com\/#website","url":"https:\/\/informaticabalsi.com\/","name":"Tienda","description":"","publisher":{"@id":"https:\/\/informaticabalsi.com\/#organization"},"potentialAction":[{"@type":"SearchAction","target":{"@type":"EntryPoint","urlTemplate":"https:\/\/informaticabalsi.com\/?s={search_term_string}"},"query-input":{"@type":"PropertyValueSpecification","valueRequired":true,"valueName":"search_term_string"}}],"inLanguage":"es"},{"@type":"Organization","@id":"https:\/\/informaticabalsi.com\/#organization","name":"Tienda","url":"https:\/\/informaticabalsi.com\/","logo":{"@type":"ImageObject","inLanguage":"es","@id":"https:\/\/informaticabalsi.com\/#\/schema\/logo\/image\/","url":"https:\/\/informaticabalsi.com\/wp-content\/uploads\/2025\/06\/Logo-nuevo-PNG.png","contentUrl":"https:\/\/informaticabalsi.com\/wp-content\/uploads\/2025\/06\/Logo-nuevo-PNG.png","width":1006,"height":327,"caption":"Tienda"},"image":{"@id":"https:\/\/informaticabalsi.com\/#\/schema\/logo\/image\/"}}]}},"jetpack_sharing_enabled":true,"_links":{"self":[{"href":"https:\/\/informaticabalsi.com\/index.php?rest_route=\/wp\/v2\/pages\/76","targetHints":{"allow":["GET"]}}],"collection":[{"href":"https:\/\/informaticabalsi.com\/index.php?rest_route=\/wp\/v2\/pages"}],"about":[{"href":"https:\/\/informaticabalsi.com\/index.php?rest_route=\/wp\/v2\/types\/page"}],"author":[{"embeddable":true,"href":"https:\/\/informaticabalsi.com\/index.php?rest_route=\/wp\/v2\/users\/1"}],"replies":[{"embeddable":true,"href":"https:\/\/informaticabalsi.com\/index.php?rest_route=%2Fwp%2Fv2%2Fcomments&post=76"}],"version-history":[{"count":22,"href":"https:\/\/informaticabalsi.com\/index.php?rest_route=\/wp\/v2\/pages\/76\/revisions"}],"predecessor-version":[{"id":1293,"href":"https:\/\/informaticabalsi.com\/index.php?rest_route=\/wp\/v2\/pages\/76\/revisions\/1293"}],"wp:attachment":[{"href":"https:\/\/informaticabalsi.com\/index.php?rest_route=%2Fwp%2Fv2%2Fmedia&parent=76"}],"curies":[{"name":"wp","href":"https:\/\/api.w.org\/{rel}","templated":true}]}}