{"id":78,"date":"2024-07-18T09:15:07","date_gmt":"2024-07-18T09:15:07","guid":{"rendered":"https:\/\/informaticabalsi.com\/?page_id=78"},"modified":"2025-06-18T09:51:27","modified_gmt":"2025-06-18T09:51:27","slug":"presupuesto","status":"publish","type":"page","link":"https:\/\/informaticabalsi.com\/?page_id=78","title":{"rendered":"Presupuesto"},"content":{"rendered":"\t\t<div data-elementor-type=\"wp-page\" data-elementor-id=\"78\" class=\"elementor elementor-78\">\n\t\t\t\t<div class=\"elementor-element elementor-element-0daa451 e-flex e-con-boxed e-con e-parent\" data-id=\"0daa451\" data-element_type=\"container\" data-e-type=\"container\">\n\t\t\t\t\t<div class=\"e-con-inner\">\n\t\t<div class=\"elementor-element elementor-element-24ed3b0 e-con-full e-flex elementor-invisible e-con e-child\" data-id=\"24ed3b0\" data-element_type=\"container\" data-e-type=\"container\" data-settings=\"{&quot;animation&quot;:&quot;fadeInLeft&quot;}\">\n\t\t\t\t<div class=\"elementor-element elementor-element-19ef4e0 elementor-widget elementor-widget-shortcode\" data-id=\"19ef4e0\" data-element_type=\"widget\" data-e-type=\"widget\" data-widget_type=\"shortcode.default\">\n\t\t\t\t<div class=\"elementor-widget-container\">\n\t\t\t\t\t\t\t<div class=\"elementor-shortcode\">\n\n<div class=\"wpcf7 no-js\" id=\"wpcf7-f4-o1\" lang=\"es-ES\" dir=\"ltr\" data-wpcf7-id=\"4\">\n<div class=\"screen-reader-response\"><p role=\"status\" aria-live=\"polite\" aria-atomic=\"true\"><\/p> <ul><\/ul><\/div>\n<form action=\"\/index.php?rest_route=%2Fwp%2Fv2%2Fpages%2F78#wpcf7-f4-o1\" method=\"post\" class=\"wpcf7-form init\" aria-label=\"Formulario de contacto\" novalidate=\"novalidate\" data-status=\"init\">\n<fieldset class=\"hidden-fields-container\"><input type=\"hidden\" name=\"_wpcf7\" value=\"4\" \/><input type=\"hidden\" name=\"_wpcf7_version\" value=\"6.1.5\" \/><input type=\"hidden\" name=\"_wpcf7_locale\" value=\"es_ES\" \/><input type=\"hidden\" name=\"_wpcf7_unit_tag\" value=\"wpcf7-f4-o1\" \/><input type=\"hidden\" name=\"_wpcf7_container_post\" value=\"0\" \/><input type=\"hidden\" name=\"_wpcf7_posted_data_hash\" value=\"\" \/>\n<\/fieldset>\n<div class=\"form-container\">\n\t<h2 style=\"color:#FFFFFF;\">Cont\u00e1ctenos para pedir presupuesto\n\t<\/h2>\n\t<p><label>Empresa<br \/>\n<span class=\"wpcf7-form-control-wrap\" data-name=\"empresa\"><input size=\"40\" maxlength=\"400\" class=\"wpcf7-form-control wpcf7-text wpcf7-validates-as-required\" aria-required=\"true\" aria-invalid=\"false\" placeholder=\"Ingrese el nombre de su empresa\" value=\"\" type=\"text\" name=\"empresa\" \/><\/span><br \/>\n<\/label>\n\t<\/p>\n\t<p><label>Nombre<br \/>\n<span class=\"wpcf7-form-control-wrap\" data-name=\"contacto\"><input size=\"40\" maxlength=\"400\" class=\"wpcf7-form-control wpcf7-text wpcf7-validates-as-required\" aria-required=\"true\" aria-invalid=\"false\" placeholder=\"Ingrese su nombre completo\" value=\"\" type=\"text\" name=\"contacto\" \/><\/span><br \/>\n<\/label>\n\t<\/p>\n\t<p><label>Correo electr\u00f3nico<br \/>\n<span class=\"wpcf7-form-control-wrap\" data-name=\"email\"><input size=\"40\" maxlength=\"400\" class=\"wpcf7-form-control wpcf7-email wpcf7-validates-as-required wpcf7-text wpcf7-validates-as-email\" aria-required=\"true\" aria-invalid=\"false\" placeholder=\"nombre@ejemplo.com\" value=\"\" type=\"email\" name=\"email\" \/><\/span><br \/>\n<\/label>\n\t<\/p>\n\t<p><label>N\u00ba de tel\u00e9fono<br \/>\n<span class=\"wpcf7-form-control-wrap\" data-name=\"tel-998\"><input size=\"40\" maxlength=\"9\" minlength=\"9\" class=\"wpcf7-form-control wpcf7-tel wpcf7-validates-as-required wpcf7-text wpcf7-validates-as-tel\" autocomplete=\"tel\" aria-required=\"true\" aria-invalid=\"false\" placeholder=\"Ingrese su n\u00famero de tel\u00e9fono\" value=\"\" type=\"tel\" name=\"tel-998\" \/><\/span><br \/>\n<\/label>\n\t<\/p>\n\t<p><label>Poblaci\u00f3n y Provincia<br \/>\n<span class=\"wpcf7-form-control-wrap\" data-name=\"poblacion\"><input size=\"40\" maxlength=\"400\" class=\"wpcf7-form-control wpcf7-text wpcf7-validates-as-required\" aria-required=\"true\" aria-invalid=\"false\" placeholder=\"Ingrese su poblaci\u00f3n y provincia\" value=\"\" type=\"text\" name=\"poblacion\" \/><\/span><br \/>\n<\/label>\n\t<\/p>\n\t<p><label>Apartados<br \/>\n<span class=\"wpcf7-form-control-wrap\" data-name=\"apartado\"><select class=\"wpcf7-form-control wpcf7-select wpcf7-validates-as-required\" aria-required=\"true\" aria-invalid=\"false\" name=\"apartado\"><option value=\"\">&#8212;Por favor, elige una opci\u00f3n&#8212;<\/option><option value=\"Programa a medida\">Programa a medida<\/option><option value=\"P\u00e1gina web a medida\">P\u00e1gina web a medida<\/option><option value=\"Balsi gesti\u00f3n comercial\">Balsi gesti\u00f3n comercial<\/option><option value=\"Gesti\u00f3n documental\">Gesti\u00f3n documental<\/option><option value=\"Balsi Presdent\">Balsi Presdent<\/option><option value=\"Ordenadores y perif\u00e9ricos\">Ordenadores y perif\u00e9ricos<\/option><option value=\"Mantenimiento Inform\u00e1tico\">Mantenimiento Inform\u00e1tico<\/option><\/select><\/span><br \/>\n<\/label>\n\t<\/p>\n\t<p><label>De acuerdo a lo establecido en la legislaci\u00f3n vigente en materia de Protecci\u00f3n de Datos de Car\u00e1cter Personal, Reglamento 2016\/679 General de Protecci\u00f3n de Datos (RGPD) y la Ley Org\u00e1nica 3\/2018 de 5 de diciembre, de protecci\u00f3n de datos de car\u00e1cter personal y garant\u00eda de los derechos digitales (LOPDGDD), se le informa que los datos personales que nos facilite a trav\u00e9s de dicho formulario ser\u00e1n tratados por DANIEL BALDOMERO GARC\u00cdA \u201cBALSI\u201d, con la finalidad de gestionar su solicitud y enviarle informaci\u00f3n m\u00e1s detallada. Para m\u00e1s informaci\u00f3n consultar la pol\u00edtica de privacidad.<br \/>\n<\/label><label><br \/>\n<span class=\"wpcf7-form-control-wrap\" data-name=\"acceptance-521\"><span class=\"wpcf7-form-control wpcf7-acceptance\"><span class=\"wpcf7-list-item\"><input type=\"checkbox\" name=\"acceptance-521\" value=\"1\" aria-invalid=\"false\" \/><\/span><\/span><\/span> He le\u00eddo y acepto la pol\u00edtica de privacidad de DANIEL BALDOMERO GARC\u00cdA.<br \/>\n<\/label>\n\t<\/p>\n\t<p><label>Indique una breve descripci\u00f3n de su necesidad<br \/>\n<span class=\"wpcf7-form-control-wrap\" data-name=\"descripcion\"><textarea cols=\"40\" rows=\"10\" maxlength=\"2000\" class=\"wpcf7-form-control wpcf7-textarea wpcf7-validates-as-required\" aria-required=\"true\" aria-invalid=\"false\" placeholder=\"Describa brevemente su solicitud\" name=\"descripcion\"><\/textarea><\/span><br \/>\n<\/label>\n\t<\/p>\n\t<p><input class=\"wpcf7-form-control wpcf7-submit has-spinner\" type=\"submit\" value=\"Enviar Solicitud\" \/>\n\t<\/p>\n<\/div><div class=\"wpcf7-response-output\" aria-hidden=\"true\"><\/div>\n<\/form>\n<\/div>\n<\/div>\n\t\t\t\t\t\t<\/div>\n\t\t\t\t<\/div>\n\t\t<div class=\"elementor-element elementor-element-1b84b4f e-con-full e-flex e-con e-child\" data-id=\"1b84b4f\" data-element_type=\"container\" data-e-type=\"container\">\n\t\t\t\t<\/div>\n\t\t\t\t<\/div>\n\t\t<div class=\"elementor-element elementor-element-860d7cf e-con-full e-flex elementor-invisible e-con e-child\" data-id=\"860d7cf\" data-element_type=\"container\" data-e-type=\"container\" data-settings=\"{&quot;animation&quot;:&quot;fadeInRight&quot;}\">\n\t\t\t\t<div class=\"elementor-element elementor-element-d8acc48 elementor-widget elementor-widget-image\" data-id=\"d8acc48\" data-element_type=\"widget\" data-e-type=\"widget\" data-widget_type=\"image.default\">\n\t\t\t\t<div class=\"elementor-widget-container\">\n\t\t\t\t\t\t\t\t\t\t\t\t\t\t\t<img fetchpriority=\"high\" decoding=\"async\" width=\"545\" height=\"707\" src=\"https:\/\/informaticabalsi.com\/wp-content\/uploads\/2024\/07\/formulario.png\" class=\"attachment-large size-large wp-image-381\" alt=\"\" srcset=\"https:\/\/informaticabalsi.com\/wp-content\/uploads\/2024\/07\/formulario.png 545w, https:\/\/informaticabalsi.com\/wp-content\/uploads\/2024\/07\/formulario-231x300.png 231w\" sizes=\"(max-width: 545px) 100vw, 545px\" \/>\t\t\t\t\t\t\t\t\t\t\t\t\t\t\t<\/div>\n\t\t\t\t<\/div>\n\t\t\t\t<\/div>\n\t\t\t\t\t<\/div>\n\t\t\t\t<\/div>\n\t\t<div class=\"elementor-element elementor-element-f436e9f e-flex e-con-boxed e-con e-parent\" data-id=\"f436e9f\" data-element_type=\"container\" data-e-type=\"container\">\n\t\t\t\t\t<div class=\"e-con-inner\">\n\t\t<div class=\"elementor-element elementor-element-f735917 e-con-full e-flex e-con e-child\" data-id=\"f735917\" data-element_type=\"container\" data-e-type=\"container\">\n\t\t\t\t<\/div>\n\t\t\t\t\t<\/div>\n\t\t\t\t<\/div>\n\t\t\t\t<\/div>\n\t\t","protected":false},"excerpt":{"rendered":"","protected":false},"author":1,"featured_media":0,"parent":0,"menu_order":0,"comment_status":"closed","ping_status":"closed","template":"","meta":{"footnotes":""},"class_list":["post-78","page","type-page","status-publish","hentry"],"blocksy_meta":[],"yoast_head":"<!-- This site is optimized with the Yoast SEO plugin v27.4 - https:\/\/yoast.com\/product\/yoast-seo-wordpress\/ -->\n<title>Presupuesto - Tienda<\/title>\n<meta name=\"robots\" content=\"index, follow, max-snippet:-1, max-image-preview:large, max-video-preview:-1\" \/>\n<link rel=\"canonical\" href=\"https:\/\/informaticabalsi.com\/?page_id=78\" \/>\n<meta property=\"og:locale\" content=\"es_ES\" \/>\n<meta property=\"og:type\" content=\"article\" \/>\n<meta property=\"og:title\" content=\"Presupuesto - Tienda\" \/>\n<meta property=\"og:url\" content=\"https:\/\/informaticabalsi.com\/?page_id=78\" \/>\n<meta property=\"og:site_name\" content=\"Tienda\" \/>\n<meta property=\"article:modified_time\" content=\"2025-06-18T09:51:27+00:00\" \/>\n<meta property=\"og:image\" content=\"https:\/\/informaticabalsi.com\/wp-content\/uploads\/2024\/07\/formulario.png\" \/>\n\t<meta property=\"og:image:width\" content=\"545\" \/>\n\t<meta property=\"og:image:height\" content=\"707\" \/>\n\t<meta property=\"og:image:type\" content=\"image\/png\" \/>\n<meta name=\"twitter:card\" content=\"summary_large_image\" \/>\n<meta name=\"twitter:label1\" content=\"Tiempo de lectura\" \/>\n\t<meta name=\"twitter:data1\" content=\"1 minuto\" \/>\n<script type=\"application\/ld+json\" class=\"yoast-schema-graph\">{\"@context\":\"https:\\\/\\\/schema.org\",\"@graph\":[{\"@type\":\"WebPage\",\"@id\":\"https:\\\/\\\/informaticabalsi.com\\\/?page_id=78\",\"url\":\"https:\\\/\\\/informaticabalsi.com\\\/?page_id=78\",\"name\":\"Presupuesto - Tienda\",\"isPartOf\":{\"@id\":\"https:\\\/\\\/informaticabalsi.com\\\/#website\"},\"primaryImageOfPage\":{\"@id\":\"https:\\\/\\\/informaticabalsi.com\\\/?page_id=78#primaryimage\"},\"image\":{\"@id\":\"https:\\\/\\\/informaticabalsi.com\\\/?page_id=78#primaryimage\"},\"thumbnailUrl\":\"https:\\\/\\\/informaticabalsi.com\\\/wp-content\\\/uploads\\\/2024\\\/07\\\/formulario.png\",\"datePublished\":\"2024-07-18T09:15:07+00:00\",\"dateModified\":\"2025-06-18T09:51:27+00:00\",\"breadcrumb\":{\"@id\":\"https:\\\/\\\/informaticabalsi.com\\\/?page_id=78#breadcrumb\"},\"inLanguage\":\"es\",\"potentialAction\":[{\"@type\":\"ReadAction\",\"target\":[\"https:\\\/\\\/informaticabalsi.com\\\/?page_id=78\"]}]},{\"@type\":\"ImageObject\",\"inLanguage\":\"es\",\"@id\":\"https:\\\/\\\/informaticabalsi.com\\\/?page_id=78#primaryimage\",\"url\":\"https:\\\/\\\/informaticabalsi.com\\\/wp-content\\\/uploads\\\/2024\\\/07\\\/formulario.png\",\"contentUrl\":\"https:\\\/\\\/informaticabalsi.com\\\/wp-content\\\/uploads\\\/2024\\\/07\\\/formulario.png\",\"width\":545,\"height\":707},{\"@type\":\"BreadcrumbList\",\"@id\":\"https:\\\/\\\/informaticabalsi.com\\\/?page_id=78#breadcrumb\",\"itemListElement\":[{\"@type\":\"ListItem\",\"position\":1,\"name\":\"Portada\",\"item\":\"https:\\\/\\\/informaticabalsi.com\\\/\"},{\"@type\":\"ListItem\",\"position\":2,\"name\":\"Presupuesto\"}]},{\"@type\":\"WebSite\",\"@id\":\"https:\\\/\\\/informaticabalsi.com\\\/#website\",\"url\":\"https:\\\/\\\/informaticabalsi.com\\\/\",\"name\":\"Tienda\",\"description\":\"\",\"publisher\":{\"@id\":\"https:\\\/\\\/informaticabalsi.com\\\/#organization\"},\"potentialAction\":[{\"@type\":\"SearchAction\",\"target\":{\"@type\":\"EntryPoint\",\"urlTemplate\":\"https:\\\/\\\/informaticabalsi.com\\\/?s={search_term_string}\"},\"query-input\":{\"@type\":\"PropertyValueSpecification\",\"valueRequired\":true,\"valueName\":\"search_term_string\"}}],\"inLanguage\":\"es\"},{\"@type\":\"Organization\",\"@id\":\"https:\\\/\\\/informaticabalsi.com\\\/#organization\",\"name\":\"Tienda\",\"url\":\"https:\\\/\\\/informaticabalsi.com\\\/\",\"logo\":{\"@type\":\"ImageObject\",\"inLanguage\":\"es\",\"@id\":\"https:\\\/\\\/informaticabalsi.com\\\/#\\\/schema\\\/logo\\\/image\\\/\",\"url\":\"https:\\\/\\\/informaticabalsi.com\\\/wp-content\\\/uploads\\\/2025\\\/06\\\/Logo-nuevo-PNG.png\",\"contentUrl\":\"https:\\\/\\\/informaticabalsi.com\\\/wp-content\\\/uploads\\\/2025\\\/06\\\/Logo-nuevo-PNG.png\",\"width\":1006,\"height\":327,\"caption\":\"Tienda\"},\"image\":{\"@id\":\"https:\\\/\\\/informaticabalsi.com\\\/#\\\/schema\\\/logo\\\/image\\\/\"}}]}<\/script>\n<!-- \/ Yoast SEO plugin. -->","yoast_head_json":{"title":"Presupuesto - Tienda","robots":{"index":"index","follow":"follow","max-snippet":"max-snippet:-1","max-image-preview":"max-image-preview:large","max-video-preview":"max-video-preview:-1"},"canonical":"https:\/\/informaticabalsi.com\/?page_id=78","og_locale":"es_ES","og_type":"article","og_title":"Presupuesto - Tienda","og_url":"https:\/\/informaticabalsi.com\/?page_id=78","og_site_name":"Tienda","article_modified_time":"2025-06-18T09:51:27+00:00","og_image":[{"width":545,"height":707,"url":"https:\/\/informaticabalsi.com\/wp-content\/uploads\/2024\/07\/formulario.png","type":"image\/png"}],"twitter_card":"summary_large_image","twitter_misc":{"Tiempo de lectura":"1 minuto"},"schema":{"@context":"https:\/\/schema.org","@graph":[{"@type":"WebPage","@id":"https:\/\/informaticabalsi.com\/?page_id=78","url":"https:\/\/informaticabalsi.com\/?page_id=78","name":"Presupuesto - Tienda","isPartOf":{"@id":"https:\/\/informaticabalsi.com\/#website"},"primaryImageOfPage":{"@id":"https:\/\/informaticabalsi.com\/?page_id=78#primaryimage"},"image":{"@id":"https:\/\/informaticabalsi.com\/?page_id=78#primaryimage"},"thumbnailUrl":"https:\/\/informaticabalsi.com\/wp-content\/uploads\/2024\/07\/formulario.png","datePublished":"2024-07-18T09:15:07+00:00","dateModified":"2025-06-18T09:51:27+00:00","breadcrumb":{"@id":"https:\/\/informaticabalsi.com\/?page_id=78#breadcrumb"},"inLanguage":"es","potentialAction":[{"@type":"ReadAction","target":["https:\/\/informaticabalsi.com\/?page_id=78"]}]},{"@type":"ImageObject","inLanguage":"es","@id":"https:\/\/informaticabalsi.com\/?page_id=78#primaryimage","url":"https:\/\/informaticabalsi.com\/wp-content\/uploads\/2024\/07\/formulario.png","contentUrl":"https:\/\/informaticabalsi.com\/wp-content\/uploads\/2024\/07\/formulario.png","width":545,"height":707},{"@type":"BreadcrumbList","@id":"https:\/\/informaticabalsi.com\/?page_id=78#breadcrumb","itemListElement":[{"@type":"ListItem","position":1,"name":"Portada","item":"https:\/\/informaticabalsi.com\/"},{"@type":"ListItem","position":2,"name":"Presupuesto"}]},{"@type":"WebSite","@id":"https:\/\/informaticabalsi.com\/#website","url":"https:\/\/informaticabalsi.com\/","name":"Tienda","description":"","publisher":{"@id":"https:\/\/informaticabalsi.com\/#organization"},"potentialAction":[{"@type":"SearchAction","target":{"@type":"EntryPoint","urlTemplate":"https:\/\/informaticabalsi.com\/?s={search_term_string}"},"query-input":{"@type":"PropertyValueSpecification","valueRequired":true,"valueName":"search_term_string"}}],"inLanguage":"es"},{"@type":"Organization","@id":"https:\/\/informaticabalsi.com\/#organization","name":"Tienda","url":"https:\/\/informaticabalsi.com\/","logo":{"@type":"ImageObject","inLanguage":"es","@id":"https:\/\/informaticabalsi.com\/#\/schema\/logo\/image\/","url":"https:\/\/informaticabalsi.com\/wp-content\/uploads\/2025\/06\/Logo-nuevo-PNG.png","contentUrl":"https:\/\/informaticabalsi.com\/wp-content\/uploads\/2025\/06\/Logo-nuevo-PNG.png","width":1006,"height":327,"caption":"Tienda"},"image":{"@id":"https:\/\/informaticabalsi.com\/#\/schema\/logo\/image\/"}}]}},"jetpack_sharing_enabled":true,"_links":{"self":[{"href":"https:\/\/informaticabalsi.com\/index.php?rest_route=\/wp\/v2\/pages\/78","targetHints":{"allow":["GET"]}}],"collection":[{"href":"https:\/\/informaticabalsi.com\/index.php?rest_route=\/wp\/v2\/pages"}],"about":[{"href":"https:\/\/informaticabalsi.com\/index.php?rest_route=\/wp\/v2\/types\/page"}],"author":[{"embeddable":true,"href":"https:\/\/informaticabalsi.com\/index.php?rest_route=\/wp\/v2\/users\/1"}],"replies":[{"embeddable":true,"href":"https:\/\/informaticabalsi.com\/index.php?rest_route=%2Fwp%2Fv2%2Fcomments&post=78"}],"version-history":[{"count":64,"href":"https:\/\/informaticabalsi.com\/index.php?rest_route=\/wp\/v2\/pages\/78\/revisions"}],"predecessor-version":[{"id":1517,"href":"https:\/\/informaticabalsi.com\/index.php?rest_route=\/wp\/v2\/pages\/78\/revisions\/1517"}],"wp:attachment":[{"href":"https:\/\/informaticabalsi.com\/index.php?rest_route=%2Fwp%2Fv2%2Fmedia&parent=78"}],"curies":[{"name":"wp","href":"https:\/\/api.w.org\/{rel}","templated":true}]}}