{"id":80,"date":"2024-07-18T09:15:33","date_gmt":"2024-07-18T09:15:33","guid":{"rendered":"https:\/\/informaticabalsi.com\/?page_id=80"},"modified":"2025-06-02T11:11:19","modified_gmt":"2025-06-02T11:11:19","slug":"descargas","status":"publish","type":"page","link":"https:\/\/informaticabalsi.com\/?page_id=80","title":{"rendered":"Descargas"},"content":{"rendered":"\t\t<div data-elementor-type=\"wp-page\" data-elementor-id=\"80\" class=\"elementor elementor-80\">\n\t\t\t\t<div class=\"elementor-element elementor-element-24ea89f e-con-full e-flex elementor-invisible e-con e-parent\" data-id=\"24ea89f\" data-element_type=\"container\" data-e-type=\"container\" data-settings=\"{&quot;animation&quot;:&quot;fadeInLeft&quot;}\">\n\t\t\t\t<div class=\"elementor-element elementor-element-29752aa elementor-widget elementor-widget-image\" data-id=\"29752aa\" data-element_type=\"widget\" data-e-type=\"widget\" data-widget_type=\"image.default\">\n\t\t\t\t<div class=\"elementor-widget-container\">\n\t\t\t\t\t\t\t\t\t\t\t\t\t\t\t<img fetchpriority=\"high\" decoding=\"async\" width=\"792\" height=\"200\" src=\"https:\/\/informaticabalsi.com\/wp-content\/uploads\/2024\/07\/F1-aplastado.png\" class=\"attachment-large size-large wp-image-383\" alt=\"\" srcset=\"https:\/\/informaticabalsi.com\/wp-content\/uploads\/2024\/07\/F1-aplastado.png 792w, https:\/\/informaticabalsi.com\/wp-content\/uploads\/2024\/07\/F1-aplastado-300x76.png 300w, https:\/\/informaticabalsi.com\/wp-content\/uploads\/2024\/07\/F1-aplastado-768x194.png 768w, https:\/\/informaticabalsi.com\/wp-content\/uploads\/2024\/07\/F1-aplastado-600x152.png 600w\" sizes=\"(max-width: 792px) 100vw, 792px\" \/>\t\t\t\t\t\t\t\t\t\t\t\t\t\t\t<\/div>\n\t\t\t\t<\/div>\n\t\t\t\t<div class=\"elementor-element elementor-element-2b1f5d6 elementor-widget elementor-widget-html\" data-id=\"2b1f5d6\" data-element_type=\"widget\" data-e-type=\"widget\" data-widget_type=\"html.default\">\n\t\t\t\t<div class=\"elementor-widget-container\">\n\t\t\t\t\t\n\n\n<!DOCTYPE html>\n<html lang=\"es\">\n<head>\n    <meta charset=\"UTF-8\">\n    <meta name=\"viewport\" content=\"width=device-width, initial-scale=1.0\">\n    <style>\n        body {\n            font-family: Arial, sans-serif;\n            background-color: #ffffff;\n            margin: 0;\n            padding: 0;\n        }\n        .form-container {\n            max-width: 600px;\n            margin: 50px auto;\n            background: #2c5a94;\n            padding: 20px;\n            box-shadow: 0 0 10px rgba(0, 0, 0, 0.1);\n            border-radius: 10px;\n        }\n        .form-container h1 {\n            text-align: center;\n            color: white;\n        }\n        .form-container p {\n            color: white;\n            text-align: center;\n        }\n        .form-container form {\n            display: flex;\n            flex-direction: column;\n        }\n        .form-container label {\n            margin: 10px 0 5px;\n            color: white;\n        }\n        .form-container input, \n        .form-container textarea,\n        .form-container select {\n            padding: 10px;\n            border: 1px solid #ccc;\n            border-radius: 5px;\n            margin-bottom: 10px;\n            font-size: 16px;\n            background-color: #2c5a94;\n            color: black;\n        }\n        .form-container input::placeholder, \n        .form-container textarea::placeholder {\n            color: #ccc;\n        }\n        .form-container input:focus, \n        .form-container textarea:focus,\n        .form-container select:focus {\n            color: black; \n        }\n        .form-container input:invalid, \n        .form-container textarea:invalid {\n            border-color: #ccc;\n        }\n        .form-container textarea {\n            resize: vertical;\n        }\n        .form-container button {\n            background-color: white;\n            color: #2c5a94;\n            padding: 10px 15px;\n            border: none;\n            border-radius: 5px;\n            cursor: pointer;\n            font-size: 16px;\n        }\n        .form-container button:hover {\n            background-color: #2c5a94;\n            color: white;\n        }\n\n        .form-container select.apartado-select {\n            background-color: black;\n            color: white;\n        }\n        .form-container select.apartado-select option {\n            background-color: black;\n            color: white;\n        }\n    <\/style>\n<\/head>\n<body>\n    <div class=\"form-container\">\n        <h1 style=\"font-size:25px\">Descargas<\/h1>\n        <form action=\"\/submit\" method=\"post\">\n            <label for=\"empresa\">Empresa<\/label>\n            <input type=\"text\" id=\"empresa\" name=\"empresa\" required placeholder=\"Ingrese el nombre de su empresa\">\n\n            <label for=\"contacto\">Nombre<\/label>\n            <input type=\"text\" id=\"contacto\" name=\"contacto\" required placeholder=\"Ingrese su nombre completo\">\n\n            <label for=\"email\">Correo electr\u00f3nico<\/label>\n            <input type=\"email\" id=\"email\" name=\"email\" required placeholder=\"nombre@ejemplo.com\">\n\n            <label for=\"telefono\">N\u00ba de tel\u00e9fono<\/label>\n            <input type=\"tel\" id=\"telefono\" name=\"telefono\" pattern=\"[0-9]{9,15}\" title=\"Por favor, introduzca un n\u00famero de tel\u00e9fono v\u00e1lido (solo n\u00fameros, de 9 a 15 d\u00edgitos).\" required placeholder=\"Ingrese su n\u00famero de tel\u00e9fono\">\n\n            <label for=\"poblacion\">Poblaci\u00f3n y Provincia<\/label>\n            <input type=\"text\" id=\"poblacion\" name=\"poblacion\" required placeholder=\"Ingrese su poblaci\u00f3n y provincia\">\n\n            <label for=\"apartado\">Apartados<\/label>\n            <select id=\"apartado\" name=\"apartado\" class=\"apartado-select\" required>\n                <option value=\"\">Seleccione un apartado<\/option>\n                <option value=\"BalsiGestionComercial\">Balsi Gesti&oacute;n Comercial<\/option>\n              <option value=\"BalsiGestionProyectos\">Balsi Gesti&oacute;n Proyectos<\/option>\n              <option value=\"BalsiPresDent\">Balsi PresDent<\/option>\n              <option value=\"BalsiGestionDocumental\">Balsi Gesti&oacute;n Documental<\/option>\n            <\/select>\n\n            <label for=\"descripcion\">Indique una breve descripci\u00f3n de su necesidad<\/label>\n            <textarea id=\"descripcion\" name=\"descripcion\" rows=\"4\" required placeholder=\"Describa brevemente su solicitud\"><\/textarea>\n\n            <button type=\"submit\">Enviar Solicitud<\/button>\n        <\/form>\n    <\/div>\n<\/body>\n<\/html>\n\n\t\t\t\t<\/div>\n\t\t\t\t<\/div>\n\t\t\t\t<\/div>\n\t\t\t\t<\/div>\n\t\t","protected":false},"excerpt":{"rendered":"<p>Descargas Empresa Nombre Correo electr\u00f3nico N\u00ba de tel\u00e9fono Poblaci\u00f3n y Provincia Apartados Seleccione un apartadoBalsi Gesti&oacute;n ComercialBalsi Gesti&oacute;n ProyectosBalsi PresDentBalsi Gesti&oacute;n Documental Indique una breve descripci\u00f3n de su necesidad Enviar Solicitud<\/p>\n","protected":false},"author":1,"featured_media":0,"parent":0,"menu_order":0,"comment_status":"closed","ping_status":"closed","template":"","meta":{"footnotes":""},"class_list":["post-80","page","type-page","status-publish","hentry"],"blocksy_meta":[],"yoast_head":"<!-- This site is optimized with the Yoast SEO plugin v27.4 - https:\/\/yoast.com\/product\/yoast-seo-wordpress\/ -->\n<title>Descargas - Tienda<\/title>\n<meta name=\"robots\" content=\"index, follow, max-snippet:-1, max-image-preview:large, max-video-preview:-1\" \/>\n<link rel=\"canonical\" href=\"https:\/\/informaticabalsi.com\/?page_id=80\" \/>\n<meta property=\"og:locale\" content=\"es_ES\" \/>\n<meta property=\"og:type\" content=\"article\" \/>\n<meta property=\"og:title\" content=\"Descargas - Tienda\" \/>\n<meta property=\"og:description\" content=\"Descargas Empresa Nombre Correo electr\u00f3nico N\u00ba de tel\u00e9fono Poblaci\u00f3n y Provincia Apartados Seleccione un apartadoBalsi Gesti&oacute;n ComercialBalsi Gesti&oacute;n ProyectosBalsi PresDentBalsi Gesti&oacute;n Documental Indique una breve descripci\u00f3n de su necesidad Enviar Solicitud\" \/>\n<meta property=\"og:url\" content=\"https:\/\/informaticabalsi.com\/?page_id=80\" \/>\n<meta property=\"og:site_name\" content=\"Tienda\" \/>\n<meta property=\"article:modified_time\" content=\"2025-06-02T11:11:19+00:00\" \/>\n<meta property=\"og:image\" content=\"https:\/\/informaticabalsi.com\/wp-content\/uploads\/2024\/07\/F1-aplastado.png\" \/>\n<meta name=\"twitter:card\" content=\"summary_large_image\" \/>\n<meta name=\"twitter:label1\" content=\"Tiempo de lectura\" \/>\n\t<meta name=\"twitter:data1\" content=\"1 minuto\" \/>\n<script type=\"application\/ld+json\" class=\"yoast-schema-graph\">{\"@context\":\"https:\\\/\\\/schema.org\",\"@graph\":[{\"@type\":\"WebPage\",\"@id\":\"https:\\\/\\\/informaticabalsi.com\\\/?page_id=80\",\"url\":\"https:\\\/\\\/informaticabalsi.com\\\/?page_id=80\",\"name\":\"Descargas - Tienda\",\"isPartOf\":{\"@id\":\"https:\\\/\\\/informaticabalsi.com\\\/#website\"},\"primaryImageOfPage\":{\"@id\":\"https:\\\/\\\/informaticabalsi.com\\\/?page_id=80#primaryimage\"},\"image\":{\"@id\":\"https:\\\/\\\/informaticabalsi.com\\\/?page_id=80#primaryimage\"},\"thumbnailUrl\":\"https:\\\/\\\/informaticabalsi.com\\\/wp-content\\\/uploads\\\/2024\\\/07\\\/F1-aplastado.png\",\"datePublished\":\"2024-07-18T09:15:33+00:00\",\"dateModified\":\"2025-06-02T11:11:19+00:00\",\"breadcrumb\":{\"@id\":\"https:\\\/\\\/informaticabalsi.com\\\/?page_id=80#breadcrumb\"},\"inLanguage\":\"es\",\"potentialAction\":[{\"@type\":\"ReadAction\",\"target\":[\"https:\\\/\\\/informaticabalsi.com\\\/?page_id=80\"]}]},{\"@type\":\"ImageObject\",\"inLanguage\":\"es\",\"@id\":\"https:\\\/\\\/informaticabalsi.com\\\/?page_id=80#primaryimage\",\"url\":\"https:\\\/\\\/informaticabalsi.com\\\/wp-content\\\/uploads\\\/2024\\\/07\\\/F1-aplastado.png\",\"contentUrl\":\"https:\\\/\\\/informaticabalsi.com\\\/wp-content\\\/uploads\\\/2024\\\/07\\\/F1-aplastado.png\",\"width\":792,\"height\":200},{\"@type\":\"BreadcrumbList\",\"@id\":\"https:\\\/\\\/informaticabalsi.com\\\/?page_id=80#breadcrumb\",\"itemListElement\":[{\"@type\":\"ListItem\",\"position\":1,\"name\":\"Portada\",\"item\":\"https:\\\/\\\/informaticabalsi.com\\\/\"},{\"@type\":\"ListItem\",\"position\":2,\"name\":\"Descargas\"}]},{\"@type\":\"WebSite\",\"@id\":\"https:\\\/\\\/informaticabalsi.com\\\/#website\",\"url\":\"https:\\\/\\\/informaticabalsi.com\\\/\",\"name\":\"Tienda\",\"description\":\"\",\"publisher\":{\"@id\":\"https:\\\/\\\/informaticabalsi.com\\\/#organization\"},\"potentialAction\":[{\"@type\":\"SearchAction\",\"target\":{\"@type\":\"EntryPoint\",\"urlTemplate\":\"https:\\\/\\\/informaticabalsi.com\\\/?s={search_term_string}\"},\"query-input\":{\"@type\":\"PropertyValueSpecification\",\"valueRequired\":true,\"valueName\":\"search_term_string\"}}],\"inLanguage\":\"es\"},{\"@type\":\"Organization\",\"@id\":\"https:\\\/\\\/informaticabalsi.com\\\/#organization\",\"name\":\"Tienda\",\"url\":\"https:\\\/\\\/informaticabalsi.com\\\/\",\"logo\":{\"@type\":\"ImageObject\",\"inLanguage\":\"es\",\"@id\":\"https:\\\/\\\/informaticabalsi.com\\\/#\\\/schema\\\/logo\\\/image\\\/\",\"url\":\"https:\\\/\\\/informaticabalsi.com\\\/wp-content\\\/uploads\\\/2025\\\/06\\\/Logo-nuevo-PNG.png\",\"contentUrl\":\"https:\\\/\\\/informaticabalsi.com\\\/wp-content\\\/uploads\\\/2025\\\/06\\\/Logo-nuevo-PNG.png\",\"width\":1006,\"height\":327,\"caption\":\"Tienda\"},\"image\":{\"@id\":\"https:\\\/\\\/informaticabalsi.com\\\/#\\\/schema\\\/logo\\\/image\\\/\"}}]}<\/script>\n<!-- \/ Yoast SEO plugin. -->","yoast_head_json":{"title":"Descargas - Tienda","robots":{"index":"index","follow":"follow","max-snippet":"max-snippet:-1","max-image-preview":"max-image-preview:large","max-video-preview":"max-video-preview:-1"},"canonical":"https:\/\/informaticabalsi.com\/?page_id=80","og_locale":"es_ES","og_type":"article","og_title":"Descargas - Tienda","og_description":"Descargas Empresa Nombre Correo electr\u00f3nico N\u00ba de tel\u00e9fono Poblaci\u00f3n y Provincia Apartados Seleccione un apartadoBalsi Gesti&oacute;n ComercialBalsi Gesti&oacute;n ProyectosBalsi PresDentBalsi Gesti&oacute;n Documental Indique una breve descripci\u00f3n de su necesidad Enviar Solicitud","og_url":"https:\/\/informaticabalsi.com\/?page_id=80","og_site_name":"Tienda","article_modified_time":"2025-06-02T11:11:19+00:00","og_image":[{"url":"https:\/\/informaticabalsi.com\/wp-content\/uploads\/2024\/07\/F1-aplastado.png","type":"","width":"","height":""}],"twitter_card":"summary_large_image","twitter_misc":{"Tiempo de lectura":"1 minuto"},"schema":{"@context":"https:\/\/schema.org","@graph":[{"@type":"WebPage","@id":"https:\/\/informaticabalsi.com\/?page_id=80","url":"https:\/\/informaticabalsi.com\/?page_id=80","name":"Descargas - Tienda","isPartOf":{"@id":"https:\/\/informaticabalsi.com\/#website"},"primaryImageOfPage":{"@id":"https:\/\/informaticabalsi.com\/?page_id=80#primaryimage"},"image":{"@id":"https:\/\/informaticabalsi.com\/?page_id=80#primaryimage"},"thumbnailUrl":"https:\/\/informaticabalsi.com\/wp-content\/uploads\/2024\/07\/F1-aplastado.png","datePublished":"2024-07-18T09:15:33+00:00","dateModified":"2025-06-02T11:11:19+00:00","breadcrumb":{"@id":"https:\/\/informaticabalsi.com\/?page_id=80#breadcrumb"},"inLanguage":"es","potentialAction":[{"@type":"ReadAction","target":["https:\/\/informaticabalsi.com\/?page_id=80"]}]},{"@type":"ImageObject","inLanguage":"es","@id":"https:\/\/informaticabalsi.com\/?page_id=80#primaryimage","url":"https:\/\/informaticabalsi.com\/wp-content\/uploads\/2024\/07\/F1-aplastado.png","contentUrl":"https:\/\/informaticabalsi.com\/wp-content\/uploads\/2024\/07\/F1-aplastado.png","width":792,"height":200},{"@type":"BreadcrumbList","@id":"https:\/\/informaticabalsi.com\/?page_id=80#breadcrumb","itemListElement":[{"@type":"ListItem","position":1,"name":"Portada","item":"https:\/\/informaticabalsi.com\/"},{"@type":"ListItem","position":2,"name":"Descargas"}]},{"@type":"WebSite","@id":"https:\/\/informaticabalsi.com\/#website","url":"https:\/\/informaticabalsi.com\/","name":"Tienda","description":"","publisher":{"@id":"https:\/\/informaticabalsi.com\/#organization"},"potentialAction":[{"@type":"SearchAction","target":{"@type":"EntryPoint","urlTemplate":"https:\/\/informaticabalsi.com\/?s={search_term_string}"},"query-input":{"@type":"PropertyValueSpecification","valueRequired":true,"valueName":"search_term_string"}}],"inLanguage":"es"},{"@type":"Organization","@id":"https:\/\/informaticabalsi.com\/#organization","name":"Tienda","url":"https:\/\/informaticabalsi.com\/","logo":{"@type":"ImageObject","inLanguage":"es","@id":"https:\/\/informaticabalsi.com\/#\/schema\/logo\/image\/","url":"https:\/\/informaticabalsi.com\/wp-content\/uploads\/2025\/06\/Logo-nuevo-PNG.png","contentUrl":"https:\/\/informaticabalsi.com\/wp-content\/uploads\/2025\/06\/Logo-nuevo-PNG.png","width":1006,"height":327,"caption":"Tienda"},"image":{"@id":"https:\/\/informaticabalsi.com\/#\/schema\/logo\/image\/"}}]}},"jetpack_sharing_enabled":true,"_links":{"self":[{"href":"https:\/\/informaticabalsi.com\/index.php?rest_route=\/wp\/v2\/pages\/80","targetHints":{"allow":["GET"]}}],"collection":[{"href":"https:\/\/informaticabalsi.com\/index.php?rest_route=\/wp\/v2\/pages"}],"about":[{"href":"https:\/\/informaticabalsi.com\/index.php?rest_route=\/wp\/v2\/types\/page"}],"author":[{"embeddable":true,"href":"https:\/\/informaticabalsi.com\/index.php?rest_route=\/wp\/v2\/users\/1"}],"replies":[{"embeddable":true,"href":"https:\/\/informaticabalsi.com\/index.php?rest_route=%2Fwp%2Fv2%2Fcomments&post=80"}],"version-history":[{"count":64,"href":"https:\/\/informaticabalsi.com\/index.php?rest_route=\/wp\/v2\/pages\/80\/revisions"}],"predecessor-version":[{"id":1477,"href":"https:\/\/informaticabalsi.com\/index.php?rest_route=\/wp\/v2\/pages\/80\/revisions\/1477"}],"wp:attachment":[{"href":"https:\/\/informaticabalsi.com\/index.php?rest_route=%2Fwp%2Fv2%2Fmedia&parent=80"}],"curies":[{"name":"wp","href":"https:\/\/api.w.org\/{rel}","templated":true}]}}