{"id":1009,"date":"2024-07-22T15:44:15","date_gmt":"2024-07-22T15:44:15","guid":{"rendered":"https:\/\/informaticabalsi.com\/?post_type=product&#038;p=1009"},"modified":"2024-07-22T15:44:15","modified_gmt":"2024-07-22T15:44:15","slug":"quantum-t","status":"publish","type":"product","link":"https:\/\/informaticabalsi.com\/?product=quantum-t","title":{"rendered":"QUANTUM T"},"content":{"rendered":"<p>Caracter\u00edsticas:<\/p>\n<p>&#8211; Scanner L\u00e1ser Fijo Omnidireccional Quantum T MS-3580.<br \/>\n. &#8211; Activaci\u00f3n autom\u00e1tica IR (Modo reposo).<br \/>\n&#8211; Configuraci\u00f3n personalizada del entramado de l\u00edneas.<br \/>\n&#8211; Velocidad de lectura de 1.650 scan\/segundo.<br \/>\n&#8211; Profundidad de campo programable.<br \/>\n&#8211; Interface Teclado, RS-232 \u00f3 USB.<br \/>\n&#8211; Disponible en color gris \u00f3 negro.<br \/>\nECLIPSE<\/p>\n","protected":false},"excerpt":{"rendered":"<p>Caracter\u00edsticas:<\/p>\n<p>&#8211; Scanner L\u00e1ser Fijo Omnidireccional Quantum T MS-3580.<br \/>\n. &#8211; Activaci\u00f3n autom\u00e1tica IR (Modo reposo).<br \/>\n&#8211; Configuraci\u00f3n personalizada del entramado de l\u00edneas.<br \/>\n&#8211; Velocidad de lectura de 1.650 scan\/segundo.<br \/>\n&#8211; Profundidad de campo programable.<br \/>\n&#8211; Interface Teclado, RS-232 \u00f3 USB.<br \/>\n&#8211; Disponible en color gris \u00f3 negro.<br \/>\nECLIPSE<\/p>\n","protected":false},"featured_media":1010,"comment_status":"open","ping_status":"closed","template":"","meta":[],"product_brand":[],"product_cat":[24],"product_tag":[],"class_list":{"0":"post-1009","1":"product","2":"type-product","3":"status-publish","4":"has-post-thumbnail","6":"product_cat-scanners","8":"first","9":"instock","10":"shipping-taxable","11":"product-type-simple"},"yoast_head":"<!-- This site is optimized with the Yoast SEO plugin v27.4 - https:\/\/yoast.com\/product\/yoast-seo-wordpress\/ -->\n<title>QUANTUM T - Tienda<\/title>\n<meta name=\"robots\" content=\"index, follow, max-snippet:-1, max-image-preview:large, max-video-preview:-1\" \/>\n<link rel=\"canonical\" href=\"https:\/\/informaticabalsi.com\/?product=quantum-t\" \/>\n<meta property=\"og:locale\" content=\"es_ES\" \/>\n<meta property=\"og:type\" content=\"article\" \/>\n<meta property=\"og:title\" content=\"QUANTUM T - Tienda\" \/>\n<meta property=\"og:description\" content=\"Caracter\u00edsticas:  - Scanner L\u00e1ser Fijo Omnidireccional Quantum T MS-3580. . - Activaci\u00f3n autom\u00e1tica IR (Modo reposo). - Configuraci\u00f3n personalizada del entramado de l\u00edneas. - Velocidad de lectura de 1.650 scan\/segundo. - Profundidad de campo programable. - Interface Teclado, RS-232 \u00f3 USB. - Disponible en color gris \u00f3 negro. ECLIPSE\" \/>\n<meta property=\"og:url\" content=\"https:\/\/informaticabalsi.com\/?product=quantum-t\" \/>\n<meta property=\"og:site_name\" content=\"Tienda\" \/>\n<meta property=\"og:image\" content=\"https:\/\/informaticabalsi.com\/wp-content\/uploads\/2024\/07\/scanner2.jpg\" \/>\n\t<meta property=\"og:image:width\" content=\"120\" \/>\n\t<meta property=\"og:image:height\" content=\"65\" \/>\n\t<meta property=\"og:image:type\" content=\"image\/jpeg\" \/>\n<meta name=\"twitter:card\" content=\"summary_large_image\" \/>\n<meta name=\"twitter:label1\" content=\"Tiempo de lectura\" \/>\n\t<meta name=\"twitter:data1\" content=\"1 minuto\" \/>\n<script type=\"application\/ld+json\" class=\"yoast-schema-graph\">{\"@context\":\"https:\\\/\\\/schema.org\",\"@graph\":[{\"@type\":\"WebPage\",\"@id\":\"https:\\\/\\\/informaticabalsi.com\\\/?product=quantum-t\",\"url\":\"https:\\\/\\\/informaticabalsi.com\\\/?product=quantum-t\",\"name\":\"QUANTUM T - Tienda\",\"isPartOf\":{\"@id\":\"https:\\\/\\\/informaticabalsi.com\\\/#website\"},\"primaryImageOfPage\":{\"@id\":\"https:\\\/\\\/informaticabalsi.com\\\/?product=quantum-t#primaryimage\"},\"image\":{\"@id\":\"https:\\\/\\\/informaticabalsi.com\\\/?product=quantum-t#primaryimage\"},\"thumbnailUrl\":\"https:\\\/\\\/informaticabalsi.com\\\/wp-content\\\/uploads\\\/2024\\\/07\\\/scanner2.jpg\",\"datePublished\":\"2024-07-22T15:44:15+00:00\",\"breadcrumb\":{\"@id\":\"https:\\\/\\\/informaticabalsi.com\\\/?product=quantum-t#breadcrumb\"},\"inLanguage\":\"es\",\"potentialAction\":[{\"@type\":\"ReadAction\",\"target\":[\"https:\\\/\\\/informaticabalsi.com\\\/?product=quantum-t\"]}]},{\"@type\":\"ImageObject\",\"inLanguage\":\"es\",\"@id\":\"https:\\\/\\\/informaticabalsi.com\\\/?product=quantum-t#primaryimage\",\"url\":\"https:\\\/\\\/informaticabalsi.com\\\/wp-content\\\/uploads\\\/2024\\\/07\\\/scanner2.jpg\",\"contentUrl\":\"https:\\\/\\\/informaticabalsi.com\\\/wp-content\\\/uploads\\\/2024\\\/07\\\/scanner2.jpg\",\"width\":120,\"height\":65},{\"@type\":\"BreadcrumbList\",\"@id\":\"https:\\\/\\\/informaticabalsi.com\\\/?product=quantum-t#breadcrumb\",\"itemListElement\":[{\"@type\":\"ListItem\",\"position\":1,\"name\":\"Portada\",\"item\":\"https:\\\/\\\/informaticabalsi.com\\\/\"},{\"@type\":\"ListItem\",\"position\":2,\"name\":\"Tienda\",\"item\":\"https:\\\/\\\/informaticabalsi.com\\\/?page_id=6\"},{\"@type\":\"ListItem\",\"position\":3,\"name\":\"QUANTUM T\"}]},{\"@type\":\"WebSite\",\"@id\":\"https:\\\/\\\/informaticabalsi.com\\\/#website\",\"url\":\"https:\\\/\\\/informaticabalsi.com\\\/\",\"name\":\"Tienda\",\"description\":\"\",\"publisher\":{\"@id\":\"https:\\\/\\\/informaticabalsi.com\\\/#organization\"},\"potentialAction\":[{\"@type\":\"SearchAction\",\"target\":{\"@type\":\"EntryPoint\",\"urlTemplate\":\"https:\\\/\\\/informaticabalsi.com\\\/?s={search_term_string}\"},\"query-input\":{\"@type\":\"PropertyValueSpecification\",\"valueRequired\":true,\"valueName\":\"search_term_string\"}}],\"inLanguage\":\"es\"},{\"@type\":\"Organization\",\"@id\":\"https:\\\/\\\/informaticabalsi.com\\\/#organization\",\"name\":\"Tienda\",\"url\":\"https:\\\/\\\/informaticabalsi.com\\\/\",\"logo\":{\"@type\":\"ImageObject\",\"inLanguage\":\"es\",\"@id\":\"https:\\\/\\\/informaticabalsi.com\\\/#\\\/schema\\\/logo\\\/image\\\/\",\"url\":\"https:\\\/\\\/informaticabalsi.com\\\/wp-content\\\/uploads\\\/2025\\\/06\\\/Logo-nuevo-PNG.png\",\"contentUrl\":\"https:\\\/\\\/informaticabalsi.com\\\/wp-content\\\/uploads\\\/2025\\\/06\\\/Logo-nuevo-PNG.png\",\"width\":1006,\"height\":327,\"caption\":\"Tienda\"},\"image\":{\"@id\":\"https:\\\/\\\/informaticabalsi.com\\\/#\\\/schema\\\/logo\\\/image\\\/\"}}]}<\/script>\n<!-- \/ Yoast SEO plugin. -->","yoast_head_json":{"title":"QUANTUM T - Tienda","robots":{"index":"index","follow":"follow","max-snippet":"max-snippet:-1","max-image-preview":"max-image-preview:large","max-video-preview":"max-video-preview:-1"},"canonical":"https:\/\/informaticabalsi.com\/?product=quantum-t","og_locale":"es_ES","og_type":"article","og_title":"QUANTUM T - Tienda","og_description":"Caracter\u00edsticas:  - Scanner L\u00e1ser Fijo Omnidireccional Quantum T MS-3580. . - Activaci\u00f3n autom\u00e1tica IR (Modo reposo). - Configuraci\u00f3n personalizada del entramado de l\u00edneas. - Velocidad de lectura de 1.650 scan\/segundo. - Profundidad de campo programable. - Interface Teclado, RS-232 \u00f3 USB. - Disponible en color gris \u00f3 negro. ECLIPSE","og_url":"https:\/\/informaticabalsi.com\/?product=quantum-t","og_site_name":"Tienda","og_image":[{"width":120,"height":65,"url":"https:\/\/informaticabalsi.com\/wp-content\/uploads\/2024\/07\/scanner2.jpg","type":"image\/jpeg"}],"twitter_card":"summary_large_image","twitter_misc":{"Tiempo de lectura":"1 minuto"},"schema":{"@context":"https:\/\/schema.org","@graph":[{"@type":"WebPage","@id":"https:\/\/informaticabalsi.com\/?product=quantum-t","url":"https:\/\/informaticabalsi.com\/?product=quantum-t","name":"QUANTUM T - Tienda","isPartOf":{"@id":"https:\/\/informaticabalsi.com\/#website"},"primaryImageOfPage":{"@id":"https:\/\/informaticabalsi.com\/?product=quantum-t#primaryimage"},"image":{"@id":"https:\/\/informaticabalsi.com\/?product=quantum-t#primaryimage"},"thumbnailUrl":"https:\/\/informaticabalsi.com\/wp-content\/uploads\/2024\/07\/scanner2.jpg","datePublished":"2024-07-22T15:44:15+00:00","breadcrumb":{"@id":"https:\/\/informaticabalsi.com\/?product=quantum-t#breadcrumb"},"inLanguage":"es","potentialAction":[{"@type":"ReadAction","target":["https:\/\/informaticabalsi.com\/?product=quantum-t"]}]},{"@type":"ImageObject","inLanguage":"es","@id":"https:\/\/informaticabalsi.com\/?product=quantum-t#primaryimage","url":"https:\/\/informaticabalsi.com\/wp-content\/uploads\/2024\/07\/scanner2.jpg","contentUrl":"https:\/\/informaticabalsi.com\/wp-content\/uploads\/2024\/07\/scanner2.jpg","width":120,"height":65},{"@type":"BreadcrumbList","@id":"https:\/\/informaticabalsi.com\/?product=quantum-t#breadcrumb","itemListElement":[{"@type":"ListItem","position":1,"name":"Portada","item":"https:\/\/informaticabalsi.com\/"},{"@type":"ListItem","position":2,"name":"Tienda","item":"https:\/\/informaticabalsi.com\/?page_id=6"},{"@type":"ListItem","position":3,"name":"QUANTUM T"}]},{"@type":"WebSite","@id":"https:\/\/informaticabalsi.com\/#website","url":"https:\/\/informaticabalsi.com\/","name":"Tienda","description":"","publisher":{"@id":"https:\/\/informaticabalsi.com\/#organization"},"potentialAction":[{"@type":"SearchAction","target":{"@type":"EntryPoint","urlTemplate":"https:\/\/informaticabalsi.com\/?s={search_term_string}"},"query-input":{"@type":"PropertyValueSpecification","valueRequired":true,"valueName":"search_term_string"}}],"inLanguage":"es"},{"@type":"Organization","@id":"https:\/\/informaticabalsi.com\/#organization","name":"Tienda","url":"https:\/\/informaticabalsi.com\/","logo":{"@type":"ImageObject","inLanguage":"es","@id":"https:\/\/informaticabalsi.com\/#\/schema\/logo\/image\/","url":"https:\/\/informaticabalsi.com\/wp-content\/uploads\/2025\/06\/Logo-nuevo-PNG.png","contentUrl":"https:\/\/informaticabalsi.com\/wp-content\/uploads\/2025\/06\/Logo-nuevo-PNG.png","width":1006,"height":327,"caption":"Tienda"},"image":{"@id":"https:\/\/informaticabalsi.com\/#\/schema\/logo\/image\/"}}]}},"jetpack_sharing_enabled":true,"_links":{"self":[{"href":"https:\/\/informaticabalsi.com\/index.php?rest_route=\/wp\/v2\/product\/1009","targetHints":{"allow":["GET"]}}],"collection":[{"href":"https:\/\/informaticabalsi.com\/index.php?rest_route=\/wp\/v2\/product"}],"about":[{"href":"https:\/\/informaticabalsi.com\/index.php?rest_route=\/wp\/v2\/types\/product"}],"replies":[{"embeddable":true,"href":"https:\/\/informaticabalsi.com\/index.php?rest_route=%2Fwp%2Fv2%2Fcomments&post=1009"}],"version-history":[{"count":0,"href":"https:\/\/informaticabalsi.com\/index.php?rest_route=\/wp\/v2\/product\/1009\/revisions"}],"wp:featuredmedia":[{"embeddable":true,"href":"https:\/\/informaticabalsi.com\/index.php?rest_route=\/wp\/v2\/media\/1010"}],"wp:attachment":[{"href":"https:\/\/informaticabalsi.com\/index.php?rest_route=%2Fwp%2Fv2%2Fmedia&parent=1009"}],"wp:term":[{"taxonomy":"product_brand","embeddable":true,"href":"https:\/\/informaticabalsi.com\/index.php?rest_route=%2Fwp%2Fv2%2Fproduct_brand&post=1009"},{"taxonomy":"product_cat","embeddable":true,"href":"https:\/\/informaticabalsi.com\/index.php?rest_route=%2Fwp%2Fv2%2Fproduct_cat&post=1009"},{"taxonomy":"product_tag","embeddable":true,"href":"https:\/\/informaticabalsi.com\/index.php?rest_route=%2Fwp%2Fv2%2Fproduct_tag&post=1009"}],"curies":[{"name":"wp","href":"https:\/\/api.w.org\/{rel}","templated":true}]}}