{"id":1011,"date":"2024-07-22T15:46:05","date_gmt":"2024-07-22T15:46:05","guid":{"rendered":"https:\/\/informaticabalsi.com\/?post_type=product&#038;p=1011"},"modified":"2024-07-22T15:46:06","modified_gmt":"2024-07-22T15:46:06","slug":"camara-cdn-221","status":"publish","type":"product","link":"https:\/\/informaticabalsi.com\/?product=camara-cdn-221","title":{"rendered":"C\u00c1MARA CDN-221"},"content":{"rendered":"<p>C\u00e1mara CDN-221 int\/ext \u00f3ptica de 4mm, 600TVL<\/p>\n<p>Sensor: 1\/3\u201d Sony, DSP Nextchip, resoluci\u00f3n<br \/>\n600 TVL, sensibilidad 0 lux (IR activados).<br \/>\n\u00d3ptica de 4mm, 24 leds IR, alcance de los leds 40m, IP66, alimentaci\u00f3n 12Vcc.<br \/>\nFunci\u00f3n BLC, AES, AWB, AGC, SMART IR, OSD.<br \/>\nSoporte con pasacables interno<\/p>\n","protected":false},"excerpt":{"rendered":"<p>C\u00e1mara CDN-221 int\/ext \u00f3ptica de 4mm, 600TVL<\/p>\n<p>Sensor: 1\/3\u201d Sony, DSP Nextchip, resoluci\u00f3n<br \/>\n600 TVL, sensibilidad 0 lux (IR activados).<br \/>\n\u00d3ptica de 4mm, 24 leds IR, alcance de los leds 40m, IP66, alimentaci\u00f3n 12Vcc.<br \/>\nFunci\u00f3n BLC, AES, AWB, AGC, SMART IR, OSD.<\/p>\n","protected":false},"featured_media":1012,"comment_status":"open","ping_status":"closed","template":"","meta":[],"product_brand":[],"product_cat":[25],"product_tag":[],"class_list":{"0":"post-1011","1":"product","2":"type-product","3":"status-publish","4":"has-post-thumbnail","6":"product_cat-videovigilancia","8":"first","9":"instock","10":"shipping-taxable","11":"product-type-simple"},"yoast_head":"<!-- This site is optimized with the Yoast SEO plugin v27.4 - https:\/\/yoast.com\/product\/yoast-seo-wordpress\/ -->\n<title>C\u00c1MARA CDN-221 - Tienda<\/title>\n<meta name=\"robots\" content=\"index, follow, max-snippet:-1, max-image-preview:large, max-video-preview:-1\" \/>\n<link rel=\"canonical\" href=\"https:\/\/informaticabalsi.com\/?product=camara-cdn-221\" \/>\n<meta property=\"og:locale\" content=\"es_ES\" \/>\n<meta property=\"og:type\" content=\"article\" \/>\n<meta property=\"og:title\" content=\"C\u00c1MARA CDN-221 - Tienda\" \/>\n<meta property=\"og:description\" content=\"C\u00e1mara CDN-221 int\/ext \u00f3ptica de 4mm, 600TVL  Sensor: 1\/3\u201d Sony, DSP Nextchip, resoluci\u00f3n 600 TVL, sensibilidad 0 lux (IR activados). \u00d3ptica de 4mm, 24 leds IR, alcance de los leds 40m, IP66, alimentaci\u00f3n 12Vcc. Funci\u00f3n BLC, AES, AWB, AGC, SMART IR, OSD.\" \/>\n<meta property=\"og:url\" content=\"https:\/\/informaticabalsi.com\/?product=camara-cdn-221\" \/>\n<meta property=\"og:site_name\" content=\"Tienda\" \/>\n<meta property=\"article:modified_time\" content=\"2024-07-22T15:46:06+00:00\" \/>\n<meta property=\"og:image\" content=\"https:\/\/informaticabalsi.com\/wp-content\/uploads\/2024\/07\/camara1.jpg\" \/>\n\t<meta property=\"og:image:width\" content=\"150\" \/>\n\t<meta property=\"og:image:height\" content=\"150\" \/>\n\t<meta property=\"og:image:type\" content=\"image\/jpeg\" \/>\n<meta name=\"twitter:card\" content=\"summary_large_image\" \/>\n<meta name=\"twitter:label1\" content=\"Tiempo de lectura\" \/>\n\t<meta name=\"twitter:data1\" content=\"1 minuto\" \/>\n<script type=\"application\/ld+json\" class=\"yoast-schema-graph\">{\"@context\":\"https:\\\/\\\/schema.org\",\"@graph\":[{\"@type\":\"WebPage\",\"@id\":\"https:\\\/\\\/informaticabalsi.com\\\/?product=camara-cdn-221\",\"url\":\"https:\\\/\\\/informaticabalsi.com\\\/?product=camara-cdn-221\",\"name\":\"C\u00c1MARA CDN-221 - Tienda\",\"isPartOf\":{\"@id\":\"https:\\\/\\\/informaticabalsi.com\\\/#website\"},\"primaryImageOfPage\":{\"@id\":\"https:\\\/\\\/informaticabalsi.com\\\/?product=camara-cdn-221#primaryimage\"},\"image\":{\"@id\":\"https:\\\/\\\/informaticabalsi.com\\\/?product=camara-cdn-221#primaryimage\"},\"thumbnailUrl\":\"https:\\\/\\\/informaticabalsi.com\\\/wp-content\\\/uploads\\\/2024\\\/07\\\/camara1.jpg\",\"datePublished\":\"2024-07-22T15:46:05+00:00\",\"dateModified\":\"2024-07-22T15:46:06+00:00\",\"breadcrumb\":{\"@id\":\"https:\\\/\\\/informaticabalsi.com\\\/?product=camara-cdn-221#breadcrumb\"},\"inLanguage\":\"es\",\"potentialAction\":[{\"@type\":\"ReadAction\",\"target\":[\"https:\\\/\\\/informaticabalsi.com\\\/?product=camara-cdn-221\"]}]},{\"@type\":\"ImageObject\",\"inLanguage\":\"es\",\"@id\":\"https:\\\/\\\/informaticabalsi.com\\\/?product=camara-cdn-221#primaryimage\",\"url\":\"https:\\\/\\\/informaticabalsi.com\\\/wp-content\\\/uploads\\\/2024\\\/07\\\/camara1.jpg\",\"contentUrl\":\"https:\\\/\\\/informaticabalsi.com\\\/wp-content\\\/uploads\\\/2024\\\/07\\\/camara1.jpg\",\"width\":150,\"height\":150},{\"@type\":\"BreadcrumbList\",\"@id\":\"https:\\\/\\\/informaticabalsi.com\\\/?product=camara-cdn-221#breadcrumb\",\"itemListElement\":[{\"@type\":\"ListItem\",\"position\":1,\"name\":\"Portada\",\"item\":\"https:\\\/\\\/informaticabalsi.com\\\/\"},{\"@type\":\"ListItem\",\"position\":2,\"name\":\"Tienda\",\"item\":\"https:\\\/\\\/informaticabalsi.com\\\/?page_id=6\"},{\"@type\":\"ListItem\",\"position\":3,\"name\":\"C\u00c1MARA CDN-221\"}]},{\"@type\":\"WebSite\",\"@id\":\"https:\\\/\\\/informaticabalsi.com\\\/#website\",\"url\":\"https:\\\/\\\/informaticabalsi.com\\\/\",\"name\":\"Tienda\",\"description\":\"\",\"publisher\":{\"@id\":\"https:\\\/\\\/informaticabalsi.com\\\/#organization\"},\"potentialAction\":[{\"@type\":\"SearchAction\",\"target\":{\"@type\":\"EntryPoint\",\"urlTemplate\":\"https:\\\/\\\/informaticabalsi.com\\\/?s={search_term_string}\"},\"query-input\":{\"@type\":\"PropertyValueSpecification\",\"valueRequired\":true,\"valueName\":\"search_term_string\"}}],\"inLanguage\":\"es\"},{\"@type\":\"Organization\",\"@id\":\"https:\\\/\\\/informaticabalsi.com\\\/#organization\",\"name\":\"Tienda\",\"url\":\"https:\\\/\\\/informaticabalsi.com\\\/\",\"logo\":{\"@type\":\"ImageObject\",\"inLanguage\":\"es\",\"@id\":\"https:\\\/\\\/informaticabalsi.com\\\/#\\\/schema\\\/logo\\\/image\\\/\",\"url\":\"https:\\\/\\\/informaticabalsi.com\\\/wp-content\\\/uploads\\\/2025\\\/06\\\/Logo-nuevo-PNG.png\",\"contentUrl\":\"https:\\\/\\\/informaticabalsi.com\\\/wp-content\\\/uploads\\\/2025\\\/06\\\/Logo-nuevo-PNG.png\",\"width\":1006,\"height\":327,\"caption\":\"Tienda\"},\"image\":{\"@id\":\"https:\\\/\\\/informaticabalsi.com\\\/#\\\/schema\\\/logo\\\/image\\\/\"}}]}<\/script>\n<!-- \/ Yoast SEO plugin. -->","yoast_head_json":{"title":"C\u00c1MARA CDN-221 - Tienda","robots":{"index":"index","follow":"follow","max-snippet":"max-snippet:-1","max-image-preview":"max-image-preview:large","max-video-preview":"max-video-preview:-1"},"canonical":"https:\/\/informaticabalsi.com\/?product=camara-cdn-221","og_locale":"es_ES","og_type":"article","og_title":"C\u00c1MARA CDN-221 - Tienda","og_description":"C\u00e1mara CDN-221 int\/ext \u00f3ptica de 4mm, 600TVL  Sensor: 1\/3\u201d Sony, DSP Nextchip, resoluci\u00f3n 600 TVL, sensibilidad 0 lux (IR activados). \u00d3ptica de 4mm, 24 leds IR, alcance de los leds 40m, IP66, alimentaci\u00f3n 12Vcc. Funci\u00f3n BLC, AES, AWB, AGC, SMART IR, OSD.","og_url":"https:\/\/informaticabalsi.com\/?product=camara-cdn-221","og_site_name":"Tienda","article_modified_time":"2024-07-22T15:46:06+00:00","og_image":[{"width":150,"height":150,"url":"https:\/\/informaticabalsi.com\/wp-content\/uploads\/2024\/07\/camara1.jpg","type":"image\/jpeg"}],"twitter_card":"summary_large_image","twitter_misc":{"Tiempo de lectura":"1 minuto"},"schema":{"@context":"https:\/\/schema.org","@graph":[{"@type":"WebPage","@id":"https:\/\/informaticabalsi.com\/?product=camara-cdn-221","url":"https:\/\/informaticabalsi.com\/?product=camara-cdn-221","name":"C\u00c1MARA CDN-221 - Tienda","isPartOf":{"@id":"https:\/\/informaticabalsi.com\/#website"},"primaryImageOfPage":{"@id":"https:\/\/informaticabalsi.com\/?product=camara-cdn-221#primaryimage"},"image":{"@id":"https:\/\/informaticabalsi.com\/?product=camara-cdn-221#primaryimage"},"thumbnailUrl":"https:\/\/informaticabalsi.com\/wp-content\/uploads\/2024\/07\/camara1.jpg","datePublished":"2024-07-22T15:46:05+00:00","dateModified":"2024-07-22T15:46:06+00:00","breadcrumb":{"@id":"https:\/\/informaticabalsi.com\/?product=camara-cdn-221#breadcrumb"},"inLanguage":"es","potentialAction":[{"@type":"ReadAction","target":["https:\/\/informaticabalsi.com\/?product=camara-cdn-221"]}]},{"@type":"ImageObject","inLanguage":"es","@id":"https:\/\/informaticabalsi.com\/?product=camara-cdn-221#primaryimage","url":"https:\/\/informaticabalsi.com\/wp-content\/uploads\/2024\/07\/camara1.jpg","contentUrl":"https:\/\/informaticabalsi.com\/wp-content\/uploads\/2024\/07\/camara1.jpg","width":150,"height":150},{"@type":"BreadcrumbList","@id":"https:\/\/informaticabalsi.com\/?product=camara-cdn-221#breadcrumb","itemListElement":[{"@type":"ListItem","position":1,"name":"Portada","item":"https:\/\/informaticabalsi.com\/"},{"@type":"ListItem","position":2,"name":"Tienda","item":"https:\/\/informaticabalsi.com\/?page_id=6"},{"@type":"ListItem","position":3,"name":"C\u00c1MARA CDN-221"}]},{"@type":"WebSite","@id":"https:\/\/informaticabalsi.com\/#website","url":"https:\/\/informaticabalsi.com\/","name":"Tienda","description":"","publisher":{"@id":"https:\/\/informaticabalsi.com\/#organization"},"potentialAction":[{"@type":"SearchAction","target":{"@type":"EntryPoint","urlTemplate":"https:\/\/informaticabalsi.com\/?s={search_term_string}"},"query-input":{"@type":"PropertyValueSpecification","valueRequired":true,"valueName":"search_term_string"}}],"inLanguage":"es"},{"@type":"Organization","@id":"https:\/\/informaticabalsi.com\/#organization","name":"Tienda","url":"https:\/\/informaticabalsi.com\/","logo":{"@type":"ImageObject","inLanguage":"es","@id":"https:\/\/informaticabalsi.com\/#\/schema\/logo\/image\/","url":"https:\/\/informaticabalsi.com\/wp-content\/uploads\/2025\/06\/Logo-nuevo-PNG.png","contentUrl":"https:\/\/informaticabalsi.com\/wp-content\/uploads\/2025\/06\/Logo-nuevo-PNG.png","width":1006,"height":327,"caption":"Tienda"},"image":{"@id":"https:\/\/informaticabalsi.com\/#\/schema\/logo\/image\/"}}]}},"jetpack_sharing_enabled":true,"_links":{"self":[{"href":"https:\/\/informaticabalsi.com\/index.php?rest_route=\/wp\/v2\/product\/1011","targetHints":{"allow":["GET"]}}],"collection":[{"href":"https:\/\/informaticabalsi.com\/index.php?rest_route=\/wp\/v2\/product"}],"about":[{"href":"https:\/\/informaticabalsi.com\/index.php?rest_route=\/wp\/v2\/types\/product"}],"replies":[{"embeddable":true,"href":"https:\/\/informaticabalsi.com\/index.php?rest_route=%2Fwp%2Fv2%2Fcomments&post=1011"}],"version-history":[{"count":0,"href":"https:\/\/informaticabalsi.com\/index.php?rest_route=\/wp\/v2\/product\/1011\/revisions"}],"wp:featuredmedia":[{"embeddable":true,"href":"https:\/\/informaticabalsi.com\/index.php?rest_route=\/wp\/v2\/media\/1012"}],"wp:attachment":[{"href":"https:\/\/informaticabalsi.com\/index.php?rest_route=%2Fwp%2Fv2%2Fmedia&parent=1011"}],"wp:term":[{"taxonomy":"product_brand","embeddable":true,"href":"https:\/\/informaticabalsi.com\/index.php?rest_route=%2Fwp%2Fv2%2Fproduct_brand&post=1011"},{"taxonomy":"product_cat","embeddable":true,"href":"https:\/\/informaticabalsi.com\/index.php?rest_route=%2Fwp%2Fv2%2Fproduct_cat&post=1011"},{"taxonomy":"product_tag","embeddable":true,"href":"https:\/\/informaticabalsi.com\/index.php?rest_route=%2Fwp%2Fv2%2Fproduct_tag&post=1011"}],"curies":[{"name":"wp","href":"https:\/\/api.w.org\/{rel}","templated":true}]}}