{"id":1030,"date":"2024-07-22T16:00:05","date_gmt":"2024-07-22T16:00:05","guid":{"rendered":"https:\/\/informaticabalsi.com\/?post_type=product&#038;p=1030"},"modified":"2024-07-22T16:00:06","modified_gmt":"2024-07-22T16:00:06","slug":"hamster-i","status":"publish","type":"product","link":"https:\/\/informaticabalsi.com\/?product=hamster-i","title":{"rendered":"HAMSTER I"},"content":{"rendered":"<p>Lector biom\u00e9trico para la seguridad de su sistema.<\/p>\n<p>Viene acompa\u00f1ado de software para el acceso a su sistema operativo Windows.<\/p>\n<p>Muy \u00fatil en empresas para el control de acceso a datos confidenciales.<\/p>\n<p>Con la SDK de Nitgen puede personalizar sus aplicaciones a medida para el control de acceso de usuario, identific\u00e1ndolo mediante la huella dactilar sin necesidad de contrase\u00f1as vulnerables.<\/p>\n","protected":false},"excerpt":{"rendered":"<p>Lector biom\u00e9trico para la seguridad de su sistema.<\/p>\n<p>Viene acompa\u00f1ado de software para el acceso a su sistema operativo Windows.<\/p>\n<p>Muy \u00fatil en empresas para el control de acceso a datos confidenciales.<\/p>\n<p>Con la SDK de Nitgen puede personalizar sus aplicaciones a medida para el control de acceso de usuario, identific\u00e1ndolo mediante la huella dactilar sin necesidad de contrase\u00f1as vulnerables.<\/p>\n","protected":false},"featured_media":299,"comment_status":"open","ping_status":"closed","template":"","meta":[],"product_brand":[],"product_cat":[26],"product_tag":[],"class_list":{"0":"post-1030","1":"product","2":"type-product","3":"status-publish","4":"has-post-thumbnail","6":"product_cat-biometricos","8":"first","9":"instock","10":"shipping-taxable","11":"product-type-simple"},"yoast_head":"<!-- This site is optimized with the Yoast SEO plugin v27.4 - https:\/\/yoast.com\/product\/yoast-seo-wordpress\/ -->\n<title>HAMSTER I - Tienda<\/title>\n<meta name=\"robots\" content=\"index, follow, max-snippet:-1, max-image-preview:large, max-video-preview:-1\" \/>\n<link rel=\"canonical\" href=\"https:\/\/informaticabalsi.com\/?product=hamster-i\" \/>\n<meta property=\"og:locale\" content=\"es_ES\" \/>\n<meta property=\"og:type\" content=\"article\" \/>\n<meta property=\"og:title\" content=\"HAMSTER I - Tienda\" \/>\n<meta property=\"og:description\" content=\"Lector biom\u00e9trico para la seguridad de su sistema.  Viene acompa\u00f1ado de software para el acceso a su sistema operativo Windows.  Muy \u00fatil en empresas para el control de acceso a datos confidenciales.  Con la SDK de Nitgen puede personalizar sus aplicaciones a medida para el control de acceso de usuario, identific\u00e1ndolo mediante la huella dactilar sin necesidad de contrase\u00f1as vulnerables.\" \/>\n<meta property=\"og:url\" content=\"https:\/\/informaticabalsi.com\/?product=hamster-i\" \/>\n<meta property=\"og:site_name\" content=\"Tienda\" \/>\n<meta property=\"article:modified_time\" content=\"2024-07-22T16:00:06+00:00\" \/>\n<meta property=\"og:image\" content=\"https:\/\/informaticabalsi.com\/wp-content\/uploads\/2024\/07\/hamstermejorada.jpg\" \/>\n\t<meta property=\"og:image:width\" content=\"240\" \/>\n\t<meta property=\"og:image:height\" content=\"240\" \/>\n\t<meta property=\"og:image:type\" content=\"image\/jpeg\" \/>\n<meta name=\"twitter:card\" content=\"summary_large_image\" \/>\n<meta name=\"twitter:label1\" content=\"Tiempo de lectura\" \/>\n\t<meta name=\"twitter:data1\" content=\"1 minuto\" \/>\n<script type=\"application\/ld+json\" class=\"yoast-schema-graph\">{\"@context\":\"https:\\\/\\\/schema.org\",\"@graph\":[{\"@type\":\"WebPage\",\"@id\":\"https:\\\/\\\/informaticabalsi.com\\\/?product=hamster-i\",\"url\":\"https:\\\/\\\/informaticabalsi.com\\\/?product=hamster-i\",\"name\":\"HAMSTER I - Tienda\",\"isPartOf\":{\"@id\":\"https:\\\/\\\/informaticabalsi.com\\\/#website\"},\"primaryImageOfPage\":{\"@id\":\"https:\\\/\\\/informaticabalsi.com\\\/?product=hamster-i#primaryimage\"},\"image\":{\"@id\":\"https:\\\/\\\/informaticabalsi.com\\\/?product=hamster-i#primaryimage\"},\"thumbnailUrl\":\"https:\\\/\\\/informaticabalsi.com\\\/wp-content\\\/uploads\\\/2024\\\/07\\\/hamstermejorada.jpg\",\"datePublished\":\"2024-07-22T16:00:05+00:00\",\"dateModified\":\"2024-07-22T16:00:06+00:00\",\"breadcrumb\":{\"@id\":\"https:\\\/\\\/informaticabalsi.com\\\/?product=hamster-i#breadcrumb\"},\"inLanguage\":\"es\",\"potentialAction\":[{\"@type\":\"ReadAction\",\"target\":[\"https:\\\/\\\/informaticabalsi.com\\\/?product=hamster-i\"]}]},{\"@type\":\"ImageObject\",\"inLanguage\":\"es\",\"@id\":\"https:\\\/\\\/informaticabalsi.com\\\/?product=hamster-i#primaryimage\",\"url\":\"https:\\\/\\\/informaticabalsi.com\\\/wp-content\\\/uploads\\\/2024\\\/07\\\/hamstermejorada.jpg\",\"contentUrl\":\"https:\\\/\\\/informaticabalsi.com\\\/wp-content\\\/uploads\\\/2024\\\/07\\\/hamstermejorada.jpg\",\"width\":240,\"height\":240},{\"@type\":\"BreadcrumbList\",\"@id\":\"https:\\\/\\\/informaticabalsi.com\\\/?product=hamster-i#breadcrumb\",\"itemListElement\":[{\"@type\":\"ListItem\",\"position\":1,\"name\":\"Portada\",\"item\":\"https:\\\/\\\/informaticabalsi.com\\\/\"},{\"@type\":\"ListItem\",\"position\":2,\"name\":\"Tienda\",\"item\":\"https:\\\/\\\/informaticabalsi.com\\\/?page_id=6\"},{\"@type\":\"ListItem\",\"position\":3,\"name\":\"HAMSTER I\"}]},{\"@type\":\"WebSite\",\"@id\":\"https:\\\/\\\/informaticabalsi.com\\\/#website\",\"url\":\"https:\\\/\\\/informaticabalsi.com\\\/\",\"name\":\"Tienda\",\"description\":\"\",\"publisher\":{\"@id\":\"https:\\\/\\\/informaticabalsi.com\\\/#organization\"},\"potentialAction\":[{\"@type\":\"SearchAction\",\"target\":{\"@type\":\"EntryPoint\",\"urlTemplate\":\"https:\\\/\\\/informaticabalsi.com\\\/?s={search_term_string}\"},\"query-input\":{\"@type\":\"PropertyValueSpecification\",\"valueRequired\":true,\"valueName\":\"search_term_string\"}}],\"inLanguage\":\"es\"},{\"@type\":\"Organization\",\"@id\":\"https:\\\/\\\/informaticabalsi.com\\\/#organization\",\"name\":\"Tienda\",\"url\":\"https:\\\/\\\/informaticabalsi.com\\\/\",\"logo\":{\"@type\":\"ImageObject\",\"inLanguage\":\"es\",\"@id\":\"https:\\\/\\\/informaticabalsi.com\\\/#\\\/schema\\\/logo\\\/image\\\/\",\"url\":\"https:\\\/\\\/informaticabalsi.com\\\/wp-content\\\/uploads\\\/2025\\\/06\\\/Logo-nuevo-PNG.png\",\"contentUrl\":\"https:\\\/\\\/informaticabalsi.com\\\/wp-content\\\/uploads\\\/2025\\\/06\\\/Logo-nuevo-PNG.png\",\"width\":1006,\"height\":327,\"caption\":\"Tienda\"},\"image\":{\"@id\":\"https:\\\/\\\/informaticabalsi.com\\\/#\\\/schema\\\/logo\\\/image\\\/\"}}]}<\/script>\n<!-- \/ Yoast SEO plugin. -->","yoast_head_json":{"title":"HAMSTER I - Tienda","robots":{"index":"index","follow":"follow","max-snippet":"max-snippet:-1","max-image-preview":"max-image-preview:large","max-video-preview":"max-video-preview:-1"},"canonical":"https:\/\/informaticabalsi.com\/?product=hamster-i","og_locale":"es_ES","og_type":"article","og_title":"HAMSTER I - Tienda","og_description":"Lector biom\u00e9trico para la seguridad de su sistema.  Viene acompa\u00f1ado de software para el acceso a su sistema operativo Windows.  Muy \u00fatil en empresas para el control de acceso a datos confidenciales.  Con la SDK de Nitgen puede personalizar sus aplicaciones a medida para el control de acceso de usuario, identific\u00e1ndolo mediante la huella dactilar sin necesidad de contrase\u00f1as vulnerables.","og_url":"https:\/\/informaticabalsi.com\/?product=hamster-i","og_site_name":"Tienda","article_modified_time":"2024-07-22T16:00:06+00:00","og_image":[{"width":240,"height":240,"url":"https:\/\/informaticabalsi.com\/wp-content\/uploads\/2024\/07\/hamstermejorada.jpg","type":"image\/jpeg"}],"twitter_card":"summary_large_image","twitter_misc":{"Tiempo de lectura":"1 minuto"},"schema":{"@context":"https:\/\/schema.org","@graph":[{"@type":"WebPage","@id":"https:\/\/informaticabalsi.com\/?product=hamster-i","url":"https:\/\/informaticabalsi.com\/?product=hamster-i","name":"HAMSTER I - Tienda","isPartOf":{"@id":"https:\/\/informaticabalsi.com\/#website"},"primaryImageOfPage":{"@id":"https:\/\/informaticabalsi.com\/?product=hamster-i#primaryimage"},"image":{"@id":"https:\/\/informaticabalsi.com\/?product=hamster-i#primaryimage"},"thumbnailUrl":"https:\/\/informaticabalsi.com\/wp-content\/uploads\/2024\/07\/hamstermejorada.jpg","datePublished":"2024-07-22T16:00:05+00:00","dateModified":"2024-07-22T16:00:06+00:00","breadcrumb":{"@id":"https:\/\/informaticabalsi.com\/?product=hamster-i#breadcrumb"},"inLanguage":"es","potentialAction":[{"@type":"ReadAction","target":["https:\/\/informaticabalsi.com\/?product=hamster-i"]}]},{"@type":"ImageObject","inLanguage":"es","@id":"https:\/\/informaticabalsi.com\/?product=hamster-i#primaryimage","url":"https:\/\/informaticabalsi.com\/wp-content\/uploads\/2024\/07\/hamstermejorada.jpg","contentUrl":"https:\/\/informaticabalsi.com\/wp-content\/uploads\/2024\/07\/hamstermejorada.jpg","width":240,"height":240},{"@type":"BreadcrumbList","@id":"https:\/\/informaticabalsi.com\/?product=hamster-i#breadcrumb","itemListElement":[{"@type":"ListItem","position":1,"name":"Portada","item":"https:\/\/informaticabalsi.com\/"},{"@type":"ListItem","position":2,"name":"Tienda","item":"https:\/\/informaticabalsi.com\/?page_id=6"},{"@type":"ListItem","position":3,"name":"HAMSTER I"}]},{"@type":"WebSite","@id":"https:\/\/informaticabalsi.com\/#website","url":"https:\/\/informaticabalsi.com\/","name":"Tienda","description":"","publisher":{"@id":"https:\/\/informaticabalsi.com\/#organization"},"potentialAction":[{"@type":"SearchAction","target":{"@type":"EntryPoint","urlTemplate":"https:\/\/informaticabalsi.com\/?s={search_term_string}"},"query-input":{"@type":"PropertyValueSpecification","valueRequired":true,"valueName":"search_term_string"}}],"inLanguage":"es"},{"@type":"Organization","@id":"https:\/\/informaticabalsi.com\/#organization","name":"Tienda","url":"https:\/\/informaticabalsi.com\/","logo":{"@type":"ImageObject","inLanguage":"es","@id":"https:\/\/informaticabalsi.com\/#\/schema\/logo\/image\/","url":"https:\/\/informaticabalsi.com\/wp-content\/uploads\/2025\/06\/Logo-nuevo-PNG.png","contentUrl":"https:\/\/informaticabalsi.com\/wp-content\/uploads\/2025\/06\/Logo-nuevo-PNG.png","width":1006,"height":327,"caption":"Tienda"},"image":{"@id":"https:\/\/informaticabalsi.com\/#\/schema\/logo\/image\/"}}]}},"jetpack_sharing_enabled":true,"_links":{"self":[{"href":"https:\/\/informaticabalsi.com\/index.php?rest_route=\/wp\/v2\/product\/1030","targetHints":{"allow":["GET"]}}],"collection":[{"href":"https:\/\/informaticabalsi.com\/index.php?rest_route=\/wp\/v2\/product"}],"about":[{"href":"https:\/\/informaticabalsi.com\/index.php?rest_route=\/wp\/v2\/types\/product"}],"replies":[{"embeddable":true,"href":"https:\/\/informaticabalsi.com\/index.php?rest_route=%2Fwp%2Fv2%2Fcomments&post=1030"}],"version-history":[{"count":0,"href":"https:\/\/informaticabalsi.com\/index.php?rest_route=\/wp\/v2\/product\/1030\/revisions"}],"wp:featuredmedia":[{"embeddable":true,"href":"https:\/\/informaticabalsi.com\/index.php?rest_route=\/wp\/v2\/media\/299"}],"wp:attachment":[{"href":"https:\/\/informaticabalsi.com\/index.php?rest_route=%2Fwp%2Fv2%2Fmedia&parent=1030"}],"wp:term":[{"taxonomy":"product_brand","embeddable":true,"href":"https:\/\/informaticabalsi.com\/index.php?rest_route=%2Fwp%2Fv2%2Fproduct_brand&post=1030"},{"taxonomy":"product_cat","embeddable":true,"href":"https:\/\/informaticabalsi.com\/index.php?rest_route=%2Fwp%2Fv2%2Fproduct_cat&post=1030"},{"taxonomy":"product_tag","embeddable":true,"href":"https:\/\/informaticabalsi.com\/index.php?rest_route=%2Fwp%2Fv2%2Fproduct_tag&post=1030"}],"curies":[{"name":"wp","href":"https:\/\/api.w.org\/{rel}","templated":true}]}}