{"id":1031,"date":"2024-07-22T16:10:07","date_gmt":"2024-07-22T16:10:07","guid":{"rendered":"https:\/\/informaticabalsi.com\/?post_type=product&#038;p=1031"},"modified":"2024-07-22T16:10:07","modified_gmt":"2024-07-22T16:10:07","slug":"axr1","status":"publish","type":"product","link":"https:\/\/informaticabalsi.com\/?product=axr1","title":{"rendered":"AXR1"},"content":{"rendered":"<p>Fabricado por NavKom.<\/p>\n<p>Su facilidad de uso e instalaci\u00f3n permite control de acceso biom\u00e9trico a cualquier puerta<\/p>\n<p>La biometr\u00eda de huella dactilar evita la suplantaci\u00f3n de identidades y es mucho m\u00e1s confortable para el usuario ya que no se requieren llaves ni tarjetas.<\/p>\n<p>El ARX1 es el mejor sistema para control de accesos dom\u00e9stico, en apartamentos, salas de servidores, peque\u00f1as empresas, almacenes y espacios de acceso restringido.<\/p>\n<p>Es la mejor alternativa a los controles de acceso aut\u00f3nomo por teclado.<br \/>\nDispositivo profesional para uso personal.<\/p>\n<p>Ventajas de este producto:<br \/>\nF\u00e1cil instalaci\u00f3n La unidad exterior se empotra a cajet\u00edn de interruptores convencional. La unidad interior se instala en carril DIN.<br \/>\nNo requiere PC, software ni instalaci\u00f3n de red de datos.<\/p>\n<p>F\u00e1cil uso:<br \/>\nEl usuario solo tiene que deslizar su dedo sobre el lector para ser identificado, sin c\u00f3digos ni tarjetas. Los dos botones, beeper y los tres leds permiten una muy f\u00e1cil alta y baja de usuarios.<\/p>\n<p>Seguridad:<br \/>\nLa biometr\u00eda de huella dactilar evita la suplantaci\u00f3n de identidad.<br \/>\nEl equipo est\u00e1 dividido en 2 unidades, la unidad exterior con el lector, botones y leds, y la unidad interna d\u00f3nde hay los rel\u00e9s y la memoria de usuarios.<\/p>\n<p>Fiable<br \/>\nEl equipo tiene una garant\u00eda de 3 a\u00f1os, muestra de su fiabilidad y calidad. Ideal para control de acceso en casas como apartamentos, garajes y puertas de jard\u00edn; peque\u00f1as empresas, almacenes, salas de servidores y espacios de uso restringido.<\/p>\n","protected":false},"excerpt":{"rendered":"<p>Fabricado por NavKom.<\/p>\n<p>Su facilidad de uso e instalaci\u00f3n permite control de acceso biom\u00e9trico a cualquier puerta<\/p>\n<p>La biometr\u00eda de huella dactilar evita la suplantaci\u00f3n de identidades y es mucho m\u00e1s confortable para el usuario ya que no se requieren llaves ni tarjetas.<\/p>\n","protected":false},"featured_media":306,"comment_status":"open","ping_status":"closed","template":"","meta":[],"product_brand":[],"product_cat":[26],"product_tag":[],"class_list":{"0":"post-1031","1":"product","2":"type-product","3":"status-publish","4":"has-post-thumbnail","6":"product_cat-biometricos","8":"first","9":"instock","10":"shipping-taxable","11":"product-type-simple"},"yoast_head":"<!-- This site is optimized with the Yoast SEO plugin v27.4 - https:\/\/yoast.com\/product\/yoast-seo-wordpress\/ -->\n<title>AXR1 - Tienda<\/title>\n<meta name=\"robots\" content=\"index, follow, max-snippet:-1, max-image-preview:large, max-video-preview:-1\" \/>\n<link rel=\"canonical\" href=\"https:\/\/informaticabalsi.com\/?product=axr1\" \/>\n<meta property=\"og:locale\" content=\"es_ES\" \/>\n<meta property=\"og:type\" content=\"article\" \/>\n<meta property=\"og:title\" content=\"AXR1 - Tienda\" \/>\n<meta property=\"og:description\" content=\"Fabricado por NavKom.  Su facilidad de uso e instalaci\u00f3n permite control de acceso biom\u00e9trico a cualquier puerta  La biometr\u00eda de huella dactilar evita la suplantaci\u00f3n de identidades y es mucho m\u00e1s confortable para el usuario ya que no se requieren llaves ni tarjetas.\" \/>\n<meta property=\"og:url\" content=\"https:\/\/informaticabalsi.com\/?product=axr1\" \/>\n<meta property=\"og:site_name\" content=\"Tienda\" \/>\n<meta property=\"og:image\" content=\"https:\/\/informaticabalsi.com\/wp-content\/uploads\/2024\/07\/arx1mejorada.jpg\" \/>\n\t<meta property=\"og:image:width\" content=\"480\" \/>\n\t<meta property=\"og:image:height\" content=\"432\" \/>\n\t<meta property=\"og:image:type\" content=\"image\/jpeg\" \/>\n<meta name=\"twitter:card\" content=\"summary_large_image\" \/>\n<meta name=\"twitter:label1\" content=\"Tiempo de lectura\" \/>\n\t<meta name=\"twitter:data1\" content=\"1 minuto\" \/>\n<script type=\"application\/ld+json\" class=\"yoast-schema-graph\">{\"@context\":\"https:\\\/\\\/schema.org\",\"@graph\":[{\"@type\":\"WebPage\",\"@id\":\"https:\\\/\\\/informaticabalsi.com\\\/?product=axr1\",\"url\":\"https:\\\/\\\/informaticabalsi.com\\\/?product=axr1\",\"name\":\"AXR1 - Tienda\",\"isPartOf\":{\"@id\":\"https:\\\/\\\/informaticabalsi.com\\\/#website\"},\"primaryImageOfPage\":{\"@id\":\"https:\\\/\\\/informaticabalsi.com\\\/?product=axr1#primaryimage\"},\"image\":{\"@id\":\"https:\\\/\\\/informaticabalsi.com\\\/?product=axr1#primaryimage\"},\"thumbnailUrl\":\"https:\\\/\\\/informaticabalsi.com\\\/wp-content\\\/uploads\\\/2024\\\/07\\\/arx1mejorada.jpg\",\"datePublished\":\"2024-07-22T16:10:07+00:00\",\"breadcrumb\":{\"@id\":\"https:\\\/\\\/informaticabalsi.com\\\/?product=axr1#breadcrumb\"},\"inLanguage\":\"es\",\"potentialAction\":[{\"@type\":\"ReadAction\",\"target\":[\"https:\\\/\\\/informaticabalsi.com\\\/?product=axr1\"]}]},{\"@type\":\"ImageObject\",\"inLanguage\":\"es\",\"@id\":\"https:\\\/\\\/informaticabalsi.com\\\/?product=axr1#primaryimage\",\"url\":\"https:\\\/\\\/informaticabalsi.com\\\/wp-content\\\/uploads\\\/2024\\\/07\\\/arx1mejorada.jpg\",\"contentUrl\":\"https:\\\/\\\/informaticabalsi.com\\\/wp-content\\\/uploads\\\/2024\\\/07\\\/arx1mejorada.jpg\",\"width\":480,\"height\":432},{\"@type\":\"BreadcrumbList\",\"@id\":\"https:\\\/\\\/informaticabalsi.com\\\/?product=axr1#breadcrumb\",\"itemListElement\":[{\"@type\":\"ListItem\",\"position\":1,\"name\":\"Portada\",\"item\":\"https:\\\/\\\/informaticabalsi.com\\\/\"},{\"@type\":\"ListItem\",\"position\":2,\"name\":\"Tienda\",\"item\":\"https:\\\/\\\/informaticabalsi.com\\\/?page_id=6\"},{\"@type\":\"ListItem\",\"position\":3,\"name\":\"AXR1\"}]},{\"@type\":\"WebSite\",\"@id\":\"https:\\\/\\\/informaticabalsi.com\\\/#website\",\"url\":\"https:\\\/\\\/informaticabalsi.com\\\/\",\"name\":\"Tienda\",\"description\":\"\",\"publisher\":{\"@id\":\"https:\\\/\\\/informaticabalsi.com\\\/#organization\"},\"potentialAction\":[{\"@type\":\"SearchAction\",\"target\":{\"@type\":\"EntryPoint\",\"urlTemplate\":\"https:\\\/\\\/informaticabalsi.com\\\/?s={search_term_string}\"},\"query-input\":{\"@type\":\"PropertyValueSpecification\",\"valueRequired\":true,\"valueName\":\"search_term_string\"}}],\"inLanguage\":\"es\"},{\"@type\":\"Organization\",\"@id\":\"https:\\\/\\\/informaticabalsi.com\\\/#organization\",\"name\":\"Tienda\",\"url\":\"https:\\\/\\\/informaticabalsi.com\\\/\",\"logo\":{\"@type\":\"ImageObject\",\"inLanguage\":\"es\",\"@id\":\"https:\\\/\\\/informaticabalsi.com\\\/#\\\/schema\\\/logo\\\/image\\\/\",\"url\":\"https:\\\/\\\/informaticabalsi.com\\\/wp-content\\\/uploads\\\/2025\\\/06\\\/Logo-nuevo-PNG.png\",\"contentUrl\":\"https:\\\/\\\/informaticabalsi.com\\\/wp-content\\\/uploads\\\/2025\\\/06\\\/Logo-nuevo-PNG.png\",\"width\":1006,\"height\":327,\"caption\":\"Tienda\"},\"image\":{\"@id\":\"https:\\\/\\\/informaticabalsi.com\\\/#\\\/schema\\\/logo\\\/image\\\/\"}}]}<\/script>\n<!-- \/ Yoast SEO plugin. -->","yoast_head_json":{"title":"AXR1 - Tienda","robots":{"index":"index","follow":"follow","max-snippet":"max-snippet:-1","max-image-preview":"max-image-preview:large","max-video-preview":"max-video-preview:-1"},"canonical":"https:\/\/informaticabalsi.com\/?product=axr1","og_locale":"es_ES","og_type":"article","og_title":"AXR1 - Tienda","og_description":"Fabricado por NavKom.  Su facilidad de uso e instalaci\u00f3n permite control de acceso biom\u00e9trico a cualquier puerta  La biometr\u00eda de huella dactilar evita la suplantaci\u00f3n de identidades y es mucho m\u00e1s confortable para el usuario ya que no se requieren llaves ni tarjetas.","og_url":"https:\/\/informaticabalsi.com\/?product=axr1","og_site_name":"Tienda","og_image":[{"width":480,"height":432,"url":"https:\/\/informaticabalsi.com\/wp-content\/uploads\/2024\/07\/arx1mejorada.jpg","type":"image\/jpeg"}],"twitter_card":"summary_large_image","twitter_misc":{"Tiempo de lectura":"1 minuto"},"schema":{"@context":"https:\/\/schema.org","@graph":[{"@type":"WebPage","@id":"https:\/\/informaticabalsi.com\/?product=axr1","url":"https:\/\/informaticabalsi.com\/?product=axr1","name":"AXR1 - Tienda","isPartOf":{"@id":"https:\/\/informaticabalsi.com\/#website"},"primaryImageOfPage":{"@id":"https:\/\/informaticabalsi.com\/?product=axr1#primaryimage"},"image":{"@id":"https:\/\/informaticabalsi.com\/?product=axr1#primaryimage"},"thumbnailUrl":"https:\/\/informaticabalsi.com\/wp-content\/uploads\/2024\/07\/arx1mejorada.jpg","datePublished":"2024-07-22T16:10:07+00:00","breadcrumb":{"@id":"https:\/\/informaticabalsi.com\/?product=axr1#breadcrumb"},"inLanguage":"es","potentialAction":[{"@type":"ReadAction","target":["https:\/\/informaticabalsi.com\/?product=axr1"]}]},{"@type":"ImageObject","inLanguage":"es","@id":"https:\/\/informaticabalsi.com\/?product=axr1#primaryimage","url":"https:\/\/informaticabalsi.com\/wp-content\/uploads\/2024\/07\/arx1mejorada.jpg","contentUrl":"https:\/\/informaticabalsi.com\/wp-content\/uploads\/2024\/07\/arx1mejorada.jpg","width":480,"height":432},{"@type":"BreadcrumbList","@id":"https:\/\/informaticabalsi.com\/?product=axr1#breadcrumb","itemListElement":[{"@type":"ListItem","position":1,"name":"Portada","item":"https:\/\/informaticabalsi.com\/"},{"@type":"ListItem","position":2,"name":"Tienda","item":"https:\/\/informaticabalsi.com\/?page_id=6"},{"@type":"ListItem","position":3,"name":"AXR1"}]},{"@type":"WebSite","@id":"https:\/\/informaticabalsi.com\/#website","url":"https:\/\/informaticabalsi.com\/","name":"Tienda","description":"","publisher":{"@id":"https:\/\/informaticabalsi.com\/#organization"},"potentialAction":[{"@type":"SearchAction","target":{"@type":"EntryPoint","urlTemplate":"https:\/\/informaticabalsi.com\/?s={search_term_string}"},"query-input":{"@type":"PropertyValueSpecification","valueRequired":true,"valueName":"search_term_string"}}],"inLanguage":"es"},{"@type":"Organization","@id":"https:\/\/informaticabalsi.com\/#organization","name":"Tienda","url":"https:\/\/informaticabalsi.com\/","logo":{"@type":"ImageObject","inLanguage":"es","@id":"https:\/\/informaticabalsi.com\/#\/schema\/logo\/image\/","url":"https:\/\/informaticabalsi.com\/wp-content\/uploads\/2025\/06\/Logo-nuevo-PNG.png","contentUrl":"https:\/\/informaticabalsi.com\/wp-content\/uploads\/2025\/06\/Logo-nuevo-PNG.png","width":1006,"height":327,"caption":"Tienda"},"image":{"@id":"https:\/\/informaticabalsi.com\/#\/schema\/logo\/image\/"}}]}},"jetpack_sharing_enabled":true,"_links":{"self":[{"href":"https:\/\/informaticabalsi.com\/index.php?rest_route=\/wp\/v2\/product\/1031","targetHints":{"allow":["GET"]}}],"collection":[{"href":"https:\/\/informaticabalsi.com\/index.php?rest_route=\/wp\/v2\/product"}],"about":[{"href":"https:\/\/informaticabalsi.com\/index.php?rest_route=\/wp\/v2\/types\/product"}],"replies":[{"embeddable":true,"href":"https:\/\/informaticabalsi.com\/index.php?rest_route=%2Fwp%2Fv2%2Fcomments&post=1031"}],"version-history":[{"count":0,"href":"https:\/\/informaticabalsi.com\/index.php?rest_route=\/wp\/v2\/product\/1031\/revisions"}],"wp:featuredmedia":[{"embeddable":true,"href":"https:\/\/informaticabalsi.com\/index.php?rest_route=\/wp\/v2\/media\/306"}],"wp:attachment":[{"href":"https:\/\/informaticabalsi.com\/index.php?rest_route=%2Fwp%2Fv2%2Fmedia&parent=1031"}],"wp:term":[{"taxonomy":"product_brand","embeddable":true,"href":"https:\/\/informaticabalsi.com\/index.php?rest_route=%2Fwp%2Fv2%2Fproduct_brand&post=1031"},{"taxonomy":"product_cat","embeddable":true,"href":"https:\/\/informaticabalsi.com\/index.php?rest_route=%2Fwp%2Fv2%2Fproduct_cat&post=1031"},{"taxonomy":"product_tag","embeddable":true,"href":"https:\/\/informaticabalsi.com\/index.php?rest_route=%2Fwp%2Fv2%2Fproduct_tag&post=1031"}],"curies":[{"name":"wp","href":"https:\/\/api.w.org\/{rel}","templated":true}]}}