{"id":1325,"date":"2024-07-23T12:09:55","date_gmt":"2024-07-23T12:09:55","guid":{"rendered":"https:\/\/informaticabalsi.com\/?post_type=product&#038;p=1325"},"modified":"2024-07-23T12:09:55","modified_gmt":"2024-07-23T12:09:55","slug":"pro-cl-200e","status":"publish","type":"product","link":"https:\/\/informaticabalsi.com\/?product=pro-cl-200e","title":{"rendered":"PRO CL-200E"},"content":{"rendered":"<p><span style=\"color: #000000;\">Caracter\u00edsticas:<\/span><\/p>\n<p><span style=\"color: #000000;\">&#8211; Verificador y Contador de Billetes de Euro con arrastre autom\u00e1tico.<\/span><br \/>\n<span style=\"color: #000000;\">&#8211; Detecta y Verifica el Hilo magn\u00e9tico interno y suma el valor de los billetes en el visor.<\/span><br \/>\n<span style=\"color: #000000;\">&#8211; Incluye Fuente de Alimentaci\u00f3n y Alimentador de Veh\u00edculo.<\/span><br \/>\n<span style=\"color: #000000;\">&#8211; Tecnolog\u00eda a\u00fan no falsificada.<\/span><br \/>\n<span style=\"color: #000000;\">&#8211; ACTUALIZABLE A NUEVAS MEDIDAS DE SEGURIDAD EN BILLETES (incluye el cable).<\/span><\/p>\n","protected":false},"excerpt":{"rendered":"<p>Caracter\u00edsticas:<\/p>\n<p>&#8211; Verificador y Contador de Billetes de Euro con arrastre autom\u00e1tico.<br \/>\n&#8211; Detecta y Verifica el Hilo magn\u00e9tico interno y suma el valor de los billetes en el visor.<br \/>\n&#8211; Incluye Fuente de Alimentaci\u00f3n y Alimentador de Veh\u00edculo.<br \/>\n&#8211; Tecnolog\u00eda a\u00fan no falsificada.<br \/>\n&#8211; ACTUALIZABLE A NUEVAS MEDIDAS DE SEGURIDAD EN BILLETES (incluye el cable).<\/p>\n","protected":false},"featured_media":1326,"comment_status":"open","ping_status":"closed","template":"","meta":[],"product_brand":[],"product_cat":[27],"product_tag":[],"class_list":{"0":"post-1325","1":"product","2":"type-product","3":"status-publish","4":"has-post-thumbnail","6":"product_cat-dinero","8":"first","9":"instock","10":"shipping-taxable","11":"product-type-simple"},"yoast_head":"<!-- This site is optimized with the Yoast SEO plugin v27.4 - https:\/\/yoast.com\/product\/yoast-seo-wordpress\/ -->\n<title>PRO CL-200E - Tienda<\/title>\n<meta name=\"robots\" content=\"index, follow, max-snippet:-1, max-image-preview:large, max-video-preview:-1\" \/>\n<link rel=\"canonical\" href=\"https:\/\/informaticabalsi.com\/?product=pro-cl-200e\" \/>\n<meta property=\"og:locale\" content=\"es_ES\" \/>\n<meta property=\"og:type\" content=\"article\" \/>\n<meta property=\"og:title\" content=\"PRO CL-200E - Tienda\" \/>\n<meta property=\"og:description\" content=\"Caracter\u00edsticas:  - Verificador y Contador de Billetes de Euro con arrastre autom\u00e1tico. - Detecta y Verifica el Hilo magn\u00e9tico interno y suma el valor de los billetes en el visor. - Incluye Fuente de Alimentaci\u00f3n y Alimentador de Veh\u00edculo. - Tecnolog\u00eda a\u00fan no falsificada. - ACTUALIZABLE A NUEVAS MEDIDAS DE SEGURIDAD EN BILLETES (incluye el cable).\" \/>\n<meta property=\"og:url\" content=\"https:\/\/informaticabalsi.com\/?product=pro-cl-200e\" \/>\n<meta property=\"og:site_name\" content=\"Tienda\" \/>\n<meta property=\"og:image\" content=\"https:\/\/informaticabalsi.com\/wp-content\/uploads\/2024\/07\/g4.jpg\" \/>\n\t<meta property=\"og:image:width\" content=\"120\" \/>\n\t<meta property=\"og:image:height\" content=\"65\" \/>\n\t<meta property=\"og:image:type\" content=\"image\/jpeg\" \/>\n<meta name=\"twitter:card\" content=\"summary_large_image\" \/>\n<meta name=\"twitter:label1\" content=\"Tiempo de lectura\" \/>\n\t<meta name=\"twitter:data1\" content=\"1 minuto\" \/>\n<script type=\"application\/ld+json\" class=\"yoast-schema-graph\">{\"@context\":\"https:\\\/\\\/schema.org\",\"@graph\":[{\"@type\":\"WebPage\",\"@id\":\"https:\\\/\\\/informaticabalsi.com\\\/?product=pro-cl-200e\",\"url\":\"https:\\\/\\\/informaticabalsi.com\\\/?product=pro-cl-200e\",\"name\":\"PRO CL-200E - Tienda\",\"isPartOf\":{\"@id\":\"https:\\\/\\\/informaticabalsi.com\\\/#website\"},\"primaryImageOfPage\":{\"@id\":\"https:\\\/\\\/informaticabalsi.com\\\/?product=pro-cl-200e#primaryimage\"},\"image\":{\"@id\":\"https:\\\/\\\/informaticabalsi.com\\\/?product=pro-cl-200e#primaryimage\"},\"thumbnailUrl\":\"https:\\\/\\\/informaticabalsi.com\\\/wp-content\\\/uploads\\\/2024\\\/07\\\/g4.jpg\",\"datePublished\":\"2024-07-23T12:09:55+00:00\",\"breadcrumb\":{\"@id\":\"https:\\\/\\\/informaticabalsi.com\\\/?product=pro-cl-200e#breadcrumb\"},\"inLanguage\":\"es\",\"potentialAction\":[{\"@type\":\"ReadAction\",\"target\":[\"https:\\\/\\\/informaticabalsi.com\\\/?product=pro-cl-200e\"]}]},{\"@type\":\"ImageObject\",\"inLanguage\":\"es\",\"@id\":\"https:\\\/\\\/informaticabalsi.com\\\/?product=pro-cl-200e#primaryimage\",\"url\":\"https:\\\/\\\/informaticabalsi.com\\\/wp-content\\\/uploads\\\/2024\\\/07\\\/g4.jpg\",\"contentUrl\":\"https:\\\/\\\/informaticabalsi.com\\\/wp-content\\\/uploads\\\/2024\\\/07\\\/g4.jpg\",\"width\":120,\"height\":65},{\"@type\":\"BreadcrumbList\",\"@id\":\"https:\\\/\\\/informaticabalsi.com\\\/?product=pro-cl-200e#breadcrumb\",\"itemListElement\":[{\"@type\":\"ListItem\",\"position\":1,\"name\":\"Portada\",\"item\":\"https:\\\/\\\/informaticabalsi.com\\\/\"},{\"@type\":\"ListItem\",\"position\":2,\"name\":\"Tienda\",\"item\":\"https:\\\/\\\/informaticabalsi.com\\\/?page_id=6\"},{\"@type\":\"ListItem\",\"position\":3,\"name\":\"PRO CL-200E\"}]},{\"@type\":\"WebSite\",\"@id\":\"https:\\\/\\\/informaticabalsi.com\\\/#website\",\"url\":\"https:\\\/\\\/informaticabalsi.com\\\/\",\"name\":\"Tienda\",\"description\":\"\",\"publisher\":{\"@id\":\"https:\\\/\\\/informaticabalsi.com\\\/#organization\"},\"potentialAction\":[{\"@type\":\"SearchAction\",\"target\":{\"@type\":\"EntryPoint\",\"urlTemplate\":\"https:\\\/\\\/informaticabalsi.com\\\/?s={search_term_string}\"},\"query-input\":{\"@type\":\"PropertyValueSpecification\",\"valueRequired\":true,\"valueName\":\"search_term_string\"}}],\"inLanguage\":\"es\"},{\"@type\":\"Organization\",\"@id\":\"https:\\\/\\\/informaticabalsi.com\\\/#organization\",\"name\":\"Tienda\",\"url\":\"https:\\\/\\\/informaticabalsi.com\\\/\",\"logo\":{\"@type\":\"ImageObject\",\"inLanguage\":\"es\",\"@id\":\"https:\\\/\\\/informaticabalsi.com\\\/#\\\/schema\\\/logo\\\/image\\\/\",\"url\":\"https:\\\/\\\/informaticabalsi.com\\\/wp-content\\\/uploads\\\/2025\\\/06\\\/Logo-nuevo-PNG.png\",\"contentUrl\":\"https:\\\/\\\/informaticabalsi.com\\\/wp-content\\\/uploads\\\/2025\\\/06\\\/Logo-nuevo-PNG.png\",\"width\":1006,\"height\":327,\"caption\":\"Tienda\"},\"image\":{\"@id\":\"https:\\\/\\\/informaticabalsi.com\\\/#\\\/schema\\\/logo\\\/image\\\/\"}}]}<\/script>\n<!-- \/ Yoast SEO plugin. -->","yoast_head_json":{"title":"PRO CL-200E - Tienda","robots":{"index":"index","follow":"follow","max-snippet":"max-snippet:-1","max-image-preview":"max-image-preview:large","max-video-preview":"max-video-preview:-1"},"canonical":"https:\/\/informaticabalsi.com\/?product=pro-cl-200e","og_locale":"es_ES","og_type":"article","og_title":"PRO CL-200E - Tienda","og_description":"Caracter\u00edsticas:  - Verificador y Contador de Billetes de Euro con arrastre autom\u00e1tico. - Detecta y Verifica el Hilo magn\u00e9tico interno y suma el valor de los billetes en el visor. - Incluye Fuente de Alimentaci\u00f3n y Alimentador de Veh\u00edculo. - Tecnolog\u00eda a\u00fan no falsificada. - ACTUALIZABLE A NUEVAS MEDIDAS DE SEGURIDAD EN BILLETES (incluye el cable).","og_url":"https:\/\/informaticabalsi.com\/?product=pro-cl-200e","og_site_name":"Tienda","og_image":[{"width":120,"height":65,"url":"https:\/\/informaticabalsi.com\/wp-content\/uploads\/2024\/07\/g4.jpg","type":"image\/jpeg"}],"twitter_card":"summary_large_image","twitter_misc":{"Tiempo de lectura":"1 minuto"},"schema":{"@context":"https:\/\/schema.org","@graph":[{"@type":"WebPage","@id":"https:\/\/informaticabalsi.com\/?product=pro-cl-200e","url":"https:\/\/informaticabalsi.com\/?product=pro-cl-200e","name":"PRO CL-200E - Tienda","isPartOf":{"@id":"https:\/\/informaticabalsi.com\/#website"},"primaryImageOfPage":{"@id":"https:\/\/informaticabalsi.com\/?product=pro-cl-200e#primaryimage"},"image":{"@id":"https:\/\/informaticabalsi.com\/?product=pro-cl-200e#primaryimage"},"thumbnailUrl":"https:\/\/informaticabalsi.com\/wp-content\/uploads\/2024\/07\/g4.jpg","datePublished":"2024-07-23T12:09:55+00:00","breadcrumb":{"@id":"https:\/\/informaticabalsi.com\/?product=pro-cl-200e#breadcrumb"},"inLanguage":"es","potentialAction":[{"@type":"ReadAction","target":["https:\/\/informaticabalsi.com\/?product=pro-cl-200e"]}]},{"@type":"ImageObject","inLanguage":"es","@id":"https:\/\/informaticabalsi.com\/?product=pro-cl-200e#primaryimage","url":"https:\/\/informaticabalsi.com\/wp-content\/uploads\/2024\/07\/g4.jpg","contentUrl":"https:\/\/informaticabalsi.com\/wp-content\/uploads\/2024\/07\/g4.jpg","width":120,"height":65},{"@type":"BreadcrumbList","@id":"https:\/\/informaticabalsi.com\/?product=pro-cl-200e#breadcrumb","itemListElement":[{"@type":"ListItem","position":1,"name":"Portada","item":"https:\/\/informaticabalsi.com\/"},{"@type":"ListItem","position":2,"name":"Tienda","item":"https:\/\/informaticabalsi.com\/?page_id=6"},{"@type":"ListItem","position":3,"name":"PRO CL-200E"}]},{"@type":"WebSite","@id":"https:\/\/informaticabalsi.com\/#website","url":"https:\/\/informaticabalsi.com\/","name":"Tienda","description":"","publisher":{"@id":"https:\/\/informaticabalsi.com\/#organization"},"potentialAction":[{"@type":"SearchAction","target":{"@type":"EntryPoint","urlTemplate":"https:\/\/informaticabalsi.com\/?s={search_term_string}"},"query-input":{"@type":"PropertyValueSpecification","valueRequired":true,"valueName":"search_term_string"}}],"inLanguage":"es"},{"@type":"Organization","@id":"https:\/\/informaticabalsi.com\/#organization","name":"Tienda","url":"https:\/\/informaticabalsi.com\/","logo":{"@type":"ImageObject","inLanguage":"es","@id":"https:\/\/informaticabalsi.com\/#\/schema\/logo\/image\/","url":"https:\/\/informaticabalsi.com\/wp-content\/uploads\/2025\/06\/Logo-nuevo-PNG.png","contentUrl":"https:\/\/informaticabalsi.com\/wp-content\/uploads\/2025\/06\/Logo-nuevo-PNG.png","width":1006,"height":327,"caption":"Tienda"},"image":{"@id":"https:\/\/informaticabalsi.com\/#\/schema\/logo\/image\/"}}]}},"jetpack_sharing_enabled":true,"_links":{"self":[{"href":"https:\/\/informaticabalsi.com\/index.php?rest_route=\/wp\/v2\/product\/1325","targetHints":{"allow":["GET"]}}],"collection":[{"href":"https:\/\/informaticabalsi.com\/index.php?rest_route=\/wp\/v2\/product"}],"about":[{"href":"https:\/\/informaticabalsi.com\/index.php?rest_route=\/wp\/v2\/types\/product"}],"replies":[{"embeddable":true,"href":"https:\/\/informaticabalsi.com\/index.php?rest_route=%2Fwp%2Fv2%2Fcomments&post=1325"}],"version-history":[{"count":0,"href":"https:\/\/informaticabalsi.com\/index.php?rest_route=\/wp\/v2\/product\/1325\/revisions"}],"wp:featuredmedia":[{"embeddable":true,"href":"https:\/\/informaticabalsi.com\/index.php?rest_route=\/wp\/v2\/media\/1326"}],"wp:attachment":[{"href":"https:\/\/informaticabalsi.com\/index.php?rest_route=%2Fwp%2Fv2%2Fmedia&parent=1325"}],"wp:term":[{"taxonomy":"product_brand","embeddable":true,"href":"https:\/\/informaticabalsi.com\/index.php?rest_route=%2Fwp%2Fv2%2Fproduct_brand&post=1325"},{"taxonomy":"product_cat","embeddable":true,"href":"https:\/\/informaticabalsi.com\/index.php?rest_route=%2Fwp%2Fv2%2Fproduct_cat&post=1325"},{"taxonomy":"product_tag","embeddable":true,"href":"https:\/\/informaticabalsi.com\/index.php?rest_route=%2Fwp%2Fv2%2Fproduct_tag&post=1325"}],"curies":[{"name":"wp","href":"https:\/\/api.w.org\/{rel}","templated":true}]}}