{"id":987,"date":"2024-07-22T15:05:45","date_gmt":"2024-07-22T15:05:45","guid":{"rendered":"https:\/\/informaticabalsi.com\/?post_type=product&#038;p=987"},"modified":"2024-07-22T15:05:45","modified_gmt":"2024-07-22T15:05:45","slug":"faceid-f710-em-125-khz-oferta","status":"publish","type":"product","link":"https:\/\/informaticabalsi.com\/?product=faceid-f710-em-125-khz-oferta","title":{"rendered":"FACEID F710 EM (125 Khz) &#8211; OFERTA"},"content":{"rendered":"<p>El terminal biom\u00e9trico facial 3D con detecci\u00f3n de infrarojos y doble c\u00e1mara<\/p>\n<p>La doble c\u00e1mara permite un reconocimiento biom\u00e9trico facial 3D de seguridad usando luz visible e infrarroja. Tecnolog\u00eda biom\u00e9trica sin contacto segura y r\u00e1pida.<\/p>\n<p>Ventajas de este producto:<br \/>\nTecnolog\u00eda 3D:<br \/>\nLa ret\u00edcula de leds y la doble c\u00e1mara (visible e infrarroja) permite capturar el patr\u00f3n 3D de la fisonom\u00eda craneal.<br \/>\nEsta tecnolog\u00eda permite diferenciar a gemelos aparentemente id\u00e9nticos. Debido a que es 3D y con detecci\u00f3n de infrarrojos no se puede falsificar el rostro con caretas o fotos (a diferencia de los equipos 2D)<br \/>\nSin Contacto:<br \/>\nNo hay contacto entre la persona y el terminal, por lo que es totalmente higi\u00e9nico. Identifica a \u00bd metro de distancia.<br \/>\nFunciona d\u00f3nde otros biom\u00e9tricos no funcionan:<br \/>\nLa biometr\u00eda dactilar o de mano tiene problemas con dedos gastados o sucios, guantes, etc. no es problema en este caso.<br \/>\nMuy r\u00e1pida identificaci\u00f3n:<br \/>\n1 segundo con 500 usuarios 1:N<br \/>\nTambi\u00e9n realiza verificaci\u00f3n 1:1 combinado con tarjeta RFID o PIN<br \/>\nAltamente preciso:<br \/>\nMuy Baja tasa de error en la identificaci\u00f3n<br \/>\nFuncionamiento Aut\u00f3nomo u Offline conectado a TCP\/IP<br \/>\nF\u00e1cil de usar, de instalar y de integrar con librer\u00edas SDK<br \/>\nTecnolog\u00eda ampliamente probada y de prestigio internacional.<br \/>\nNO INCLUYE SOFTWARE<\/p>\n","protected":false},"excerpt":{"rendered":"<p>El terminal biom\u00e9trico facial 3D con detecci\u00f3n de infrarojos y doble c\u00e1mara<\/p>\n<p>La doble c\u00e1mara permite un reconocimiento biom\u00e9trico facial 3D de seguridad usando luz visible e infrarroja. Tecnolog\u00eda biom\u00e9trica sin contacto segura y r\u00e1pida.<\/p>\n","protected":false},"featured_media":988,"comment_status":"open","ping_status":"closed","template":"","meta":[],"product_brand":[],"product_cat":[15],"product_tag":[],"class_list":{"0":"post-987","1":"product","2":"type-product","3":"status-publish","4":"has-post-thumbnail","6":"product_cat-sin-categorizar","8":"first","9":"instock","10":"shipping-taxable","11":"product-type-simple"},"yoast_head":"<!-- This site is optimized with the Yoast SEO plugin v27.4 - https:\/\/yoast.com\/product\/yoast-seo-wordpress\/ -->\n<title>FACEID F710 EM (125 Khz) - OFERTA - Tienda<\/title>\n<meta name=\"robots\" content=\"index, follow, max-snippet:-1, max-image-preview:large, max-video-preview:-1\" \/>\n<link rel=\"canonical\" href=\"https:\/\/informaticabalsi.com\/?product=faceid-f710-em-125-khz-oferta\" \/>\n<meta property=\"og:locale\" content=\"es_ES\" \/>\n<meta property=\"og:type\" content=\"article\" \/>\n<meta property=\"og:title\" content=\"FACEID F710 EM (125 Khz) - OFERTA - Tienda\" \/>\n<meta property=\"og:description\" content=\"El terminal biom\u00e9trico facial 3D con detecci\u00f3n de infrarojos y doble c\u00e1mara  La doble c\u00e1mara permite un reconocimiento biom\u00e9trico facial 3D de seguridad usando luz visible e infrarroja. Tecnolog\u00eda biom\u00e9trica sin contacto segura y r\u00e1pida.\" \/>\n<meta property=\"og:url\" content=\"https:\/\/informaticabalsi.com\/?product=faceid-f710-em-125-khz-oferta\" \/>\n<meta property=\"og:site_name\" content=\"Tienda\" \/>\n<meta property=\"og:image\" content=\"https:\/\/informaticabalsi.com\/wp-content\/uploads\/2024\/07\/control-de-presencia1.jpg\" \/>\n\t<meta property=\"og:image:width\" content=\"120\" \/>\n\t<meta property=\"og:image:height\" content=\"83\" \/>\n\t<meta property=\"og:image:type\" content=\"image\/jpeg\" \/>\n<meta name=\"twitter:card\" content=\"summary_large_image\" \/>\n<meta name=\"twitter:label1\" content=\"Tiempo de lectura\" \/>\n\t<meta name=\"twitter:data1\" content=\"1 minuto\" \/>\n<script type=\"application\/ld+json\" class=\"yoast-schema-graph\">{\"@context\":\"https:\\\/\\\/schema.org\",\"@graph\":[{\"@type\":\"WebPage\",\"@id\":\"https:\\\/\\\/informaticabalsi.com\\\/?product=faceid-f710-em-125-khz-oferta\",\"url\":\"https:\\\/\\\/informaticabalsi.com\\\/?product=faceid-f710-em-125-khz-oferta\",\"name\":\"FACEID F710 EM (125 Khz) - OFERTA - Tienda\",\"isPartOf\":{\"@id\":\"https:\\\/\\\/informaticabalsi.com\\\/#website\"},\"primaryImageOfPage\":{\"@id\":\"https:\\\/\\\/informaticabalsi.com\\\/?product=faceid-f710-em-125-khz-oferta#primaryimage\"},\"image\":{\"@id\":\"https:\\\/\\\/informaticabalsi.com\\\/?product=faceid-f710-em-125-khz-oferta#primaryimage\"},\"thumbnailUrl\":\"https:\\\/\\\/informaticabalsi.com\\\/wp-content\\\/uploads\\\/2024\\\/07\\\/control-de-presencia1.jpg\",\"datePublished\":\"2024-07-22T15:05:45+00:00\",\"breadcrumb\":{\"@id\":\"https:\\\/\\\/informaticabalsi.com\\\/?product=faceid-f710-em-125-khz-oferta#breadcrumb\"},\"inLanguage\":\"es\",\"potentialAction\":[{\"@type\":\"ReadAction\",\"target\":[\"https:\\\/\\\/informaticabalsi.com\\\/?product=faceid-f710-em-125-khz-oferta\"]}]},{\"@type\":\"ImageObject\",\"inLanguage\":\"es\",\"@id\":\"https:\\\/\\\/informaticabalsi.com\\\/?product=faceid-f710-em-125-khz-oferta#primaryimage\",\"url\":\"https:\\\/\\\/informaticabalsi.com\\\/wp-content\\\/uploads\\\/2024\\\/07\\\/control-de-presencia1.jpg\",\"contentUrl\":\"https:\\\/\\\/informaticabalsi.com\\\/wp-content\\\/uploads\\\/2024\\\/07\\\/control-de-presencia1.jpg\",\"width\":120,\"height\":83},{\"@type\":\"BreadcrumbList\",\"@id\":\"https:\\\/\\\/informaticabalsi.com\\\/?product=faceid-f710-em-125-khz-oferta#breadcrumb\",\"itemListElement\":[{\"@type\":\"ListItem\",\"position\":1,\"name\":\"Portada\",\"item\":\"https:\\\/\\\/informaticabalsi.com\\\/\"},{\"@type\":\"ListItem\",\"position\":2,\"name\":\"Tienda\",\"item\":\"https:\\\/\\\/informaticabalsi.com\\\/?page_id=6\"},{\"@type\":\"ListItem\",\"position\":3,\"name\":\"FACEID F710 EM (125 Khz) &#8211; OFERTA\"}]},{\"@type\":\"WebSite\",\"@id\":\"https:\\\/\\\/informaticabalsi.com\\\/#website\",\"url\":\"https:\\\/\\\/informaticabalsi.com\\\/\",\"name\":\"Tienda\",\"description\":\"\",\"publisher\":{\"@id\":\"https:\\\/\\\/informaticabalsi.com\\\/#organization\"},\"potentialAction\":[{\"@type\":\"SearchAction\",\"target\":{\"@type\":\"EntryPoint\",\"urlTemplate\":\"https:\\\/\\\/informaticabalsi.com\\\/?s={search_term_string}\"},\"query-input\":{\"@type\":\"PropertyValueSpecification\",\"valueRequired\":true,\"valueName\":\"search_term_string\"}}],\"inLanguage\":\"es\"},{\"@type\":\"Organization\",\"@id\":\"https:\\\/\\\/informaticabalsi.com\\\/#organization\",\"name\":\"Tienda\",\"url\":\"https:\\\/\\\/informaticabalsi.com\\\/\",\"logo\":{\"@type\":\"ImageObject\",\"inLanguage\":\"es\",\"@id\":\"https:\\\/\\\/informaticabalsi.com\\\/#\\\/schema\\\/logo\\\/image\\\/\",\"url\":\"https:\\\/\\\/informaticabalsi.com\\\/wp-content\\\/uploads\\\/2025\\\/06\\\/Logo-nuevo-PNG.png\",\"contentUrl\":\"https:\\\/\\\/informaticabalsi.com\\\/wp-content\\\/uploads\\\/2025\\\/06\\\/Logo-nuevo-PNG.png\",\"width\":1006,\"height\":327,\"caption\":\"Tienda\"},\"image\":{\"@id\":\"https:\\\/\\\/informaticabalsi.com\\\/#\\\/schema\\\/logo\\\/image\\\/\"}}]}<\/script>\n<!-- \/ Yoast SEO plugin. -->","yoast_head_json":{"title":"FACEID F710 EM (125 Khz) - OFERTA - Tienda","robots":{"index":"index","follow":"follow","max-snippet":"max-snippet:-1","max-image-preview":"max-image-preview:large","max-video-preview":"max-video-preview:-1"},"canonical":"https:\/\/informaticabalsi.com\/?product=faceid-f710-em-125-khz-oferta","og_locale":"es_ES","og_type":"article","og_title":"FACEID F710 EM (125 Khz) - OFERTA - Tienda","og_description":"El terminal biom\u00e9trico facial 3D con detecci\u00f3n de infrarojos y doble c\u00e1mara  La doble c\u00e1mara permite un reconocimiento biom\u00e9trico facial 3D de seguridad usando luz visible e infrarroja. Tecnolog\u00eda biom\u00e9trica sin contacto segura y r\u00e1pida.","og_url":"https:\/\/informaticabalsi.com\/?product=faceid-f710-em-125-khz-oferta","og_site_name":"Tienda","og_image":[{"width":120,"height":83,"url":"https:\/\/informaticabalsi.com\/wp-content\/uploads\/2024\/07\/control-de-presencia1.jpg","type":"image\/jpeg"}],"twitter_card":"summary_large_image","twitter_misc":{"Tiempo de lectura":"1 minuto"},"schema":{"@context":"https:\/\/schema.org","@graph":[{"@type":"WebPage","@id":"https:\/\/informaticabalsi.com\/?product=faceid-f710-em-125-khz-oferta","url":"https:\/\/informaticabalsi.com\/?product=faceid-f710-em-125-khz-oferta","name":"FACEID F710 EM (125 Khz) - OFERTA - Tienda","isPartOf":{"@id":"https:\/\/informaticabalsi.com\/#website"},"primaryImageOfPage":{"@id":"https:\/\/informaticabalsi.com\/?product=faceid-f710-em-125-khz-oferta#primaryimage"},"image":{"@id":"https:\/\/informaticabalsi.com\/?product=faceid-f710-em-125-khz-oferta#primaryimage"},"thumbnailUrl":"https:\/\/informaticabalsi.com\/wp-content\/uploads\/2024\/07\/control-de-presencia1.jpg","datePublished":"2024-07-22T15:05:45+00:00","breadcrumb":{"@id":"https:\/\/informaticabalsi.com\/?product=faceid-f710-em-125-khz-oferta#breadcrumb"},"inLanguage":"es","potentialAction":[{"@type":"ReadAction","target":["https:\/\/informaticabalsi.com\/?product=faceid-f710-em-125-khz-oferta"]}]},{"@type":"ImageObject","inLanguage":"es","@id":"https:\/\/informaticabalsi.com\/?product=faceid-f710-em-125-khz-oferta#primaryimage","url":"https:\/\/informaticabalsi.com\/wp-content\/uploads\/2024\/07\/control-de-presencia1.jpg","contentUrl":"https:\/\/informaticabalsi.com\/wp-content\/uploads\/2024\/07\/control-de-presencia1.jpg","width":120,"height":83},{"@type":"BreadcrumbList","@id":"https:\/\/informaticabalsi.com\/?product=faceid-f710-em-125-khz-oferta#breadcrumb","itemListElement":[{"@type":"ListItem","position":1,"name":"Portada","item":"https:\/\/informaticabalsi.com\/"},{"@type":"ListItem","position":2,"name":"Tienda","item":"https:\/\/informaticabalsi.com\/?page_id=6"},{"@type":"ListItem","position":3,"name":"FACEID F710 EM (125 Khz) &#8211; OFERTA"}]},{"@type":"WebSite","@id":"https:\/\/informaticabalsi.com\/#website","url":"https:\/\/informaticabalsi.com\/","name":"Tienda","description":"","publisher":{"@id":"https:\/\/informaticabalsi.com\/#organization"},"potentialAction":[{"@type":"SearchAction","target":{"@type":"EntryPoint","urlTemplate":"https:\/\/informaticabalsi.com\/?s={search_term_string}"},"query-input":{"@type":"PropertyValueSpecification","valueRequired":true,"valueName":"search_term_string"}}],"inLanguage":"es"},{"@type":"Organization","@id":"https:\/\/informaticabalsi.com\/#organization","name":"Tienda","url":"https:\/\/informaticabalsi.com\/","logo":{"@type":"ImageObject","inLanguage":"es","@id":"https:\/\/informaticabalsi.com\/#\/schema\/logo\/image\/","url":"https:\/\/informaticabalsi.com\/wp-content\/uploads\/2025\/06\/Logo-nuevo-PNG.png","contentUrl":"https:\/\/informaticabalsi.com\/wp-content\/uploads\/2025\/06\/Logo-nuevo-PNG.png","width":1006,"height":327,"caption":"Tienda"},"image":{"@id":"https:\/\/informaticabalsi.com\/#\/schema\/logo\/image\/"}}]}},"jetpack_sharing_enabled":true,"_links":{"self":[{"href":"https:\/\/informaticabalsi.com\/index.php?rest_route=\/wp\/v2\/product\/987","targetHints":{"allow":["GET"]}}],"collection":[{"href":"https:\/\/informaticabalsi.com\/index.php?rest_route=\/wp\/v2\/product"}],"about":[{"href":"https:\/\/informaticabalsi.com\/index.php?rest_route=\/wp\/v2\/types\/product"}],"replies":[{"embeddable":true,"href":"https:\/\/informaticabalsi.com\/index.php?rest_route=%2Fwp%2Fv2%2Fcomments&post=987"}],"version-history":[{"count":0,"href":"https:\/\/informaticabalsi.com\/index.php?rest_route=\/wp\/v2\/product\/987\/revisions"}],"wp:featuredmedia":[{"embeddable":true,"href":"https:\/\/informaticabalsi.com\/index.php?rest_route=\/wp\/v2\/media\/988"}],"wp:attachment":[{"href":"https:\/\/informaticabalsi.com\/index.php?rest_route=%2Fwp%2Fv2%2Fmedia&parent=987"}],"wp:term":[{"taxonomy":"product_brand","embeddable":true,"href":"https:\/\/informaticabalsi.com\/index.php?rest_route=%2Fwp%2Fv2%2Fproduct_brand&post=987"},{"taxonomy":"product_cat","embeddable":true,"href":"https:\/\/informaticabalsi.com\/index.php?rest_route=%2Fwp%2Fv2%2Fproduct_cat&post=987"},{"taxonomy":"product_tag","embeddable":true,"href":"https:\/\/informaticabalsi.com\/index.php?rest_route=%2Fwp%2Fv2%2Fproduct_tag&post=987"}],"curies":[{"name":"wp","href":"https:\/\/api.w.org\/{rel}","templated":true}]}}