{"id":990,"date":"2024-07-22T15:12:56","date_gmt":"2024-07-22T15:12:56","guid":{"rendered":"https:\/\/informaticabalsi.com\/?post_type=product&#038;p=990"},"modified":"2024-07-22T15:12:56","modified_gmt":"2024-07-22T15:12:56","slug":"fingervein","status":"publish","type":"product","link":"https:\/\/informaticabalsi.com\/?product=fingervein","title":{"rendered":"FINGERVEIN"},"content":{"rendered":"<p>Terminal de Control de Acceso y Presencia con tecnolog\u00eda biom\u00e9trica de lectura de venas del dedo<\/p>\n<p>El terminal usa el esquema de venas del dedo como patr\u00f3n biom\u00e9trico para identificar el usuario. El patr\u00f3n vascular es una caracter\u00edstica interna por lo que no le afecta que el dedo est\u00e9 da\u00f1ado o erosionado. A diferencia de otros sistemas vasculares de la palma de la mano, el FingerVein usa el patr\u00f3n vascular del dedo, por lo que es m\u00e1s f\u00e1cil de usar y m\u00e1s r\u00e1pido.<\/p>\n<p>Ventajas de este producto:<br \/>\nAl tratarse de un patr\u00f3n interno del dedo es m\u00e1s robusto frente a dedos erosionados<br \/>\nPermite cumplir con las m\u00e1ximas exigencias en seguridad Tecnolog\u00eda biom\u00e9trica de Hitachi, de referencia y aplicada en numerosas instituciones financieras japonesas Patr\u00f3n biom\u00e9trico de peque\u00f1as dimensiones que permite una r\u00e1pida identificaci\u00f3n 1:1 y 1:N<br \/>\nColocaci\u00f3n del dedo muy guiada, f\u00e1cil e intuitiva, se evitan los problemas derivados una mala orientaci\u00f3n y posici\u00f3n t\u00edpicos en la biometr\u00eda vascular de la palma de la mano<br \/>\nSe reduce el contacto del individuo con el terminal<br \/>\nHasta 1.000 patrones vasculares en identificaci\u00f3n 1:N y n\u00famero de usuarios ilimitado en 1:1 versi\u00f3n online.<br \/>\nConectividad a host RS-232, TCP\/IP y UDP<br \/>\nCombinable con otras tecnolog\u00edas de identificaci\u00f3n (RFID, eDNI, PIN,&#8230;)<br \/>\nDos versiones de producto:<br \/>\nFingerVein Offline: Comportamiento aut\u00f3nomo con conectividad. No necesita estar conectado para su operativa normal, la conectividad online a software remoto solo es necesaria para configuraci\u00f3n, descarga de registros y env\u00edo de eventos a tiempo real. Limitaci\u00f3n a 1000 templates en 1:1 y 1:N.<br \/>\nFingerVein Online: Absoluta flexibilidad, el comportamiento del equipo es controlado a tiempo real por el software remoto del host. Limitaci\u00f3n a 1000 templates en 1:N y n\u00famero ilimitado en 1:1.<br \/>\nAcabado soberbio y robusto<\/p>\n","protected":false},"excerpt":{"rendered":"<p>Terminal de Control de Acceso y Presencia con tecnolog\u00eda biom\u00e9trica de lectura de venas del dedo<\/p>\n","protected":false},"featured_media":991,"comment_status":"open","ping_status":"closed","template":"","meta":[],"product_brand":[],"product_cat":[15],"product_tag":[],"class_list":{"0":"post-990","1":"product","2":"type-product","3":"status-publish","4":"has-post-thumbnail","6":"product_cat-sin-categorizar","8":"first","9":"instock","10":"shipping-taxable","11":"product-type-simple"},"yoast_head":"<!-- This site is optimized with the Yoast SEO plugin v27.4 - https:\/\/yoast.com\/product\/yoast-seo-wordpress\/ -->\n<title>FINGERVEIN - Tienda<\/title>\n<meta name=\"robots\" content=\"index, follow, max-snippet:-1, max-image-preview:large, max-video-preview:-1\" \/>\n<link rel=\"canonical\" href=\"https:\/\/informaticabalsi.com\/?product=fingervein\" \/>\n<meta property=\"og:locale\" content=\"es_ES\" \/>\n<meta property=\"og:type\" content=\"article\" \/>\n<meta property=\"og:title\" content=\"FINGERVEIN - Tienda\" \/>\n<meta property=\"og:description\" content=\"Terminal de Control de Acceso y Presencia con tecnolog\u00eda biom\u00e9trica de lectura de venas del dedo\" \/>\n<meta property=\"og:url\" content=\"https:\/\/informaticabalsi.com\/?product=fingervein\" \/>\n<meta property=\"og:site_name\" content=\"Tienda\" \/>\n<meta property=\"og:image\" content=\"https:\/\/informaticabalsi.com\/wp-content\/uploads\/2024\/07\/producto2.jpg\" \/>\n\t<meta property=\"og:image:width\" content=\"120\" \/>\n\t<meta property=\"og:image:height\" content=\"86\" \/>\n\t<meta property=\"og:image:type\" content=\"image\/jpeg\" \/>\n<meta name=\"twitter:card\" content=\"summary_large_image\" \/>\n<meta name=\"twitter:label1\" content=\"Tiempo de lectura\" \/>\n\t<meta name=\"twitter:data1\" content=\"1 minuto\" \/>\n<script type=\"application\/ld+json\" class=\"yoast-schema-graph\">{\"@context\":\"https:\\\/\\\/schema.org\",\"@graph\":[{\"@type\":\"WebPage\",\"@id\":\"https:\\\/\\\/informaticabalsi.com\\\/?product=fingervein\",\"url\":\"https:\\\/\\\/informaticabalsi.com\\\/?product=fingervein\",\"name\":\"FINGERVEIN - Tienda\",\"isPartOf\":{\"@id\":\"https:\\\/\\\/informaticabalsi.com\\\/#website\"},\"primaryImageOfPage\":{\"@id\":\"https:\\\/\\\/informaticabalsi.com\\\/?product=fingervein#primaryimage\"},\"image\":{\"@id\":\"https:\\\/\\\/informaticabalsi.com\\\/?product=fingervein#primaryimage\"},\"thumbnailUrl\":\"https:\\\/\\\/informaticabalsi.com\\\/wp-content\\\/uploads\\\/2024\\\/07\\\/producto2.jpg\",\"datePublished\":\"2024-07-22T15:12:56+00:00\",\"breadcrumb\":{\"@id\":\"https:\\\/\\\/informaticabalsi.com\\\/?product=fingervein#breadcrumb\"},\"inLanguage\":\"es\",\"potentialAction\":[{\"@type\":\"ReadAction\",\"target\":[\"https:\\\/\\\/informaticabalsi.com\\\/?product=fingervein\"]}]},{\"@type\":\"ImageObject\",\"inLanguage\":\"es\",\"@id\":\"https:\\\/\\\/informaticabalsi.com\\\/?product=fingervein#primaryimage\",\"url\":\"https:\\\/\\\/informaticabalsi.com\\\/wp-content\\\/uploads\\\/2024\\\/07\\\/producto2.jpg\",\"contentUrl\":\"https:\\\/\\\/informaticabalsi.com\\\/wp-content\\\/uploads\\\/2024\\\/07\\\/producto2.jpg\",\"width\":120,\"height\":86},{\"@type\":\"BreadcrumbList\",\"@id\":\"https:\\\/\\\/informaticabalsi.com\\\/?product=fingervein#breadcrumb\",\"itemListElement\":[{\"@type\":\"ListItem\",\"position\":1,\"name\":\"Portada\",\"item\":\"https:\\\/\\\/informaticabalsi.com\\\/\"},{\"@type\":\"ListItem\",\"position\":2,\"name\":\"Tienda\",\"item\":\"https:\\\/\\\/informaticabalsi.com\\\/?page_id=6\"},{\"@type\":\"ListItem\",\"position\":3,\"name\":\"FINGERVEIN\"}]},{\"@type\":\"WebSite\",\"@id\":\"https:\\\/\\\/informaticabalsi.com\\\/#website\",\"url\":\"https:\\\/\\\/informaticabalsi.com\\\/\",\"name\":\"Tienda\",\"description\":\"\",\"publisher\":{\"@id\":\"https:\\\/\\\/informaticabalsi.com\\\/#organization\"},\"potentialAction\":[{\"@type\":\"SearchAction\",\"target\":{\"@type\":\"EntryPoint\",\"urlTemplate\":\"https:\\\/\\\/informaticabalsi.com\\\/?s={search_term_string}\"},\"query-input\":{\"@type\":\"PropertyValueSpecification\",\"valueRequired\":true,\"valueName\":\"search_term_string\"}}],\"inLanguage\":\"es\"},{\"@type\":\"Organization\",\"@id\":\"https:\\\/\\\/informaticabalsi.com\\\/#organization\",\"name\":\"Tienda\",\"url\":\"https:\\\/\\\/informaticabalsi.com\\\/\",\"logo\":{\"@type\":\"ImageObject\",\"inLanguage\":\"es\",\"@id\":\"https:\\\/\\\/informaticabalsi.com\\\/#\\\/schema\\\/logo\\\/image\\\/\",\"url\":\"https:\\\/\\\/informaticabalsi.com\\\/wp-content\\\/uploads\\\/2025\\\/06\\\/Logo-nuevo-PNG.png\",\"contentUrl\":\"https:\\\/\\\/informaticabalsi.com\\\/wp-content\\\/uploads\\\/2025\\\/06\\\/Logo-nuevo-PNG.png\",\"width\":1006,\"height\":327,\"caption\":\"Tienda\"},\"image\":{\"@id\":\"https:\\\/\\\/informaticabalsi.com\\\/#\\\/schema\\\/logo\\\/image\\\/\"}}]}<\/script>\n<!-- \/ Yoast SEO plugin. -->","yoast_head_json":{"title":"FINGERVEIN - Tienda","robots":{"index":"index","follow":"follow","max-snippet":"max-snippet:-1","max-image-preview":"max-image-preview:large","max-video-preview":"max-video-preview:-1"},"canonical":"https:\/\/informaticabalsi.com\/?product=fingervein","og_locale":"es_ES","og_type":"article","og_title":"FINGERVEIN - Tienda","og_description":"Terminal de Control de Acceso y Presencia con tecnolog\u00eda biom\u00e9trica de lectura de venas del dedo","og_url":"https:\/\/informaticabalsi.com\/?product=fingervein","og_site_name":"Tienda","og_image":[{"width":120,"height":86,"url":"https:\/\/informaticabalsi.com\/wp-content\/uploads\/2024\/07\/producto2.jpg","type":"image\/jpeg"}],"twitter_card":"summary_large_image","twitter_misc":{"Tiempo de lectura":"1 minuto"},"schema":{"@context":"https:\/\/schema.org","@graph":[{"@type":"WebPage","@id":"https:\/\/informaticabalsi.com\/?product=fingervein","url":"https:\/\/informaticabalsi.com\/?product=fingervein","name":"FINGERVEIN - Tienda","isPartOf":{"@id":"https:\/\/informaticabalsi.com\/#website"},"primaryImageOfPage":{"@id":"https:\/\/informaticabalsi.com\/?product=fingervein#primaryimage"},"image":{"@id":"https:\/\/informaticabalsi.com\/?product=fingervein#primaryimage"},"thumbnailUrl":"https:\/\/informaticabalsi.com\/wp-content\/uploads\/2024\/07\/producto2.jpg","datePublished":"2024-07-22T15:12:56+00:00","breadcrumb":{"@id":"https:\/\/informaticabalsi.com\/?product=fingervein#breadcrumb"},"inLanguage":"es","potentialAction":[{"@type":"ReadAction","target":["https:\/\/informaticabalsi.com\/?product=fingervein"]}]},{"@type":"ImageObject","inLanguage":"es","@id":"https:\/\/informaticabalsi.com\/?product=fingervein#primaryimage","url":"https:\/\/informaticabalsi.com\/wp-content\/uploads\/2024\/07\/producto2.jpg","contentUrl":"https:\/\/informaticabalsi.com\/wp-content\/uploads\/2024\/07\/producto2.jpg","width":120,"height":86},{"@type":"BreadcrumbList","@id":"https:\/\/informaticabalsi.com\/?product=fingervein#breadcrumb","itemListElement":[{"@type":"ListItem","position":1,"name":"Portada","item":"https:\/\/informaticabalsi.com\/"},{"@type":"ListItem","position":2,"name":"Tienda","item":"https:\/\/informaticabalsi.com\/?page_id=6"},{"@type":"ListItem","position":3,"name":"FINGERVEIN"}]},{"@type":"WebSite","@id":"https:\/\/informaticabalsi.com\/#website","url":"https:\/\/informaticabalsi.com\/","name":"Tienda","description":"","publisher":{"@id":"https:\/\/informaticabalsi.com\/#organization"},"potentialAction":[{"@type":"SearchAction","target":{"@type":"EntryPoint","urlTemplate":"https:\/\/informaticabalsi.com\/?s={search_term_string}"},"query-input":{"@type":"PropertyValueSpecification","valueRequired":true,"valueName":"search_term_string"}}],"inLanguage":"es"},{"@type":"Organization","@id":"https:\/\/informaticabalsi.com\/#organization","name":"Tienda","url":"https:\/\/informaticabalsi.com\/","logo":{"@type":"ImageObject","inLanguage":"es","@id":"https:\/\/informaticabalsi.com\/#\/schema\/logo\/image\/","url":"https:\/\/informaticabalsi.com\/wp-content\/uploads\/2025\/06\/Logo-nuevo-PNG.png","contentUrl":"https:\/\/informaticabalsi.com\/wp-content\/uploads\/2025\/06\/Logo-nuevo-PNG.png","width":1006,"height":327,"caption":"Tienda"},"image":{"@id":"https:\/\/informaticabalsi.com\/#\/schema\/logo\/image\/"}}]}},"jetpack_sharing_enabled":true,"_links":{"self":[{"href":"https:\/\/informaticabalsi.com\/index.php?rest_route=\/wp\/v2\/product\/990","targetHints":{"allow":["GET"]}}],"collection":[{"href":"https:\/\/informaticabalsi.com\/index.php?rest_route=\/wp\/v2\/product"}],"about":[{"href":"https:\/\/informaticabalsi.com\/index.php?rest_route=\/wp\/v2\/types\/product"}],"replies":[{"embeddable":true,"href":"https:\/\/informaticabalsi.com\/index.php?rest_route=%2Fwp%2Fv2%2Fcomments&post=990"}],"version-history":[{"count":0,"href":"https:\/\/informaticabalsi.com\/index.php?rest_route=\/wp\/v2\/product\/990\/revisions"}],"wp:featuredmedia":[{"embeddable":true,"href":"https:\/\/informaticabalsi.com\/index.php?rest_route=\/wp\/v2\/media\/991"}],"wp:attachment":[{"href":"https:\/\/informaticabalsi.com\/index.php?rest_route=%2Fwp%2Fv2%2Fmedia&parent=990"}],"wp:term":[{"taxonomy":"product_brand","embeddable":true,"href":"https:\/\/informaticabalsi.com\/index.php?rest_route=%2Fwp%2Fv2%2Fproduct_brand&post=990"},{"taxonomy":"product_cat","embeddable":true,"href":"https:\/\/informaticabalsi.com\/index.php?rest_route=%2Fwp%2Fv2%2Fproduct_cat&post=990"},{"taxonomy":"product_tag","embeddable":true,"href":"https:\/\/informaticabalsi.com\/index.php?rest_route=%2Fwp%2Fv2%2Fproduct_tag&post=990"}],"curies":[{"name":"wp","href":"https:\/\/api.w.org\/{rel}","templated":true}]}}