{"id":993,"date":"2024-07-22T15:20:33","date_gmt":"2024-07-22T15:20:33","guid":{"rendered":"https:\/\/informaticabalsi.com\/?post_type=product&#038;p=993"},"modified":"2024-07-22T15:32:37","modified_gmt":"2024-07-22T15:32:37","slug":"hp-inkjet-deskjet-d2660","status":"publish","type":"product","link":"https:\/\/informaticabalsi.com\/?product=hp-inkjet-deskjet-d2660","title":{"rendered":"HP INKJET DESKJET D2660"},"content":{"rendered":"<p>IMPRESORA HP INKJET DESKJET D2660 4800X1200PPP 28\/21PPM<\/p>\n<p>Caracter\u00edsticas:<br \/>\n\u00b7 Descripcion IMPRESORA HP DESKJET D2660 CHORRO DE TINTA COLOR 4800X1200PPP 28\/21PPM 80 HOJAS USB 2.0<br \/>\nCaracteristicas Velocidad de impresi\u00f3n hasta 28ppm negro<br \/>\nVelocidad de impresi\u00f3n hasta 21ppm color Calidad de impresi\u00f3n hasta 4800*1200dpi<br \/>\nBandeja papel 80 hojas<br \/>\nCC640EE&#8212;CARTUCHO DE TINTA NEGRO HP300<br \/>\nCC643EE&#8212;CARTUCHO DE TINTA COLOR HP300<br \/>\nCC641EE&#8212;CARTUCHO DE TINTA NEGRO ALTA CAPACIDAD HP300XL<br \/>\nCC644EE&#8212;CARTUCHO TINTA COLOR ALTA APACIDAD HP300XL <\/p>\n","protected":false},"excerpt":{"rendered":"<p>IMPRESORA HP INKJET DESKJET D2660 4800X1200PPP 28\/21PPM<\/p>\n<p>Caracter\u00edsticas:<br \/>\n\u00b7 Descripcion IMPRESORA HP DESKJET D2660 CHORRO DE TINTA COLOR 4800X1200PPP 28\/21PPM 80 HOJAS USB 2.0<br \/>\nCaracteristicas Velocidad de impresi\u00f3n hasta 28ppm negro<br \/>\nVelocidad de impresi\u00f3n hasta 21ppm color Calidad de impresi\u00f3n hasta 4800*1200dpi<br \/>\nBandeja papel 80 hojas<br \/>\nCC640EE&#8212;CARTUCHO DE TINTA NEGRO HP300<br \/>\nCC643EE&#8212;CARTUCHO DE TINTA COLOR HP300<br \/>\nCC641EE&#8212;CARTUCHO DE TINTA NEGRO ALTA CAPACIDAD HP300XL<br \/>\nCC644EE&#8212;CARTUCHO TINTA COLOR ALTA APACIDAD HP300XL <\/p>\n","protected":false},"featured_media":994,"comment_status":"open","ping_status":"closed","template":"","meta":[],"product_brand":[],"product_cat":[15],"product_tag":[],"class_list":{"0":"post-993","1":"product","2":"type-product","3":"status-publish","4":"has-post-thumbnail","6":"product_cat-sin-categorizar","8":"first","9":"instock","10":"shipping-taxable","11":"product-type-simple"},"yoast_head":"<!-- This site is optimized with the Yoast SEO plugin v27.4 - https:\/\/yoast.com\/product\/yoast-seo-wordpress\/ -->\n<title>HP INKJET DESKJET D2660 - Tienda<\/title>\n<meta name=\"robots\" content=\"index, follow, max-snippet:-1, max-image-preview:large, max-video-preview:-1\" \/>\n<link rel=\"canonical\" href=\"https:\/\/informaticabalsi.com\/?product=hp-inkjet-deskjet-d2660\" \/>\n<meta property=\"og:locale\" content=\"es_ES\" \/>\n<meta property=\"og:type\" content=\"article\" \/>\n<meta property=\"og:title\" content=\"HP INKJET DESKJET D2660 - Tienda\" \/>\n<meta property=\"og:description\" content=\"IMPRESORA HP INKJET DESKJET D2660 4800X1200PPP 28\/21PPM  Caracter\u00edsticas: \u00b7 Descripcion IMPRESORA HP DESKJET D2660 CHORRO DE TINTA COLOR 4800X1200PPP 28\/21PPM 80 HOJAS USB 2.0 Caracteristicas Velocidad de impresi\u00f3n hasta 28ppm negro Velocidad de impresi\u00f3n hasta 21ppm color Calidad de impresi\u00f3n hasta 4800*1200dpi Bandeja papel 80 hojas CC640EE---CARTUCHO DE TINTA NEGRO HP300 CC643EE---CARTUCHO DE TINTA COLOR HP300 CC641EE---CARTUCHO DE TINTA NEGRO ALTA CAPACIDAD HP300XL CC644EE---CARTUCHO TINTA COLOR ALTA APACIDAD HP300XL\" \/>\n<meta property=\"og:url\" content=\"https:\/\/informaticabalsi.com\/?product=hp-inkjet-deskjet-d2660\" \/>\n<meta property=\"og:site_name\" content=\"Tienda\" \/>\n<meta property=\"article:modified_time\" content=\"2024-07-22T15:32:37+00:00\" \/>\n<meta property=\"og:image\" content=\"https:\/\/informaticabalsi.com\/wp-content\/uploads\/2024\/07\/impresora1.jpg\" \/>\n\t<meta property=\"og:image:width\" content=\"120\" \/>\n\t<meta property=\"og:image:height\" content=\"120\" \/>\n\t<meta property=\"og:image:type\" content=\"image\/jpeg\" \/>\n<meta name=\"twitter:card\" content=\"summary_large_image\" \/>\n<meta name=\"twitter:label1\" content=\"Tiempo de lectura\" \/>\n\t<meta name=\"twitter:data1\" content=\"1 minuto\" \/>\n<script type=\"application\/ld+json\" class=\"yoast-schema-graph\">{\"@context\":\"https:\\\/\\\/schema.org\",\"@graph\":[{\"@type\":\"WebPage\",\"@id\":\"https:\\\/\\\/informaticabalsi.com\\\/?product=hp-inkjet-deskjet-d2660\",\"url\":\"https:\\\/\\\/informaticabalsi.com\\\/?product=hp-inkjet-deskjet-d2660\",\"name\":\"HP INKJET DESKJET D2660 - Tienda\",\"isPartOf\":{\"@id\":\"https:\\\/\\\/informaticabalsi.com\\\/#website\"},\"primaryImageOfPage\":{\"@id\":\"https:\\\/\\\/informaticabalsi.com\\\/?product=hp-inkjet-deskjet-d2660#primaryimage\"},\"image\":{\"@id\":\"https:\\\/\\\/informaticabalsi.com\\\/?product=hp-inkjet-deskjet-d2660#primaryimage\"},\"thumbnailUrl\":\"https:\\\/\\\/informaticabalsi.com\\\/wp-content\\\/uploads\\\/2024\\\/07\\\/impresora1.jpg\",\"datePublished\":\"2024-07-22T15:20:33+00:00\",\"dateModified\":\"2024-07-22T15:32:37+00:00\",\"breadcrumb\":{\"@id\":\"https:\\\/\\\/informaticabalsi.com\\\/?product=hp-inkjet-deskjet-d2660#breadcrumb\"},\"inLanguage\":\"es\",\"potentialAction\":[{\"@type\":\"ReadAction\",\"target\":[\"https:\\\/\\\/informaticabalsi.com\\\/?product=hp-inkjet-deskjet-d2660\"]}]},{\"@type\":\"ImageObject\",\"inLanguage\":\"es\",\"@id\":\"https:\\\/\\\/informaticabalsi.com\\\/?product=hp-inkjet-deskjet-d2660#primaryimage\",\"url\":\"https:\\\/\\\/informaticabalsi.com\\\/wp-content\\\/uploads\\\/2024\\\/07\\\/impresora1.jpg\",\"contentUrl\":\"https:\\\/\\\/informaticabalsi.com\\\/wp-content\\\/uploads\\\/2024\\\/07\\\/impresora1.jpg\",\"width\":120,\"height\":120},{\"@type\":\"BreadcrumbList\",\"@id\":\"https:\\\/\\\/informaticabalsi.com\\\/?product=hp-inkjet-deskjet-d2660#breadcrumb\",\"itemListElement\":[{\"@type\":\"ListItem\",\"position\":1,\"name\":\"Portada\",\"item\":\"https:\\\/\\\/informaticabalsi.com\\\/\"},{\"@type\":\"ListItem\",\"position\":2,\"name\":\"Tienda\",\"item\":\"https:\\\/\\\/informaticabalsi.com\\\/?page_id=6\"},{\"@type\":\"ListItem\",\"position\":3,\"name\":\"HP INKJET DESKJET D2660\"}]},{\"@type\":\"WebSite\",\"@id\":\"https:\\\/\\\/informaticabalsi.com\\\/#website\",\"url\":\"https:\\\/\\\/informaticabalsi.com\\\/\",\"name\":\"Tienda\",\"description\":\"\",\"publisher\":{\"@id\":\"https:\\\/\\\/informaticabalsi.com\\\/#organization\"},\"potentialAction\":[{\"@type\":\"SearchAction\",\"target\":{\"@type\":\"EntryPoint\",\"urlTemplate\":\"https:\\\/\\\/informaticabalsi.com\\\/?s={search_term_string}\"},\"query-input\":{\"@type\":\"PropertyValueSpecification\",\"valueRequired\":true,\"valueName\":\"search_term_string\"}}],\"inLanguage\":\"es\"},{\"@type\":\"Organization\",\"@id\":\"https:\\\/\\\/informaticabalsi.com\\\/#organization\",\"name\":\"Tienda\",\"url\":\"https:\\\/\\\/informaticabalsi.com\\\/\",\"logo\":{\"@type\":\"ImageObject\",\"inLanguage\":\"es\",\"@id\":\"https:\\\/\\\/informaticabalsi.com\\\/#\\\/schema\\\/logo\\\/image\\\/\",\"url\":\"https:\\\/\\\/informaticabalsi.com\\\/wp-content\\\/uploads\\\/2025\\\/06\\\/Logo-nuevo-PNG.png\",\"contentUrl\":\"https:\\\/\\\/informaticabalsi.com\\\/wp-content\\\/uploads\\\/2025\\\/06\\\/Logo-nuevo-PNG.png\",\"width\":1006,\"height\":327,\"caption\":\"Tienda\"},\"image\":{\"@id\":\"https:\\\/\\\/informaticabalsi.com\\\/#\\\/schema\\\/logo\\\/image\\\/\"}}]}<\/script>\n<!-- \/ Yoast SEO plugin. -->","yoast_head_json":{"title":"HP INKJET DESKJET D2660 - Tienda","robots":{"index":"index","follow":"follow","max-snippet":"max-snippet:-1","max-image-preview":"max-image-preview:large","max-video-preview":"max-video-preview:-1"},"canonical":"https:\/\/informaticabalsi.com\/?product=hp-inkjet-deskjet-d2660","og_locale":"es_ES","og_type":"article","og_title":"HP INKJET DESKJET D2660 - Tienda","og_description":"IMPRESORA HP INKJET DESKJET D2660 4800X1200PPP 28\/21PPM  Caracter\u00edsticas: \u00b7 Descripcion IMPRESORA HP DESKJET D2660 CHORRO DE TINTA COLOR 4800X1200PPP 28\/21PPM 80 HOJAS USB 2.0 Caracteristicas Velocidad de impresi\u00f3n hasta 28ppm negro Velocidad de impresi\u00f3n hasta 21ppm color Calidad de impresi\u00f3n hasta 4800*1200dpi Bandeja papel 80 hojas CC640EE---CARTUCHO DE TINTA NEGRO HP300 CC643EE---CARTUCHO DE TINTA COLOR HP300 CC641EE---CARTUCHO DE TINTA NEGRO ALTA CAPACIDAD HP300XL CC644EE---CARTUCHO TINTA COLOR ALTA APACIDAD HP300XL","og_url":"https:\/\/informaticabalsi.com\/?product=hp-inkjet-deskjet-d2660","og_site_name":"Tienda","article_modified_time":"2024-07-22T15:32:37+00:00","og_image":[{"width":120,"height":120,"url":"https:\/\/informaticabalsi.com\/wp-content\/uploads\/2024\/07\/impresora1.jpg","type":"image\/jpeg"}],"twitter_card":"summary_large_image","twitter_misc":{"Tiempo de lectura":"1 minuto"},"schema":{"@context":"https:\/\/schema.org","@graph":[{"@type":"WebPage","@id":"https:\/\/informaticabalsi.com\/?product=hp-inkjet-deskjet-d2660","url":"https:\/\/informaticabalsi.com\/?product=hp-inkjet-deskjet-d2660","name":"HP INKJET DESKJET D2660 - Tienda","isPartOf":{"@id":"https:\/\/informaticabalsi.com\/#website"},"primaryImageOfPage":{"@id":"https:\/\/informaticabalsi.com\/?product=hp-inkjet-deskjet-d2660#primaryimage"},"image":{"@id":"https:\/\/informaticabalsi.com\/?product=hp-inkjet-deskjet-d2660#primaryimage"},"thumbnailUrl":"https:\/\/informaticabalsi.com\/wp-content\/uploads\/2024\/07\/impresora1.jpg","datePublished":"2024-07-22T15:20:33+00:00","dateModified":"2024-07-22T15:32:37+00:00","breadcrumb":{"@id":"https:\/\/informaticabalsi.com\/?product=hp-inkjet-deskjet-d2660#breadcrumb"},"inLanguage":"es","potentialAction":[{"@type":"ReadAction","target":["https:\/\/informaticabalsi.com\/?product=hp-inkjet-deskjet-d2660"]}]},{"@type":"ImageObject","inLanguage":"es","@id":"https:\/\/informaticabalsi.com\/?product=hp-inkjet-deskjet-d2660#primaryimage","url":"https:\/\/informaticabalsi.com\/wp-content\/uploads\/2024\/07\/impresora1.jpg","contentUrl":"https:\/\/informaticabalsi.com\/wp-content\/uploads\/2024\/07\/impresora1.jpg","width":120,"height":120},{"@type":"BreadcrumbList","@id":"https:\/\/informaticabalsi.com\/?product=hp-inkjet-deskjet-d2660#breadcrumb","itemListElement":[{"@type":"ListItem","position":1,"name":"Portada","item":"https:\/\/informaticabalsi.com\/"},{"@type":"ListItem","position":2,"name":"Tienda","item":"https:\/\/informaticabalsi.com\/?page_id=6"},{"@type":"ListItem","position":3,"name":"HP INKJET DESKJET D2660"}]},{"@type":"WebSite","@id":"https:\/\/informaticabalsi.com\/#website","url":"https:\/\/informaticabalsi.com\/","name":"Tienda","description":"","publisher":{"@id":"https:\/\/informaticabalsi.com\/#organization"},"potentialAction":[{"@type":"SearchAction","target":{"@type":"EntryPoint","urlTemplate":"https:\/\/informaticabalsi.com\/?s={search_term_string}"},"query-input":{"@type":"PropertyValueSpecification","valueRequired":true,"valueName":"search_term_string"}}],"inLanguage":"es"},{"@type":"Organization","@id":"https:\/\/informaticabalsi.com\/#organization","name":"Tienda","url":"https:\/\/informaticabalsi.com\/","logo":{"@type":"ImageObject","inLanguage":"es","@id":"https:\/\/informaticabalsi.com\/#\/schema\/logo\/image\/","url":"https:\/\/informaticabalsi.com\/wp-content\/uploads\/2025\/06\/Logo-nuevo-PNG.png","contentUrl":"https:\/\/informaticabalsi.com\/wp-content\/uploads\/2025\/06\/Logo-nuevo-PNG.png","width":1006,"height":327,"caption":"Tienda"},"image":{"@id":"https:\/\/informaticabalsi.com\/#\/schema\/logo\/image\/"}}]}},"jetpack_sharing_enabled":true,"_links":{"self":[{"href":"https:\/\/informaticabalsi.com\/index.php?rest_route=\/wp\/v2\/product\/993","targetHints":{"allow":["GET"]}}],"collection":[{"href":"https:\/\/informaticabalsi.com\/index.php?rest_route=\/wp\/v2\/product"}],"about":[{"href":"https:\/\/informaticabalsi.com\/index.php?rest_route=\/wp\/v2\/types\/product"}],"replies":[{"embeddable":true,"href":"https:\/\/informaticabalsi.com\/index.php?rest_route=%2Fwp%2Fv2%2Fcomments&post=993"}],"version-history":[{"count":0,"href":"https:\/\/informaticabalsi.com\/index.php?rest_route=\/wp\/v2\/product\/993\/revisions"}],"wp:featuredmedia":[{"embeddable":true,"href":"https:\/\/informaticabalsi.com\/index.php?rest_route=\/wp\/v2\/media\/994"}],"wp:attachment":[{"href":"https:\/\/informaticabalsi.com\/index.php?rest_route=%2Fwp%2Fv2%2Fmedia&parent=993"}],"wp:term":[{"taxonomy":"product_brand","embeddable":true,"href":"https:\/\/informaticabalsi.com\/index.php?rest_route=%2Fwp%2Fv2%2Fproduct_brand&post=993"},{"taxonomy":"product_cat","embeddable":true,"href":"https:\/\/informaticabalsi.com\/index.php?rest_route=%2Fwp%2Fv2%2Fproduct_cat&post=993"},{"taxonomy":"product_tag","embeddable":true,"href":"https:\/\/informaticabalsi.com\/index.php?rest_route=%2Fwp%2Fv2%2Fproduct_tag&post=993"}],"curies":[{"name":"wp","href":"https:\/\/api.w.org\/{rel}","templated":true}]}}