{"id":995,"date":"2024-07-22T15:34:10","date_gmt":"2024-07-22T15:34:10","guid":{"rendered":"https:\/\/informaticabalsi.com\/?post_type=product&#038;p=995"},"modified":"2024-07-22T15:34:10","modified_gmt":"2024-07-22T15:34:10","slug":"hp-inkjet-officejet-8000","status":"publish","type":"product","link":"https:\/\/informaticabalsi.com\/?product=hp-inkjet-officejet-8000","title":{"rendered":"HP INKJET OFFICEJET 8000"},"content":{"rendered":"<p>IMPRESORA HP INKJET OFFICEJET 8000 35\/34 PPM 32MB RED &#038; Doble Cara<\/p>\n<p>Caracter\u00edsticas:<br \/>\n\u00b7 HP Officejet Pro 8000 &#8211; Impresora &#8211; color &#8211; duplex &#8211; chorro de tinta &#8211; Legal &#8211; 1200 ppp x 1200 ppp &#8211; hasta 35 ppm (monocromo) \/ hasta 34 ppm (color) &#8211; capacidad: 250 hojas &#8211; USB, Ethernet<\/p>\n<p>Ficha t\u00e9cnica:<br \/>\nVelocidad de impresi\u00f3n (negro, calidad de borrador, A4) Hasta 35 ppm<br \/>\nVelocidad de impresi\u00f3n (color, calidad de borrador, A4) Hasta 34 ppm<br \/>\nVelocidad de impresi\u00f3n en negro (equivalente al l\u00e1ser) Hasta 15 ppm<br \/>\nVelocidad de impresi\u00f3n en color (equivalente al l\u00e1ser) Hasta 11 ppm<br \/>\nNota equivalente al l\u00e1ser<br \/>\nBasado en la medici\u00f3n de PPM con FDIS ISO\/IEC 24734. El est\u00e1ndar se aplica a los productos l\u00e1ser y de inyecci\u00f3n de tinta, excluyendo el primer juego de documentos de prueba.<\/p>\n<p>Calidad de impresi\u00f3n (negro, calidad \u00f3ptima) Hasta 1200 x 1200 ppp<br \/>\nCalidad de impresi\u00f3n (color, calidad \u00f3ptima) Impresi\u00f3n en color optimizada hasta 4800 x 1200 ppp en papel fotogr\u00e1fico HP Advanced, hasta 1200 x 1200 ppp de entrada<br \/>\nCiclo de trabajo (mensual, A4)Hasta 15000 p\u00e1ginas<br \/>\nN\u00famero de cartuchos de impresi\u00f3n Tintas pigmentadas individuales HP Officejet, XL opcional<br \/>\nVelocidad del procesador 384 MHz<br \/>\nMemoria de serie 32 MB<br \/>\nIdiomas est\u00e1ndar de la impresora HP PCL 3 GUI, HP PCL 3 mejorado<br \/>\nManejo de papel est\u00e1ndar\/entrada Bandeja de entrada 250 hojas<br \/>\nManejo de papel est\u00e1ndar salida Bandeja de salida de 150 hojas<br \/>\nOpciones de impresi\u00f3n a doble cara Autom\u00e1tica (est\u00e1ndar)<br \/>\nImpresi\u00f3n sin bordes S\u00ed (hasta 210 x 297 mm)<br \/>\nTama\u00f1os est\u00e1ndares de soporte A4 (210 x 297 mm), A5 (148 x 210 mm), A6 (105 x 148 mm); JIS: B5 (182 x 257 mm); 100 x 150 mm; sobres: No. 10, DL (220 x 110 mm), C6 (114 x 162 mm), C5 (162 x 229 mm), Monarch<br \/>\nTama\u00f1os personalizados de soporte De 76 x 127 mm a 216 x 356 mm<br \/>\nTipos de soporte admitidos<br \/>\nPapel (folletos, inyecci\u00f3n tinta, normal), fotos, sobres, tarjetas (\u00edndice), transparencias<br \/>\nConectividad est\u00e1ndar USB 2.0, Ethernet<br \/>\nConectividad opcional<br \/>\nServidor de impresi\u00f3n externo HP Jetdirect Ethernet, servidor de impresi\u00f3n inal\u00e1mbrico HP Jetdirect y Fast Ethernet, servidor de impresi\u00f3n inal\u00e1mbrico HP<br \/>\nRequisitos de energ\u00eda y operaci\u00f3n<br \/>\nSistemas operativos compatibles: Microsoft Windows 2000 (SP4), XP Home (SP1) y Professional (SP1) (32 y 64 bits), XP Professional x64 (SP1); Windows Vista ; Mac OS X v10.4.11, v10.5 (Para Microsoft Windows 2000 (SP4), XP Profess<br \/>\nRequisitos m\u00ednimos del sistema: Windows Vista : Procesador de 800 MHz 32 bits (x86) o 64 bits (x64), 512 MB RAM, 225 MB de espacio libre en el disco duro, Internet Explorer 7.0; Microsoft Windows 2000 (SP4), XP Home (SP1), XP Pro<br \/>\nRequisitos m\u00ednimos del sistema para Macintosh: Mac OS X v10.4, v10.5: Procesador PowerPC G3, G4, G5 o Intel Core, 256 MB RAM, 500 MB de disco duro disponible, unidad de CD-ROM, puerto USB<br \/>\nGama operativa de humedad recomendada De 15 a 75% HR<br \/>\nConsumo energ\u00e9tico 48 vatios m\u00e1ximo, 25,2 vatios m\u00e1ximo (activa), 3,5 vatios m\u00e1ximo (en ahorro de energ\u00eda\/espera), 0,32 vatios m\u00e1ximo (230 V) 0,22 vatios m\u00e1ximo (115 V) (apagada).<br \/>\nEmisiones de potencia ac\u00fastica 6,1 B(A) (impresi\u00f3n en blanco y negro, alta calidad), 6,8 B(A) (impresi\u00f3n en blanco y negro, normal), 7,2 B(A) (impresi\u00f3n en blanco y negro, borrador)<br \/>\nCertificaci\u00f3n ENERGY STAR<br \/>\nDimensiones y peso : Medidas del producto (P x A x L)<br \/>\n494 x 479 x 180 mm (con alimentador a dos caras instalado)<br \/>\nPeso del producto : 7,8 kg (con alimentador a dos caras)<br \/>\nPeso del embalaje : 11,8 kg <\/p>\n","protected":false},"excerpt":{"rendered":"<p>IMPRESORA HP INKJET OFFICEJET 8000 35\/34 PPM 32MB RED &#038; Doble Cara<\/p>\n<p>Caracter\u00edsticas:<br \/>\n\u00b7 HP Officejet Pro 8000 &#8211; Impresora &#8211; color &#8211; duplex &#8211; chorro de tinta &#8211; Legal &#8211; 1200 ppp x 1200 ppp &#8211; hasta 35 ppm (monocromo) \/ hasta 34 ppm (color) &#8211; capacidad: 250 hojas &#8211; USB, Ethernet<\/p>\n","protected":false},"featured_media":996,"comment_status":"open","ping_status":"closed","template":"","meta":[],"product_brand":[],"product_cat":[15],"product_tag":[],"class_list":{"0":"post-995","1":"product","2":"type-product","3":"status-publish","4":"has-post-thumbnail","6":"product_cat-sin-categorizar","8":"first","9":"instock","10":"shipping-taxable","11":"product-type-simple"},"yoast_head":"<!-- This site is optimized with the Yoast SEO plugin v27.4 - https:\/\/yoast.com\/product\/yoast-seo-wordpress\/ -->\n<title>HP INKJET OFFICEJET 8000 - Tienda<\/title>\n<meta name=\"robots\" content=\"index, follow, max-snippet:-1, max-image-preview:large, max-video-preview:-1\" \/>\n<link rel=\"canonical\" href=\"https:\/\/informaticabalsi.com\/?product=hp-inkjet-officejet-8000\" \/>\n<meta property=\"og:locale\" content=\"es_ES\" \/>\n<meta property=\"og:type\" content=\"article\" \/>\n<meta property=\"og:title\" content=\"HP INKJET OFFICEJET 8000 - Tienda\" \/>\n<meta property=\"og:description\" content=\"IMPRESORA HP INKJET OFFICEJET 8000 35\/34 PPM 32MB RED &amp; Doble Cara  Caracter\u00edsticas: \u00b7 HP Officejet Pro 8000 - Impresora - color - duplex - chorro de tinta - Legal - 1200 ppp x 1200 ppp - hasta 35 ppm (monocromo) \/ hasta 34 ppm (color) - capacidad: 250 hojas - USB, Ethernet\" \/>\n<meta property=\"og:url\" content=\"https:\/\/informaticabalsi.com\/?product=hp-inkjet-officejet-8000\" \/>\n<meta property=\"og:site_name\" content=\"Tienda\" \/>\n<meta property=\"og:image\" content=\"https:\/\/informaticabalsi.com\/wp-content\/uploads\/2024\/07\/impresora2.jpg\" \/>\n\t<meta property=\"og:image:width\" content=\"120\" \/>\n\t<meta property=\"og:image:height\" content=\"120\" \/>\n\t<meta property=\"og:image:type\" content=\"image\/jpeg\" \/>\n<meta name=\"twitter:card\" content=\"summary_large_image\" \/>\n<script type=\"application\/ld+json\" class=\"yoast-schema-graph\">{\"@context\":\"https:\\\/\\\/schema.org\",\"@graph\":[{\"@type\":\"WebPage\",\"@id\":\"https:\\\/\\\/informaticabalsi.com\\\/?product=hp-inkjet-officejet-8000\",\"url\":\"https:\\\/\\\/informaticabalsi.com\\\/?product=hp-inkjet-officejet-8000\",\"name\":\"HP INKJET OFFICEJET 8000 - Tienda\",\"isPartOf\":{\"@id\":\"https:\\\/\\\/informaticabalsi.com\\\/#website\"},\"primaryImageOfPage\":{\"@id\":\"https:\\\/\\\/informaticabalsi.com\\\/?product=hp-inkjet-officejet-8000#primaryimage\"},\"image\":{\"@id\":\"https:\\\/\\\/informaticabalsi.com\\\/?product=hp-inkjet-officejet-8000#primaryimage\"},\"thumbnailUrl\":\"https:\\\/\\\/informaticabalsi.com\\\/wp-content\\\/uploads\\\/2024\\\/07\\\/impresora2.jpg\",\"datePublished\":\"2024-07-22T15:34:10+00:00\",\"breadcrumb\":{\"@id\":\"https:\\\/\\\/informaticabalsi.com\\\/?product=hp-inkjet-officejet-8000#breadcrumb\"},\"inLanguage\":\"es\",\"potentialAction\":[{\"@type\":\"ReadAction\",\"target\":[\"https:\\\/\\\/informaticabalsi.com\\\/?product=hp-inkjet-officejet-8000\"]}]},{\"@type\":\"ImageObject\",\"inLanguage\":\"es\",\"@id\":\"https:\\\/\\\/informaticabalsi.com\\\/?product=hp-inkjet-officejet-8000#primaryimage\",\"url\":\"https:\\\/\\\/informaticabalsi.com\\\/wp-content\\\/uploads\\\/2024\\\/07\\\/impresora2.jpg\",\"contentUrl\":\"https:\\\/\\\/informaticabalsi.com\\\/wp-content\\\/uploads\\\/2024\\\/07\\\/impresora2.jpg\",\"width\":120,\"height\":120},{\"@type\":\"BreadcrumbList\",\"@id\":\"https:\\\/\\\/informaticabalsi.com\\\/?product=hp-inkjet-officejet-8000#breadcrumb\",\"itemListElement\":[{\"@type\":\"ListItem\",\"position\":1,\"name\":\"Portada\",\"item\":\"https:\\\/\\\/informaticabalsi.com\\\/\"},{\"@type\":\"ListItem\",\"position\":2,\"name\":\"Tienda\",\"item\":\"https:\\\/\\\/informaticabalsi.com\\\/?page_id=6\"},{\"@type\":\"ListItem\",\"position\":3,\"name\":\"HP INKJET OFFICEJET 8000\"}]},{\"@type\":\"WebSite\",\"@id\":\"https:\\\/\\\/informaticabalsi.com\\\/#website\",\"url\":\"https:\\\/\\\/informaticabalsi.com\\\/\",\"name\":\"Tienda\",\"description\":\"\",\"publisher\":{\"@id\":\"https:\\\/\\\/informaticabalsi.com\\\/#organization\"},\"potentialAction\":[{\"@type\":\"SearchAction\",\"target\":{\"@type\":\"EntryPoint\",\"urlTemplate\":\"https:\\\/\\\/informaticabalsi.com\\\/?s={search_term_string}\"},\"query-input\":{\"@type\":\"PropertyValueSpecification\",\"valueRequired\":true,\"valueName\":\"search_term_string\"}}],\"inLanguage\":\"es\"},{\"@type\":\"Organization\",\"@id\":\"https:\\\/\\\/informaticabalsi.com\\\/#organization\",\"name\":\"Tienda\",\"url\":\"https:\\\/\\\/informaticabalsi.com\\\/\",\"logo\":{\"@type\":\"ImageObject\",\"inLanguage\":\"es\",\"@id\":\"https:\\\/\\\/informaticabalsi.com\\\/#\\\/schema\\\/logo\\\/image\\\/\",\"url\":\"https:\\\/\\\/informaticabalsi.com\\\/wp-content\\\/uploads\\\/2025\\\/06\\\/Logo-nuevo-PNG.png\",\"contentUrl\":\"https:\\\/\\\/informaticabalsi.com\\\/wp-content\\\/uploads\\\/2025\\\/06\\\/Logo-nuevo-PNG.png\",\"width\":1006,\"height\":327,\"caption\":\"Tienda\"},\"image\":{\"@id\":\"https:\\\/\\\/informaticabalsi.com\\\/#\\\/schema\\\/logo\\\/image\\\/\"}}]}<\/script>\n<!-- \/ Yoast SEO plugin. -->","yoast_head_json":{"title":"HP INKJET OFFICEJET 8000 - Tienda","robots":{"index":"index","follow":"follow","max-snippet":"max-snippet:-1","max-image-preview":"max-image-preview:large","max-video-preview":"max-video-preview:-1"},"canonical":"https:\/\/informaticabalsi.com\/?product=hp-inkjet-officejet-8000","og_locale":"es_ES","og_type":"article","og_title":"HP INKJET OFFICEJET 8000 - Tienda","og_description":"IMPRESORA HP INKJET OFFICEJET 8000 35\/34 PPM 32MB RED & Doble Cara  Caracter\u00edsticas: \u00b7 HP Officejet Pro 8000 - Impresora - color - duplex - chorro de tinta - Legal - 1200 ppp x 1200 ppp - hasta 35 ppm (monocromo) \/ hasta 34 ppm (color) - capacidad: 250 hojas - USB, Ethernet","og_url":"https:\/\/informaticabalsi.com\/?product=hp-inkjet-officejet-8000","og_site_name":"Tienda","og_image":[{"width":120,"height":120,"url":"https:\/\/informaticabalsi.com\/wp-content\/uploads\/2024\/07\/impresora2.jpg","type":"image\/jpeg"}],"twitter_card":"summary_large_image","schema":{"@context":"https:\/\/schema.org","@graph":[{"@type":"WebPage","@id":"https:\/\/informaticabalsi.com\/?product=hp-inkjet-officejet-8000","url":"https:\/\/informaticabalsi.com\/?product=hp-inkjet-officejet-8000","name":"HP INKJET OFFICEJET 8000 - Tienda","isPartOf":{"@id":"https:\/\/informaticabalsi.com\/#website"},"primaryImageOfPage":{"@id":"https:\/\/informaticabalsi.com\/?product=hp-inkjet-officejet-8000#primaryimage"},"image":{"@id":"https:\/\/informaticabalsi.com\/?product=hp-inkjet-officejet-8000#primaryimage"},"thumbnailUrl":"https:\/\/informaticabalsi.com\/wp-content\/uploads\/2024\/07\/impresora2.jpg","datePublished":"2024-07-22T15:34:10+00:00","breadcrumb":{"@id":"https:\/\/informaticabalsi.com\/?product=hp-inkjet-officejet-8000#breadcrumb"},"inLanguage":"es","potentialAction":[{"@type":"ReadAction","target":["https:\/\/informaticabalsi.com\/?product=hp-inkjet-officejet-8000"]}]},{"@type":"ImageObject","inLanguage":"es","@id":"https:\/\/informaticabalsi.com\/?product=hp-inkjet-officejet-8000#primaryimage","url":"https:\/\/informaticabalsi.com\/wp-content\/uploads\/2024\/07\/impresora2.jpg","contentUrl":"https:\/\/informaticabalsi.com\/wp-content\/uploads\/2024\/07\/impresora2.jpg","width":120,"height":120},{"@type":"BreadcrumbList","@id":"https:\/\/informaticabalsi.com\/?product=hp-inkjet-officejet-8000#breadcrumb","itemListElement":[{"@type":"ListItem","position":1,"name":"Portada","item":"https:\/\/informaticabalsi.com\/"},{"@type":"ListItem","position":2,"name":"Tienda","item":"https:\/\/informaticabalsi.com\/?page_id=6"},{"@type":"ListItem","position":3,"name":"HP INKJET OFFICEJET 8000"}]},{"@type":"WebSite","@id":"https:\/\/informaticabalsi.com\/#website","url":"https:\/\/informaticabalsi.com\/","name":"Tienda","description":"","publisher":{"@id":"https:\/\/informaticabalsi.com\/#organization"},"potentialAction":[{"@type":"SearchAction","target":{"@type":"EntryPoint","urlTemplate":"https:\/\/informaticabalsi.com\/?s={search_term_string}"},"query-input":{"@type":"PropertyValueSpecification","valueRequired":true,"valueName":"search_term_string"}}],"inLanguage":"es"},{"@type":"Organization","@id":"https:\/\/informaticabalsi.com\/#organization","name":"Tienda","url":"https:\/\/informaticabalsi.com\/","logo":{"@type":"ImageObject","inLanguage":"es","@id":"https:\/\/informaticabalsi.com\/#\/schema\/logo\/image\/","url":"https:\/\/informaticabalsi.com\/wp-content\/uploads\/2025\/06\/Logo-nuevo-PNG.png","contentUrl":"https:\/\/informaticabalsi.com\/wp-content\/uploads\/2025\/06\/Logo-nuevo-PNG.png","width":1006,"height":327,"caption":"Tienda"},"image":{"@id":"https:\/\/informaticabalsi.com\/#\/schema\/logo\/image\/"}}]}},"jetpack_sharing_enabled":true,"_links":{"self":[{"href":"https:\/\/informaticabalsi.com\/index.php?rest_route=\/wp\/v2\/product\/995","targetHints":{"allow":["GET"]}}],"collection":[{"href":"https:\/\/informaticabalsi.com\/index.php?rest_route=\/wp\/v2\/product"}],"about":[{"href":"https:\/\/informaticabalsi.com\/index.php?rest_route=\/wp\/v2\/types\/product"}],"replies":[{"embeddable":true,"href":"https:\/\/informaticabalsi.com\/index.php?rest_route=%2Fwp%2Fv2%2Fcomments&post=995"}],"version-history":[{"count":0,"href":"https:\/\/informaticabalsi.com\/index.php?rest_route=\/wp\/v2\/product\/995\/revisions"}],"wp:featuredmedia":[{"embeddable":true,"href":"https:\/\/informaticabalsi.com\/index.php?rest_route=\/wp\/v2\/media\/996"}],"wp:attachment":[{"href":"https:\/\/informaticabalsi.com\/index.php?rest_route=%2Fwp%2Fv2%2Fmedia&parent=995"}],"wp:term":[{"taxonomy":"product_brand","embeddable":true,"href":"https:\/\/informaticabalsi.com\/index.php?rest_route=%2Fwp%2Fv2%2Fproduct_brand&post=995"},{"taxonomy":"product_cat","embeddable":true,"href":"https:\/\/informaticabalsi.com\/index.php?rest_route=%2Fwp%2Fv2%2Fproduct_cat&post=995"},{"taxonomy":"product_tag","embeddable":true,"href":"https:\/\/informaticabalsi.com\/index.php?rest_route=%2Fwp%2Fv2%2Fproduct_tag&post=995"}],"curies":[{"name":"wp","href":"https:\/\/api.w.org\/{rel}","templated":true}]}}