{"id":997,"date":"2024-07-22T15:35:38","date_gmt":"2024-07-22T15:35:38","guid":{"rendered":"https:\/\/informaticabalsi.com\/?post_type=product&#038;p=997"},"modified":"2024-07-22T15:35:38","modified_gmt":"2024-07-22T15:35:38","slug":"evolis-dualys3","status":"publish","type":"product","link":"https:\/\/informaticabalsi.com\/?product=evolis-dualys3","title":{"rendered":"EVOLIS DUALYS3"},"content":{"rendered":"<p>La impresora en color a doble cara para la personalizaci\u00f3n de tarjetas de pl\u00e1stico.<br \/>\nDotada del motor de impresi\u00f3n de doble cara m\u00e1s fiable del mercado, integra las \u00faltimas tecnolog\u00edas de codificaci\u00f3n (pista magn\u00e9tica ISO o JIS2 y tarjetas con chip con o sin contacto).<br \/>\nEstas opciones de codificaci\u00f3n pueden combinarse entre s\u00ed para la personalizaci\u00f3n de tarjetas multitecnolog\u00eda en una sola pasada, abriendo as\u00ed el camino a numerosas aplicaciones: identificaci\u00f3n, seguridad biom\u00e9trica, transporte, educaci\u00f3n, banca, ocio y fidelizaci\u00f3n.<br \/>\nImpresi\u00f3n y cabezal de impresi\u00f3n: garant\u00eda de 3 a\u00f1os, sin limite de impresiones cumpliendo con las condiciones espec\u00edficas de uso y mantenimiento, as\u00ed como a la utilizaci\u00f3n de consumibles originales. Sublimaci\u00f3n de color y transferencia t\u00e9rmica monocroma, impresi\u00f3n de borde a borde.<br \/>\nSistema avanzado de gesti\u00f3n de los colores, economizador de cinta integrado para la impresi\u00f3n en monocromo.<br \/>\nLa velocidad de impresi\u00f3n depende esencialmente del modelo de tarjeta y de los par\u00e1metros de impresi\u00f3n:<\/p>\n<p>* Color 1 cara (YMCKO): 150 tarjetas\/hora<br \/>\n* Color 2 caras (YMCKO-K): 125 tarjetas\/hora<br \/>\n* Monocromo 1 cara: hasta 1.000 tarjetas\/hora en condiciones especificas.<br \/>\n* Monocromo 2 caras: hasta 350 tarjetas\/hora en condiciones especificas. <\/p>\n","protected":false},"excerpt":{"rendered":"<p>La impresora en color a doble cara para la personalizaci\u00f3n de tarjetas de pl\u00e1stico.<br \/>\nDotada del motor de impresi\u00f3n de doble cara m\u00e1s fiable del mercado, integra las \u00faltimas tecnolog\u00edas de codificaci\u00f3n (pista magn\u00e9tica ISO o JIS2 y tarjetas con chip con o sin contacto).<br \/>\nEstas opciones de codificaci\u00f3n pueden combinarse entre s\u00ed para la personalizaci\u00f3n de tarjetas multitecnolog\u00eda en una sola pasada, abriendo as\u00ed el camino a numerosas aplicaciones: identificaci\u00f3n, seguridad biom\u00e9trica, transporte, educaci\u00f3n, banca, ocio y fidelizaci\u00f3n. <\/p>\n","protected":false},"featured_media":998,"comment_status":"open","ping_status":"closed","template":"","meta":[],"product_brand":[],"product_cat":[15],"product_tag":[],"class_list":{"0":"post-997","1":"product","2":"type-product","3":"status-publish","4":"has-post-thumbnail","6":"product_cat-sin-categorizar","8":"first","9":"instock","10":"shipping-taxable","11":"product-type-simple"},"yoast_head":"<!-- This site is optimized with the Yoast SEO plugin v27.4 - https:\/\/yoast.com\/product\/yoast-seo-wordpress\/ -->\n<title>EVOLIS DUALYS3 - Tienda<\/title>\n<meta name=\"robots\" content=\"index, follow, max-snippet:-1, max-image-preview:large, max-video-preview:-1\" \/>\n<link rel=\"canonical\" href=\"https:\/\/informaticabalsi.com\/?product=evolis-dualys3\" \/>\n<meta property=\"og:locale\" content=\"es_ES\" \/>\n<meta property=\"og:type\" content=\"article\" \/>\n<meta property=\"og:title\" content=\"EVOLIS DUALYS3 - Tienda\" \/>\n<meta property=\"og:description\" content=\"La impresora en color a doble cara para la personalizaci\u00f3n de tarjetas de pl\u00e1stico. Dotada del motor de impresi\u00f3n de doble cara m\u00e1s fiable del mercado, integra las \u00faltimas tecnolog\u00edas de codificaci\u00f3n (pista magn\u00e9tica ISO o JIS2 y tarjetas con chip con o sin contacto). Estas opciones de codificaci\u00f3n pueden combinarse entre s\u00ed para la personalizaci\u00f3n de tarjetas multitecnolog\u00eda en una sola pasada, abriendo as\u00ed el camino a numerosas aplicaciones: identificaci\u00f3n, seguridad biom\u00e9trica, transporte, educaci\u00f3n, banca, ocio y fidelizaci\u00f3n.\" \/>\n<meta property=\"og:url\" content=\"https:\/\/informaticabalsi.com\/?product=evolis-dualys3\" \/>\n<meta property=\"og:site_name\" content=\"Tienda\" \/>\n<meta property=\"og:image\" content=\"https:\/\/informaticabalsi.com\/wp-content\/uploads\/2024\/07\/impresora3.jpg\" \/>\n\t<meta property=\"og:image:width\" content=\"120\" \/>\n\t<meta property=\"og:image:height\" content=\"93\" \/>\n\t<meta property=\"og:image:type\" content=\"image\/jpeg\" \/>\n<meta name=\"twitter:card\" content=\"summary_large_image\" \/>\n<script type=\"application\/ld+json\" class=\"yoast-schema-graph\">{\"@context\":\"https:\\\/\\\/schema.org\",\"@graph\":[{\"@type\":\"WebPage\",\"@id\":\"https:\\\/\\\/informaticabalsi.com\\\/?product=evolis-dualys3\",\"url\":\"https:\\\/\\\/informaticabalsi.com\\\/?product=evolis-dualys3\",\"name\":\"EVOLIS DUALYS3 - Tienda\",\"isPartOf\":{\"@id\":\"https:\\\/\\\/informaticabalsi.com\\\/#website\"},\"primaryImageOfPage\":{\"@id\":\"https:\\\/\\\/informaticabalsi.com\\\/?product=evolis-dualys3#primaryimage\"},\"image\":{\"@id\":\"https:\\\/\\\/informaticabalsi.com\\\/?product=evolis-dualys3#primaryimage\"},\"thumbnailUrl\":\"https:\\\/\\\/informaticabalsi.com\\\/wp-content\\\/uploads\\\/2024\\\/07\\\/impresora3.jpg\",\"datePublished\":\"2024-07-22T15:35:38+00:00\",\"breadcrumb\":{\"@id\":\"https:\\\/\\\/informaticabalsi.com\\\/?product=evolis-dualys3#breadcrumb\"},\"inLanguage\":\"es\",\"potentialAction\":[{\"@type\":\"ReadAction\",\"target\":[\"https:\\\/\\\/informaticabalsi.com\\\/?product=evolis-dualys3\"]}]},{\"@type\":\"ImageObject\",\"inLanguage\":\"es\",\"@id\":\"https:\\\/\\\/informaticabalsi.com\\\/?product=evolis-dualys3#primaryimage\",\"url\":\"https:\\\/\\\/informaticabalsi.com\\\/wp-content\\\/uploads\\\/2024\\\/07\\\/impresora3.jpg\",\"contentUrl\":\"https:\\\/\\\/informaticabalsi.com\\\/wp-content\\\/uploads\\\/2024\\\/07\\\/impresora3.jpg\",\"width\":120,\"height\":93},{\"@type\":\"BreadcrumbList\",\"@id\":\"https:\\\/\\\/informaticabalsi.com\\\/?product=evolis-dualys3#breadcrumb\",\"itemListElement\":[{\"@type\":\"ListItem\",\"position\":1,\"name\":\"Portada\",\"item\":\"https:\\\/\\\/informaticabalsi.com\\\/\"},{\"@type\":\"ListItem\",\"position\":2,\"name\":\"Tienda\",\"item\":\"https:\\\/\\\/informaticabalsi.com\\\/?page_id=6\"},{\"@type\":\"ListItem\",\"position\":3,\"name\":\"EVOLIS DUALYS3\"}]},{\"@type\":\"WebSite\",\"@id\":\"https:\\\/\\\/informaticabalsi.com\\\/#website\",\"url\":\"https:\\\/\\\/informaticabalsi.com\\\/\",\"name\":\"Tienda\",\"description\":\"\",\"publisher\":{\"@id\":\"https:\\\/\\\/informaticabalsi.com\\\/#organization\"},\"potentialAction\":[{\"@type\":\"SearchAction\",\"target\":{\"@type\":\"EntryPoint\",\"urlTemplate\":\"https:\\\/\\\/informaticabalsi.com\\\/?s={search_term_string}\"},\"query-input\":{\"@type\":\"PropertyValueSpecification\",\"valueRequired\":true,\"valueName\":\"search_term_string\"}}],\"inLanguage\":\"es\"},{\"@type\":\"Organization\",\"@id\":\"https:\\\/\\\/informaticabalsi.com\\\/#organization\",\"name\":\"Tienda\",\"url\":\"https:\\\/\\\/informaticabalsi.com\\\/\",\"logo\":{\"@type\":\"ImageObject\",\"inLanguage\":\"es\",\"@id\":\"https:\\\/\\\/informaticabalsi.com\\\/#\\\/schema\\\/logo\\\/image\\\/\",\"url\":\"https:\\\/\\\/informaticabalsi.com\\\/wp-content\\\/uploads\\\/2025\\\/06\\\/Logo-nuevo-PNG.png\",\"contentUrl\":\"https:\\\/\\\/informaticabalsi.com\\\/wp-content\\\/uploads\\\/2025\\\/06\\\/Logo-nuevo-PNG.png\",\"width\":1006,\"height\":327,\"caption\":\"Tienda\"},\"image\":{\"@id\":\"https:\\\/\\\/informaticabalsi.com\\\/#\\\/schema\\\/logo\\\/image\\\/\"}}]}<\/script>\n<!-- \/ Yoast SEO plugin. -->","yoast_head_json":{"title":"EVOLIS DUALYS3 - Tienda","robots":{"index":"index","follow":"follow","max-snippet":"max-snippet:-1","max-image-preview":"max-image-preview:large","max-video-preview":"max-video-preview:-1"},"canonical":"https:\/\/informaticabalsi.com\/?product=evolis-dualys3","og_locale":"es_ES","og_type":"article","og_title":"EVOLIS DUALYS3 - Tienda","og_description":"La impresora en color a doble cara para la personalizaci\u00f3n de tarjetas de pl\u00e1stico. Dotada del motor de impresi\u00f3n de doble cara m\u00e1s fiable del mercado, integra las \u00faltimas tecnolog\u00edas de codificaci\u00f3n (pista magn\u00e9tica ISO o JIS2 y tarjetas con chip con o sin contacto). Estas opciones de codificaci\u00f3n pueden combinarse entre s\u00ed para la personalizaci\u00f3n de tarjetas multitecnolog\u00eda en una sola pasada, abriendo as\u00ed el camino a numerosas aplicaciones: identificaci\u00f3n, seguridad biom\u00e9trica, transporte, educaci\u00f3n, banca, ocio y fidelizaci\u00f3n.","og_url":"https:\/\/informaticabalsi.com\/?product=evolis-dualys3","og_site_name":"Tienda","og_image":[{"width":120,"height":93,"url":"https:\/\/informaticabalsi.com\/wp-content\/uploads\/2024\/07\/impresora3.jpg","type":"image\/jpeg"}],"twitter_card":"summary_large_image","schema":{"@context":"https:\/\/schema.org","@graph":[{"@type":"WebPage","@id":"https:\/\/informaticabalsi.com\/?product=evolis-dualys3","url":"https:\/\/informaticabalsi.com\/?product=evolis-dualys3","name":"EVOLIS DUALYS3 - Tienda","isPartOf":{"@id":"https:\/\/informaticabalsi.com\/#website"},"primaryImageOfPage":{"@id":"https:\/\/informaticabalsi.com\/?product=evolis-dualys3#primaryimage"},"image":{"@id":"https:\/\/informaticabalsi.com\/?product=evolis-dualys3#primaryimage"},"thumbnailUrl":"https:\/\/informaticabalsi.com\/wp-content\/uploads\/2024\/07\/impresora3.jpg","datePublished":"2024-07-22T15:35:38+00:00","breadcrumb":{"@id":"https:\/\/informaticabalsi.com\/?product=evolis-dualys3#breadcrumb"},"inLanguage":"es","potentialAction":[{"@type":"ReadAction","target":["https:\/\/informaticabalsi.com\/?product=evolis-dualys3"]}]},{"@type":"ImageObject","inLanguage":"es","@id":"https:\/\/informaticabalsi.com\/?product=evolis-dualys3#primaryimage","url":"https:\/\/informaticabalsi.com\/wp-content\/uploads\/2024\/07\/impresora3.jpg","contentUrl":"https:\/\/informaticabalsi.com\/wp-content\/uploads\/2024\/07\/impresora3.jpg","width":120,"height":93},{"@type":"BreadcrumbList","@id":"https:\/\/informaticabalsi.com\/?product=evolis-dualys3#breadcrumb","itemListElement":[{"@type":"ListItem","position":1,"name":"Portada","item":"https:\/\/informaticabalsi.com\/"},{"@type":"ListItem","position":2,"name":"Tienda","item":"https:\/\/informaticabalsi.com\/?page_id=6"},{"@type":"ListItem","position":3,"name":"EVOLIS DUALYS3"}]},{"@type":"WebSite","@id":"https:\/\/informaticabalsi.com\/#website","url":"https:\/\/informaticabalsi.com\/","name":"Tienda","description":"","publisher":{"@id":"https:\/\/informaticabalsi.com\/#organization"},"potentialAction":[{"@type":"SearchAction","target":{"@type":"EntryPoint","urlTemplate":"https:\/\/informaticabalsi.com\/?s={search_term_string}"},"query-input":{"@type":"PropertyValueSpecification","valueRequired":true,"valueName":"search_term_string"}}],"inLanguage":"es"},{"@type":"Organization","@id":"https:\/\/informaticabalsi.com\/#organization","name":"Tienda","url":"https:\/\/informaticabalsi.com\/","logo":{"@type":"ImageObject","inLanguage":"es","@id":"https:\/\/informaticabalsi.com\/#\/schema\/logo\/image\/","url":"https:\/\/informaticabalsi.com\/wp-content\/uploads\/2025\/06\/Logo-nuevo-PNG.png","contentUrl":"https:\/\/informaticabalsi.com\/wp-content\/uploads\/2025\/06\/Logo-nuevo-PNG.png","width":1006,"height":327,"caption":"Tienda"},"image":{"@id":"https:\/\/informaticabalsi.com\/#\/schema\/logo\/image\/"}}]}},"jetpack_sharing_enabled":true,"_links":{"self":[{"href":"https:\/\/informaticabalsi.com\/index.php?rest_route=\/wp\/v2\/product\/997","targetHints":{"allow":["GET"]}}],"collection":[{"href":"https:\/\/informaticabalsi.com\/index.php?rest_route=\/wp\/v2\/product"}],"about":[{"href":"https:\/\/informaticabalsi.com\/index.php?rest_route=\/wp\/v2\/types\/product"}],"replies":[{"embeddable":true,"href":"https:\/\/informaticabalsi.com\/index.php?rest_route=%2Fwp%2Fv2%2Fcomments&post=997"}],"version-history":[{"count":0,"href":"https:\/\/informaticabalsi.com\/index.php?rest_route=\/wp\/v2\/product\/997\/revisions"}],"wp:featuredmedia":[{"embeddable":true,"href":"https:\/\/informaticabalsi.com\/index.php?rest_route=\/wp\/v2\/media\/998"}],"wp:attachment":[{"href":"https:\/\/informaticabalsi.com\/index.php?rest_route=%2Fwp%2Fv2%2Fmedia&parent=997"}],"wp:term":[{"taxonomy":"product_brand","embeddable":true,"href":"https:\/\/informaticabalsi.com\/index.php?rest_route=%2Fwp%2Fv2%2Fproduct_brand&post=997"},{"taxonomy":"product_cat","embeddable":true,"href":"https:\/\/informaticabalsi.com\/index.php?rest_route=%2Fwp%2Fv2%2Fproduct_cat&post=997"},{"taxonomy":"product_tag","embeddable":true,"href":"https:\/\/informaticabalsi.com\/index.php?rest_route=%2Fwp%2Fv2%2Fproduct_tag&post=997"}],"curies":[{"name":"wp","href":"https:\/\/api.w.org\/{rel}","templated":true}]}}