{"id":999,"date":"2024-07-22T15:36:57","date_gmt":"2024-07-22T15:36:57","guid":{"rendered":"https:\/\/informaticabalsi.com\/?post_type=product&#038;p=999"},"modified":"2024-07-22T15:36:57","modified_gmt":"2024-07-22T15:36:57","slug":"evolis-pebble4","status":"publish","type":"product","link":"https:\/\/informaticabalsi.com\/?product=evolis-pebble4","title":{"rendered":"EVOLIS PEBBLE4"},"content":{"rendered":"<p>La impresora en color de una cara para la personalizaci\u00f3n de tarjetas de pl\u00e1stico.<br \/>\nDotada del motor de impresi\u00f3n m\u00e1s fiable del mercado, integra las \u00faltimas tecnolog\u00edas de codificaci\u00f3n (pista magn\u00e9tica ISO o JIS2 y tarjetas con chip con o sin contacto).<br \/>\nSublimaci\u00f3n de color y transferencia t\u00e9rmica monocroma, impresi\u00f3n de borde a borde.<br \/>\nSistema avanzado de gesti\u00f3n de los colores, economizador de cinta integrado para la impresi\u00f3n en monocromo. La velocidad de impresi\u00f3n depende esencialmente del modelo de tarjeta y de los par\u00e1metros de impresi\u00f3n:<\/p>\n<p>* Color (YMCKO): 150 tarjetas\/hora<br \/>\n* Monocromo: hasta 1.000 tarjetas\/hora en condiciones especificas.<\/p>\n<p>El precio indicado es para el modelo basico, existen otras variantes, consultenos<\/p>\n","protected":false},"excerpt":{"rendered":"<p>La impresora en color de una cara para la personalizaci\u00f3n de tarjetas de pl\u00e1stico.<br \/>\nDotada del motor de impresi\u00f3n m\u00e1s fiable del mercado, integra las \u00faltimas tecnolog\u00edas de codificaci\u00f3n (pista magn\u00e9tica ISO o JIS2 y tarjetas con chip con o sin contacto).<br \/>\nSublimaci\u00f3n de color y transferencia t\u00e9rmica monocroma, impresi\u00f3n de borde a borde.<\/p>\n","protected":false},"featured_media":1000,"comment_status":"open","ping_status":"closed","template":"","meta":[],"product_brand":[],"product_cat":[15],"product_tag":[],"class_list":{"0":"post-999","1":"product","2":"type-product","3":"status-publish","4":"has-post-thumbnail","6":"product_cat-sin-categorizar","8":"first","9":"instock","10":"shipping-taxable","11":"product-type-simple"},"yoast_head":"<!-- This site is optimized with the Yoast SEO plugin v27.4 - https:\/\/yoast.com\/product\/yoast-seo-wordpress\/ -->\n<title>EVOLIS PEBBLE4 - Tienda<\/title>\n<meta name=\"robots\" content=\"index, follow, max-snippet:-1, max-image-preview:large, max-video-preview:-1\" \/>\n<link rel=\"canonical\" href=\"https:\/\/informaticabalsi.com\/?product=evolis-pebble4\" \/>\n<meta property=\"og:locale\" content=\"es_ES\" \/>\n<meta property=\"og:type\" content=\"article\" \/>\n<meta property=\"og:title\" content=\"EVOLIS PEBBLE4 - Tienda\" \/>\n<meta property=\"og:description\" content=\"La impresora en color de una cara para la personalizaci\u00f3n de tarjetas de pl\u00e1stico. Dotada del motor de impresi\u00f3n m\u00e1s fiable del mercado, integra las \u00faltimas tecnolog\u00edas de codificaci\u00f3n (pista magn\u00e9tica ISO o JIS2 y tarjetas con chip con o sin contacto). Sublimaci\u00f3n de color y transferencia t\u00e9rmica monocroma, impresi\u00f3n de borde a borde.\" \/>\n<meta property=\"og:url\" content=\"https:\/\/informaticabalsi.com\/?product=evolis-pebble4\" \/>\n<meta property=\"og:site_name\" content=\"Tienda\" \/>\n<meta property=\"og:image\" content=\"https:\/\/informaticabalsi.com\/wp-content\/uploads\/2024\/07\/impresora4.jpg\" \/>\n\t<meta property=\"og:image:width\" content=\"120\" \/>\n\t<meta property=\"og:image:height\" content=\"93\" \/>\n\t<meta property=\"og:image:type\" content=\"image\/jpeg\" \/>\n<meta name=\"twitter:card\" content=\"summary_large_image\" \/>\n<meta name=\"twitter:label1\" content=\"Tiempo de lectura\" \/>\n\t<meta name=\"twitter:data1\" content=\"1 minuto\" \/>\n<script type=\"application\/ld+json\" class=\"yoast-schema-graph\">{\"@context\":\"https:\\\/\\\/schema.org\",\"@graph\":[{\"@type\":\"WebPage\",\"@id\":\"https:\\\/\\\/informaticabalsi.com\\\/?product=evolis-pebble4\",\"url\":\"https:\\\/\\\/informaticabalsi.com\\\/?product=evolis-pebble4\",\"name\":\"EVOLIS PEBBLE4 - Tienda\",\"isPartOf\":{\"@id\":\"https:\\\/\\\/informaticabalsi.com\\\/#website\"},\"primaryImageOfPage\":{\"@id\":\"https:\\\/\\\/informaticabalsi.com\\\/?product=evolis-pebble4#primaryimage\"},\"image\":{\"@id\":\"https:\\\/\\\/informaticabalsi.com\\\/?product=evolis-pebble4#primaryimage\"},\"thumbnailUrl\":\"https:\\\/\\\/informaticabalsi.com\\\/wp-content\\\/uploads\\\/2024\\\/07\\\/impresora4.jpg\",\"datePublished\":\"2024-07-22T15:36:57+00:00\",\"breadcrumb\":{\"@id\":\"https:\\\/\\\/informaticabalsi.com\\\/?product=evolis-pebble4#breadcrumb\"},\"inLanguage\":\"es\",\"potentialAction\":[{\"@type\":\"ReadAction\",\"target\":[\"https:\\\/\\\/informaticabalsi.com\\\/?product=evolis-pebble4\"]}]},{\"@type\":\"ImageObject\",\"inLanguage\":\"es\",\"@id\":\"https:\\\/\\\/informaticabalsi.com\\\/?product=evolis-pebble4#primaryimage\",\"url\":\"https:\\\/\\\/informaticabalsi.com\\\/wp-content\\\/uploads\\\/2024\\\/07\\\/impresora4.jpg\",\"contentUrl\":\"https:\\\/\\\/informaticabalsi.com\\\/wp-content\\\/uploads\\\/2024\\\/07\\\/impresora4.jpg\",\"width\":120,\"height\":93},{\"@type\":\"BreadcrumbList\",\"@id\":\"https:\\\/\\\/informaticabalsi.com\\\/?product=evolis-pebble4#breadcrumb\",\"itemListElement\":[{\"@type\":\"ListItem\",\"position\":1,\"name\":\"Portada\",\"item\":\"https:\\\/\\\/informaticabalsi.com\\\/\"},{\"@type\":\"ListItem\",\"position\":2,\"name\":\"Tienda\",\"item\":\"https:\\\/\\\/informaticabalsi.com\\\/?page_id=6\"},{\"@type\":\"ListItem\",\"position\":3,\"name\":\"EVOLIS PEBBLE4\"}]},{\"@type\":\"WebSite\",\"@id\":\"https:\\\/\\\/informaticabalsi.com\\\/#website\",\"url\":\"https:\\\/\\\/informaticabalsi.com\\\/\",\"name\":\"Tienda\",\"description\":\"\",\"publisher\":{\"@id\":\"https:\\\/\\\/informaticabalsi.com\\\/#organization\"},\"potentialAction\":[{\"@type\":\"SearchAction\",\"target\":{\"@type\":\"EntryPoint\",\"urlTemplate\":\"https:\\\/\\\/informaticabalsi.com\\\/?s={search_term_string}\"},\"query-input\":{\"@type\":\"PropertyValueSpecification\",\"valueRequired\":true,\"valueName\":\"search_term_string\"}}],\"inLanguage\":\"es\"},{\"@type\":\"Organization\",\"@id\":\"https:\\\/\\\/informaticabalsi.com\\\/#organization\",\"name\":\"Tienda\",\"url\":\"https:\\\/\\\/informaticabalsi.com\\\/\",\"logo\":{\"@type\":\"ImageObject\",\"inLanguage\":\"es\",\"@id\":\"https:\\\/\\\/informaticabalsi.com\\\/#\\\/schema\\\/logo\\\/image\\\/\",\"url\":\"https:\\\/\\\/informaticabalsi.com\\\/wp-content\\\/uploads\\\/2025\\\/06\\\/Logo-nuevo-PNG.png\",\"contentUrl\":\"https:\\\/\\\/informaticabalsi.com\\\/wp-content\\\/uploads\\\/2025\\\/06\\\/Logo-nuevo-PNG.png\",\"width\":1006,\"height\":327,\"caption\":\"Tienda\"},\"image\":{\"@id\":\"https:\\\/\\\/informaticabalsi.com\\\/#\\\/schema\\\/logo\\\/image\\\/\"}}]}<\/script>\n<!-- \/ Yoast SEO plugin. -->","yoast_head_json":{"title":"EVOLIS PEBBLE4 - Tienda","robots":{"index":"index","follow":"follow","max-snippet":"max-snippet:-1","max-image-preview":"max-image-preview:large","max-video-preview":"max-video-preview:-1"},"canonical":"https:\/\/informaticabalsi.com\/?product=evolis-pebble4","og_locale":"es_ES","og_type":"article","og_title":"EVOLIS PEBBLE4 - Tienda","og_description":"La impresora en color de una cara para la personalizaci\u00f3n de tarjetas de pl\u00e1stico. Dotada del motor de impresi\u00f3n m\u00e1s fiable del mercado, integra las \u00faltimas tecnolog\u00edas de codificaci\u00f3n (pista magn\u00e9tica ISO o JIS2 y tarjetas con chip con o sin contacto). Sublimaci\u00f3n de color y transferencia t\u00e9rmica monocroma, impresi\u00f3n de borde a borde.","og_url":"https:\/\/informaticabalsi.com\/?product=evolis-pebble4","og_site_name":"Tienda","og_image":[{"width":120,"height":93,"url":"https:\/\/informaticabalsi.com\/wp-content\/uploads\/2024\/07\/impresora4.jpg","type":"image\/jpeg"}],"twitter_card":"summary_large_image","twitter_misc":{"Tiempo de lectura":"1 minuto"},"schema":{"@context":"https:\/\/schema.org","@graph":[{"@type":"WebPage","@id":"https:\/\/informaticabalsi.com\/?product=evolis-pebble4","url":"https:\/\/informaticabalsi.com\/?product=evolis-pebble4","name":"EVOLIS PEBBLE4 - Tienda","isPartOf":{"@id":"https:\/\/informaticabalsi.com\/#website"},"primaryImageOfPage":{"@id":"https:\/\/informaticabalsi.com\/?product=evolis-pebble4#primaryimage"},"image":{"@id":"https:\/\/informaticabalsi.com\/?product=evolis-pebble4#primaryimage"},"thumbnailUrl":"https:\/\/informaticabalsi.com\/wp-content\/uploads\/2024\/07\/impresora4.jpg","datePublished":"2024-07-22T15:36:57+00:00","breadcrumb":{"@id":"https:\/\/informaticabalsi.com\/?product=evolis-pebble4#breadcrumb"},"inLanguage":"es","potentialAction":[{"@type":"ReadAction","target":["https:\/\/informaticabalsi.com\/?product=evolis-pebble4"]}]},{"@type":"ImageObject","inLanguage":"es","@id":"https:\/\/informaticabalsi.com\/?product=evolis-pebble4#primaryimage","url":"https:\/\/informaticabalsi.com\/wp-content\/uploads\/2024\/07\/impresora4.jpg","contentUrl":"https:\/\/informaticabalsi.com\/wp-content\/uploads\/2024\/07\/impresora4.jpg","width":120,"height":93},{"@type":"BreadcrumbList","@id":"https:\/\/informaticabalsi.com\/?product=evolis-pebble4#breadcrumb","itemListElement":[{"@type":"ListItem","position":1,"name":"Portada","item":"https:\/\/informaticabalsi.com\/"},{"@type":"ListItem","position":2,"name":"Tienda","item":"https:\/\/informaticabalsi.com\/?page_id=6"},{"@type":"ListItem","position":3,"name":"EVOLIS PEBBLE4"}]},{"@type":"WebSite","@id":"https:\/\/informaticabalsi.com\/#website","url":"https:\/\/informaticabalsi.com\/","name":"Tienda","description":"","publisher":{"@id":"https:\/\/informaticabalsi.com\/#organization"},"potentialAction":[{"@type":"SearchAction","target":{"@type":"EntryPoint","urlTemplate":"https:\/\/informaticabalsi.com\/?s={search_term_string}"},"query-input":{"@type":"PropertyValueSpecification","valueRequired":true,"valueName":"search_term_string"}}],"inLanguage":"es"},{"@type":"Organization","@id":"https:\/\/informaticabalsi.com\/#organization","name":"Tienda","url":"https:\/\/informaticabalsi.com\/","logo":{"@type":"ImageObject","inLanguage":"es","@id":"https:\/\/informaticabalsi.com\/#\/schema\/logo\/image\/","url":"https:\/\/informaticabalsi.com\/wp-content\/uploads\/2025\/06\/Logo-nuevo-PNG.png","contentUrl":"https:\/\/informaticabalsi.com\/wp-content\/uploads\/2025\/06\/Logo-nuevo-PNG.png","width":1006,"height":327,"caption":"Tienda"},"image":{"@id":"https:\/\/informaticabalsi.com\/#\/schema\/logo\/image\/"}}]}},"jetpack_sharing_enabled":true,"_links":{"self":[{"href":"https:\/\/informaticabalsi.com\/index.php?rest_route=\/wp\/v2\/product\/999","targetHints":{"allow":["GET"]}}],"collection":[{"href":"https:\/\/informaticabalsi.com\/index.php?rest_route=\/wp\/v2\/product"}],"about":[{"href":"https:\/\/informaticabalsi.com\/index.php?rest_route=\/wp\/v2\/types\/product"}],"replies":[{"embeddable":true,"href":"https:\/\/informaticabalsi.com\/index.php?rest_route=%2Fwp%2Fv2%2Fcomments&post=999"}],"version-history":[{"count":0,"href":"https:\/\/informaticabalsi.com\/index.php?rest_route=\/wp\/v2\/product\/999\/revisions"}],"wp:featuredmedia":[{"embeddable":true,"href":"https:\/\/informaticabalsi.com\/index.php?rest_route=\/wp\/v2\/media\/1000"}],"wp:attachment":[{"href":"https:\/\/informaticabalsi.com\/index.php?rest_route=%2Fwp%2Fv2%2Fmedia&parent=999"}],"wp:term":[{"taxonomy":"product_brand","embeddable":true,"href":"https:\/\/informaticabalsi.com\/index.php?rest_route=%2Fwp%2Fv2%2Fproduct_brand&post=999"},{"taxonomy":"product_cat","embeddable":true,"href":"https:\/\/informaticabalsi.com\/index.php?rest_route=%2Fwp%2Fv2%2Fproduct_cat&post=999"},{"taxonomy":"product_tag","embeddable":true,"href":"https:\/\/informaticabalsi.com\/index.php?rest_route=%2Fwp%2Fv2%2Fproduct_tag&post=999"}],"curies":[{"name":"wp","href":"https:\/\/api.w.org\/{rel}","templated":true}]}}